{"id":718,"date":"2025-12-24T13:18:51","date_gmt":"2025-12-24T13:18:51","guid":{"rendered":"https:\/\/meditapes.com\/?post_type=product&#038;p=718"},"modified":"2025-12-24T13:18:52","modified_gmt":"2025-12-24T13:18:52","slug":"medizinischer-schlauchverband-groshandel","status":"publish","type":"product","link":"https:\/\/meditapes.com\/de\/produkt\/medizinischer-schlauchverband-groshandel\/","title":{"rendered":"Gro\u00dfhandel medizinischer Schlauchverband 30m \u2013 Gro\u00dflieferant f\u00fcr individuelle Gr\u00f6\u00dfen"},"content":{"rendered":"<h1 id=\"wholesale-medical-tube-bandage-30m-custom-size-bulk-supplier\">Gro\u00dfhandel medizinischer Schlauchverband 30m \u2013 Gro\u00dflieferant f\u00fcr individuelle Gr\u00f6\u00dfen<\/h1>\n<h3 id=\"-product-overview-your-direct-factory-partner-\"><strong>Produkt\u00fcbersicht: Ihr direkter Fabrikpartner<\/strong><\/h3>\n<p><strong>Suchen Sie nach einer direkten Fabrik f\u00fcr medizinische Schlauchverb\u00e4nde?<\/strong> Suchen Sie nicht weiter als <strong>MediTapes<\/strong>. Wir sind spezialisiert auf die Herstellung hochwertiger Produkte in Krankenhausqualit\u00e4t <strong>Gro\u00dfhandelsbinden<\/strong> L\u00f6sungen, die f\u00fcr den globalen medizinischen Markt entwickelt wurden. Unser Flaggschiff <strong>30m medizinischer Gro\u00dfvorrat<\/strong> Rollen sind so konzipiert, dass sie den strengen Anforderungen von Gesundheitseinrichtungen gerecht werden und ein hervorragendes Gleichgewicht zwischen Kosteneffizienz und klinischer Leistung bieten.<\/p>\n<p>Als engagierter B2B-Lieferant verstehen wir, dass Gro\u00dfbetriebe mehr als nur ein Produkt ben\u00f6tigen; sie ben\u00f6tigen eine Partnerschaft. Deshalb ist unsere <strong>Medizinischer Schlauchverband<\/strong> Produktionslinie auf Flexibilit\u00e4t optimiert. Ganz gleich, ob Sie standardm\u00e4\u00dfige wei\u00dfe elastische Netzverb\u00e4nde oder spezifische Materialmischungen ben\u00f6tigen, unser <strong>Schlauchbandage<\/strong> unterst\u00fctzt umfangreiche <strong>individuelle Bandagen-<\/strong> Anforderungen, einschlie\u00dflich Private Labeling, individueller Kartondesigns und variabler Breitenspezifikationen. Durch den Verzicht auf Zwischenh\u00e4ndler stellt MediTapes sicher, dass Sie die wettbewerbsf\u00e4higsten Gro\u00dfhandelspreise erhalten, ohne Kompromisse bei der Qualit\u00e4t einzugehen.<\/p>\n<h3 id=\"-key-features-for-bulk-buyers-\"><strong>Hauptmerkmale f\u00fcr Gro\u00dfabnehmer<\/strong><\/h3>\n<ul>\n<li><strong>Erweiterte 30m L\u00e4nge:<\/strong> Im Gegensatz zu Standard-Einzelhandelspackungen (oft 10m) sind unsere <strong>30-Meter-Rollen<\/strong> f\u00fcr den professionellen Einsatz konzipiert, was die H\u00e4ufigkeit des Rollenwechsels in gesch\u00e4ftigen Kliniken erheblich reduziert und Verpackungsm\u00fcll minimiert.<\/li>\n<li><strong>Preise direkt ab Werk:<\/strong> Wir bieten gestaffelte Mengenrabatte an, was uns zum idealen Partner f\u00fcr Ausschreibungen und den gro\u00dffl\u00e4chigen Vertrieb macht.<\/li>\n<li><strong>Bereit f\u00fcr OEM &amp; Private Label:<\/strong> Wir bieten vollst\u00e4ndige <strong>individuelle Bandagen-<\/strong> Dienstleistungen. Ihr Markenlogo, spezifische Farbcodes und mehrsprachige Anweisungen k\u00f6nnen direkt auf die Verpackung gedruckt werden.<\/li>\n<li><strong>Hochwertige Materialzusammensetzung:<\/strong> Hergestellt aus einer langlebigen, atmungsaktiven Mischung (typischerweise Baumwolle &amp; Elasthan), die eine gleichbleibende Elastizit\u00e4tserholung gew\u00e4hrleistet, selbst nach langfristiger Lagerung.<\/li>\n<li><strong>Globale Compliance:<\/strong> Unsere Herstellungsprozesse entsprechen internationalen medizinischen Standards, was gew\u00e4hrleistet, dass unsere <strong>Gro\u00dfhandelsbinden<\/strong> Produkte sicher f\u00fcr den Export in wichtige M\u00e4rkte wie Europa, Nordamerika und Asien sind.<\/li>\n<\/ul>\n<h3 id=\"-product-specifications-\"><strong>Produktspezifikationen<\/strong><\/h3>\n<table>\n<thead>\n<tr>\n<th style=\"text-align: left;\">Spezifikation<\/th>\n<th style=\"text-align: left;\">Details<\/th>\n<\/tr>\n<\/thead>\n<tbody>\n<tr>\n<td style=\"text-align: left;\"><strong>Produktname<\/strong><\/td>\n<td style=\"text-align: left;\">Gro\u00dfhandel Medizinische Schlauchverband-Rolle<\/td>\n<\/tr>\n<tr>\n<td style=\"text-align: left;\"><strong>Modellnummer<\/strong><\/td>\n<td style=\"text-align: left;\">MT-TB-30M-Gro\u00dfpackung<\/td>\n<\/tr>\n<tr>\n<td style=\"text-align: left;\"><strong>Material<\/strong><\/td>\n<td style=\"text-align: left;\">Elastisches Baumwollgemisch \/ Polyamid (Anpassbar)<\/td>\n<\/tr>\n<tr>\n<td style=\"text-align: left;\"><strong>Farbe<\/strong><\/td>\n<td style=\"text-align: left;\"><strong>Wei\u00df<\/strong> (Standard) \/ Natur \/ Hautfarben<\/td>\n<\/tr>\n<tr>\n<td style=\"text-align: left;\"><strong>Rollenl\u00e4nge<\/strong><\/td>\n<td style=\"text-align: left;\"><strong>30 Min.<\/strong> (ca. 33 Yards) \u2013 <em>Rolle mit hoher Ergiebigkeit<\/em><\/td>\n<\/tr>\n<tr>\n<td style=\"text-align: left;\"><strong>Verf\u00fcgbare Breiten<\/strong><\/td>\n<td style=\"text-align: left;\"><strong>5 cm, 7,5 cm, 10 cm<\/strong> (Individuelle Breiten auf Anfrage erh\u00e4ltlich)<\/td>\n<\/tr>\n<tr>\n<td style=\"text-align: left;\"><strong>Verpackung<\/strong><\/td>\n<td style=\"text-align: left;\">Spenderbox \/ Gro\u00dfkartons \/ <strong>Individuelle Verpackung<\/strong><\/td>\n<\/tr>\n<tr>\n<td style=\"text-align: left;\"><strong>Mindestbestellmenge (MOQ)<\/strong><\/td>\n<td style=\"text-align: left;\">Flexibel f\u00fcr Probebestellungen; ab 1000 Rollen f\u00fcr OEM<\/td>\n<\/tr>\n<tr>\n<td style=\"text-align: left;\"><strong>Haltbarkeit<\/strong><\/td>\n<td style=\"text-align: left;\">5 Jahre<\/td>\n<\/tr>\n<\/tbody>\n<\/table>\n<h3 id=\"-why-choose-meditapes-as-your-supplier-\"><strong>Warum MediTapes als Ihren Lieferanten w\u00e4hlen?<\/strong><\/h3>\n<p>In der Wettbewerbslandschaft von <strong>Gro\u00dfhandelslieferant f\u00fcr medizinischen Bedarf<\/strong>, ist Best\u00e4ndigkeit entscheidend. MediTapes zeichnet sich aus durch:<\/p>\n<ol>\n<li><strong>Stabilit\u00e4t der Lieferkette:<\/strong> Wir unterhalten einen robusten Rohstoffbestand, um stabile Lieferzeiten zu gew\u00e4hrleisten, selbst bei globalen Lieferkettenschwankungen.<\/li>\n<li><strong>Anpassungsm\u00f6glichkeiten:<\/strong> Von der Webspannung bis hin zur Dicke des Kartons \u2013 jeder Aspekt unseres <strong>individuelle Bandagen-<\/strong> Services ist auf die Bed\u00fcrfnisse Ihres Marktes zugeschnitten.<\/li>\n<li><strong>Qualit\u00e4tskontrolle:<\/strong> Jede Charge wird vor dem Verlassen unseres Werks strengen Tests auf Dehnbarkeit, Atmungsaktivit\u00e4t und Laufmaschenfestigkeit unterzogen.<\/li>\n<li><strong>Logistik-Expertise:<\/strong> Wir verf\u00fcgen \u00fcber umfangreiche Erfahrung in der Maximierung von Containerladungen und gew\u00e4hrleisten so die niedrigsten Versandkosten pro Einheit f\u00fcr Ihre <strong>Gro\u00dfhandelsbinden<\/strong> bestellungen.<\/li>\n<\/ol>\n<h3 id=\"-applications-target-markets-\"><strong>Anwendungen &amp; Zielm\u00e4rkte<\/strong><\/h3>\n<p>Unsere <strong>Medizinischer Schlauchverband 30m<\/strong> Rollen sind die bevorzugte Wahl f\u00fcr:<\/p>\n<ul>\n<li><strong>\u00d6ffentliche Krankenh\u00e4user &amp; Kliniken:<\/strong> F\u00fcr die t\u00e4gliche Wundversorgung, orthop\u00e4dische Gipspolsterung und Kompressionstherapie.<\/li>\n<li><strong>Rettungsdienste:<\/strong> Verbrauchsmaterialien in gro\u00dfen Mengen, die f\u00fcr Katastrophenhilfe-Kits und Rettungsdienste ben\u00f6tigt werden.<\/li>\n<li><strong>Sportmedizinische Zentren:<\/strong> Effektive Unterst\u00fctzung bei Verstauchungen, Zerrungen und Weichteilverletzungen bei Sportlern.<\/li>\n<li><strong>Apothekenketten:<\/strong> Eigenmarkenprodukte, die unter dem eigenen Markennamen der Apotheke verkauft werden.<\/li>\n<li><strong>Industrielle Sicherheits-Kits:<\/strong> Wesentliche Bestandteile f\u00fcr Erste-Hilfe-R\u00e4ume an Arbeitspl\u00e4tzen in Fabriken und auf Baustellen.<\/li>\n<\/ul>\n<h3 id=\"-packaging-shipping-information-\"><strong>Verpackungs- &amp; Versandinformationen<\/strong><\/h3>\n<ul>\n<li><strong>Innenverpackung:<\/strong> Jede 30-m-Rolle ist in einem sch\u00fctzenden Polybeutel versiegelt, um die Hygiene zu gew\u00e4hrleisten, bevor sie in eine Spenderbox gelegt wird.<\/li>\n<li><strong>Umkarton:<\/strong> Starke, doppelwandige Wellpappe, konzipiert f\u00fcr die Palettierung und den internationalen Seefrachtversand.<\/li>\n<li><strong>Lieferbedingungen:<\/strong> Wir unterst\u00fctzen die Incoterms FOB, CIF und EXW. Kontaktieren Sie uns f\u00fcr ein Frachtangebot zu Ihrem Zielhafen.<\/li>\n<\/ul>\n<hr \/>\n<h3 id=\"-faq-frequently-asked-questions-\"><strong>FAQ (H\u00e4ufig gestellte Fragen)<\/strong><\/h3>\n<p><strong>F: Kann ich ein Muster erhalten, bevor ich eine Gro\u00dfbestellung aufgebe?<\/strong><br \/>\nA: Ja, wir empfehlen die Bemusterung ausdr\u00fccklich. Kontaktieren Sie uns unter <a href=\"mailto:info@meditapes.com\" target=\"_blank\" rel=\"noopener\">info@meditapes.com<\/a> um ein <strong>Gro\u00dfhandelsbinden<\/strong> Musterset anzufordern, das unsere Breiten 5 cm, 7,5 cm und 10 cm umfasst.<\/p>\n<p><strong>F: Welche M\u00f6glichkeiten gibt es f\u00fcr kundenindividuelle Bandagenverpackungen?<\/strong><br \/>\nA: Wir k\u00f6nnen Ihr Design auf die Einzelverpackung und den Umkarton drucken. Auch die Gebrauchsanweisung im Inneren k\u00f6nnen wir individuell anpassen. Unser Designteam unterst\u00fctzt Sie bei Bedarf bei der Gestaltung.<\/p>\n<p><strong>F: Wie hoch ist die Lieferzeit f\u00fcr eine Bestellung eines 20-Fu\u00df-Containers?<\/strong><br \/>\nA: Normalerweise dauert die Produktion f\u00fcr eine Standardbestellung <strong>Gro\u00dfhandelslieferant f\u00fcr medizinischen Bedarf<\/strong> nach Best\u00e4tigung der Druckvorlage 20-30 Tage.<\/p>\n<p><strong>F: Bieten Sie neben 30 m auch andere Gr\u00f6\u00dfen an?<\/strong><br \/>\nA: W\u00e4hrend 30 m unsere Standard-Gro\u00dfhandelsgr\u00f6\u00dfe ist, k\u00f6nnen wir als Direkthersteller auf Anfrage Rollen in 10 m, 20 m oder sogar gr\u00f6\u00dferen Industrieformaten fertigen.<\/p>\n<hr \/>\n<h3 id=\"-contact-us-for-a-quote-\"><strong>Kontaktieren Sie uns f\u00fcr ein Angebot<\/strong><\/h3>\n<p>Sind Sie bereit, Ihre Lieferkette mit einem zuverl\u00e4ssigen <strong>Gro\u00dfhandelsbinden<\/strong> Partner zu optimieren? Holen Sie sich noch heute Ihr individuelles Angebot f\u00fcr <strong>Medizinischer Schlauchverband 30m<\/strong> Rollen ein.<\/p>\n<ul>\n<li><strong>Unternehmensname:<\/strong> MediTapes<\/li>\n<li><strong>Website:<\/strong> <a href=\"https:\/\/meditapes.com\/de\/\" target=\"_blank\" rel=\"noopener\">https:\/\/meditapes.com\/<\/a><\/li>\n<li><strong>E-Mail:<\/strong> <a href=\"mailto:info@meditapes.com\" target=\"_blank\" rel=\"noopener\">info@meditapes.com<\/a><\/li>\n<li><strong>Kontaktseite:<\/strong> <a href=\"https:\/\/meditapes.com\/de\/kontaktieren-sie-uns\/\" target=\"_blank\" rel=\"noopener\">https:\/\/meditapes.com\/contact-us\/<\/a><\/li>\n<\/ul>","protected":false},"excerpt":{"rendered":"<p>Suchen Sie nach einer direkten Fabrik f\u00fcr medizinische Schlauchverb\u00e4nde? Wir bieten 30-Meter-Gro\u00dfrollen in verschiedenen Breiten an. Unsere Schlauchverb\u00e4nde unterst\u00fctzen individuelle Verpackungsanforderungen. Kontaktieren Sie uns f\u00fcr wettbewerbsf\u00e4hige Gro\u00dfhandelspreise f\u00fcr Schlauchverb\u00e4nde und zuverl\u00e4ssigen weltweiten Versand f\u00fcr Gro\u00dfbestellungen.<\/p>","protected":false},"featured_media":719,"template":"","meta":[],"product_brand":[28],"product_cat":[26,305],"product_tag":[509,631,559,630],"class_list":{"0":"post-718","1":"product","2":"type-product","3":"status-publish","4":"has-post-thumbnail","6":"product_brand-meditapes","7":"product_cat-elastic-bandages","8":"product_cat-tube-bandage","9":"product_tag-bulk-medical-supply","10":"product_tag-custom-bandage","11":"product_tag-wholesale-bandage","12":"product_tag-wholesale-medical-tube-bandage","14":"first","15":"instock","16":"shipping-taxable","17":"product-type-simple"},"_links":{"self":[{"href":"https:\/\/meditapes.com\/de\/wp-json\/wp\/v2\/product\/718","targetHints":{"allow":["GET"]}}],"collection":[{"href":"https:\/\/meditapes.com\/de\/wp-json\/wp\/v2\/product"}],"about":[{"href":"https:\/\/meditapes.com\/de\/wp-json\/wp\/v2\/types\/product"}],"wp:featuredmedia":[{"embeddable":true,"href":"https:\/\/meditapes.com\/de\/wp-json\/wp\/v2\/media\/719"}],"wp:attachment":[{"href":"https:\/\/meditapes.com\/de\/wp-json\/wp\/v2\/media?parent=718"}],"wp:term":[{"taxonomy":"product_brand","embeddable":true,"href":"https:\/\/meditapes.com\/de\/wp-json\/wp\/v2\/product_brand?post=718"},{"taxonomy":"product_cat","embeddable":true,"href":"https:\/\/meditapes.com\/de\/wp-json\/wp\/v2\/product_cat?post=718"},{"taxonomy":"product_tag","embeddable":true,"href":"https:\/\/meditapes.com\/de\/wp-json\/wp\/v2\/product_tag?post=718"}],"curies":[{"name":"WP","href":"https:\/\/api.w.org\/{rel}","templated":true}]}}