{"id":702,"date":"2025-12-24T12:09:15","date_gmt":"2025-12-24T12:09:15","guid":{"rendered":"https:\/\/meditapes.com\/?post_type=product&#038;p=702"},"modified":"2025-12-24T12:09:17","modified_gmt":"2025-12-24T12:09:17","slug":"custom-package-orthopedic-padding","status":"publish","type":"product","link":"https:\/\/meditapes.com\/de\/produkt\/custom-package-orthopedic-padding\/","title":{"rendered":"Individuelle Verpackung orthop\u00e4dische Polsterung \u2013 Hersteller weicher Polsterwatte unter dem Gips"},"content":{"rendered":"<h1 id=\"custom-package-orthopedic-padding-soft-under-cast-padding-manufacturer\">Individuelle Verpackung orthop\u00e4dische Polsterung \u2013 Hersteller weicher Polsterwatte unter dem Gips<\/h1>\n<p><strong>Hersteller:<\/strong> MediTapes | <strong>Service:<\/strong> OEM \/ ODM \/ Eigenmarke<\/p>\n<hr \/>\n<h2 id=\"-introduction-your-trusted-medical-consumables-factory-\"><strong>Einleitung: Ihre vertrauensw\u00fcrdige Fabrik f\u00fcr medizinische Verbrauchsmaterialien<\/strong><\/h2>\n<p>Bei <strong>MediTapes<\/strong>, wir sind darauf spezialisiert, hochwertige L\u00f6sungen f\u00fcr das Frakturmanagement anzubieten, die auf die spezifischen Bed\u00fcrfnisse Ihrer Marke zugeschnitten sind. Als f\u00fchrende <strong>Fabrik f\u00fcr medizinische Verbrauchsmaterialien<\/strong>, verstehen wir, dass B2B-Kunden \u2013 vom Einkaufsleiter im Krankenhaus bis zum medizinischen Fachh\u00e4ndler \u2013 nicht nur ein Produkt, sondern eine Komplettl\u00f6sung ben\u00f6tigen.<\/p>\n<p>Unsere <strong>Individuell verpackte orthop\u00e4dische Polsterwatte<\/strong> ist darauf ausgelegt, die perfekte Balance zwischen Patientenkomfort und klinischer Effizienz zu bieten. Als Schutzbarriere zwischen der Haut und starren Gipsmaterialien reduziert unsere Polsterung das Risiko von Hautmazerationen und Druckgeschw\u00fcren. Wir sind stolz darauf, ein f\u00fchrender Hersteller zu sein, der <strong>OEM orthop\u00e4dische Polsterwatte<\/strong> -Dienstleistungen anbietet, die es Ihnen erm\u00f6glichen, alles von der Materialzusammensetzung bis zum Verpackungsdesign individuell anzupassen und so Ihre <strong>Private Label Medizin<\/strong> -Gesch\u00e4ftsstrategie effektiv zu unterst\u00fctzen.<\/p>\n<hr \/>\n<h2 id=\"-technical-specifications-parameters-\"><strong>Technische Spezifikationen &amp; Parameter<\/strong><\/h2>\n<p>Wir bieten ein umfassendes Gr\u00f6\u00dfensortiment an, um den verschiedenen anatomischen Anforderungen gerecht zu werden \u2013 von p\u00e4diatrischen Extremit\u00e4ten bis hin zu K\u00f6rpergipsen f\u00fcr Erwachsene.<\/p>\n<table>\n<thead>\n<tr>\n<th style=\"text-align: left;\">Parameter<\/th>\n<th style=\"text-align: left;\">Spezifikationsdetails<\/th>\n<\/tr>\n<\/thead>\n<tbody>\n<tr>\n<td style=\"text-align: left;\"><strong>Produktname<\/strong><\/td>\n<td style=\"text-align: left;\">Individuell verpackte orthop\u00e4dische Polsterwatte (Gipsunterpolsterung)<\/td>\n<\/tr>\n<tr>\n<td style=\"text-align: left;\"><strong>Materialoptionen<\/strong><\/td>\n<td style=\"text-align: left;\">Synthetik (nicht absorbierend), 100 % Baumwolle oder Viskosemischung<\/td>\n<\/tr>\n<tr>\n<td style=\"text-align: left;\"><strong>Farbe<\/strong><\/td>\n<td style=\"text-align: left;\"><strong>Wei\u00df<\/strong> (Standard)<\/td>\n<\/tr>\n<tr>\n<td style=\"text-align: left;\"><strong>Rollenl\u00e4nge<\/strong><\/td>\n<td style=\"text-align: left;\"><strong>2,7 m<\/strong> (Standard)<\/td>\n<\/tr>\n<tr>\n<td style=\"text-align: left;\"><strong>Verf\u00fcgbare Breiten<\/strong><\/td>\n<td style=\"text-align: left;\"><strong>5 cm, 7,5 cm, 10 cm, 15 cm, 20 cm<\/strong><\/td>\n<\/tr>\n<tr>\n<td style=\"text-align: left;\"><strong>Verpackung<\/strong><\/td>\n<td style=\"text-align: left;\"><strong>Gem\u00e4\u00df Kundenanforderungen<\/strong> (Einzelner Flow-Pack, Papierbanderole, Gro\u00dfkarton)<\/td>\n<\/tr>\n<tr>\n<td style=\"text-align: left;\"><strong>Sterilit\u00e4t<\/strong><\/td>\n<td style=\"text-align: left;\">Nicht steril (Standard), steril (EO) auf Anfrage erh\u00e4ltlich<\/td>\n<\/tr>\n<tr>\n<td style=\"text-align: left;\"><strong>Zertifizierungen<\/strong><\/td>\n<td style=\"text-align: left;\">ISO 13485, CE, FDA-registriert<\/td>\n<\/tr>\n<tr>\n<td style=\"text-align: left;\"><strong>Herkunft<\/strong><\/td>\n<td style=\"text-align: left;\">Hergestellt von MediTapes<\/td>\n<\/tr>\n<\/tbody>\n<\/table>\n<hr \/>\n<h2 id=\"-key-features-why-choose-our-soft-under-cast-padding-\"><strong>Hauptmerkmale: Warum sollten Sie sich f\u00fcr unsere weiche Gipsunterpolsterung entscheiden?<\/strong><\/h2>\n<h3 id=\"-1-superior-cushioning-and-comfort-\"><strong>1. Hervorragende Polsterung und h\u00f6chster Komfort<\/strong><\/h3>\n<p>Unsere <strong>weiche Polsterwatte<\/strong> verf\u00fcgt \u00fcber eine bauschige Vliesstruktur, die ein angenehmes Polster bildet. Dies ist entscheidend f\u00fcr den Schutz von Knochenvorspr\u00fcngen und Nervenbahnen unter Gipsverb\u00e4nden (Plaster of Paris) oder synthetischen St\u00fctzverb\u00e4nden. Die gleichm\u00e4\u00dfige Dichte stellt sicher, dass keine Klumpen oder Wulste entstehen, die beim Patienten Unbehagen verursachen k\u00f6nnten.<\/p>\n<h3 id=\"-2-excellent-breathability-\"><strong>2. Ausgezeichnete Atmungsaktivit\u00e4t<\/strong><\/h3>\n<p>Die Hautgesundheit ist bei langfristiger Immobilisierung von entscheidender Bedeutung. Unsere Polsterwatte ist so konzipiert, dass sie hochgradig atmungsaktiv ist und Feuchtigkeit sowie Schwei\u00df verdunsten l\u00e4sst. Diese Eigenschaft des \u201cFeuchtigkeitsmanagements\u201d tr\u00e4gt dazu bei, Hautmazeration und Juckreiz zu verhindern \u2013 eine h\u00e4ufige Beschwerde bei Patienten.<\/p>\n<h3 id=\"-3-user-friendly-application-\"><strong>3. Benutzerfreundliche Anwendung<\/strong><\/h3>\n<p>Konzipiert f\u00fcr klinische Effizienz, besitzt unsere <strong>individuelle Polsterwatte<\/strong> hervorragende koh\u00e4sive Eigenschaften. Die Schichten haften aneinander, ohne zu verrutschen, dennoch beh\u00e4lt das Material eine \u201cgefranste Kante\u201d, die es \u00c4rzten erm\u00f6glicht, es leicht von Hand zu rei\u00dfen \u2013 eine Schere ist nicht erforderlich. Es passt sich geschmeidig komplexen K\u00f6rperkonturen wie Fersen, Ellbogen und Kn\u00f6cheln an.<\/p>\n<h3 id=\"-4-hypoallergenic-and-safe-\"><strong>4. Hypoallergen und sicher<\/strong><\/h3>\n<p>Sicherheit ist unsere Priorit\u00e4t. Unsere Polsterung ist latexfrei und hypoallergen, wodurch sie f\u00fcr Patienten mit empfindlicher Haut geeignet ist.<\/p>\n<hr \/>\n<h2 id=\"-oem-private-label-services-build-your-brand-\"><strong>OEM- &amp; Private-Label-Services: Bauen Sie Ihre Marke auf<\/strong><\/h2>\n<p>Im wettbewerbsintensiven medizinischen Markt ist die Markenidentit\u00e4t alles. MediTapes zeichnet sich durch ein umfassendes Angebot an <strong>OEM orthop\u00e4dische Polsterwatte<\/strong> L\u00f6sungen aus. Wir verkaufen Ihnen nicht nur eine Rolle Polsterwatte, sondern helfen Ihnen beim Aufbau Ihrer Produktlinie.<\/p>\n<ul>\n<li><strong>Individuelle Verpackung:<\/strong> Ob Sie sterile Einzelpackungen mit Ihrem Logo, spezifische Barcode-Etikettierung f\u00fcr Krankenhaus-Inventarsysteme oder Gro\u00dfkartons zur Kostenersparnis ben\u00f6tigen \u2013 wir k\u00fcmmern uns um die Verpackung <strong>gem\u00e4\u00df Kundenanforderungen<\/strong>.<\/li>\n<li><strong>Markenanpassung:<\/strong> Wir k\u00f6nnen Ihr Markenlogo auf die Papierbanderole oder die \u00e4u\u00dfere Kunststoffverpackung drucken, um sicherzustellen, dass Ihre <strong>Private Label Medizin<\/strong> Produkte professionell und etabliert aussehen.<\/li>\n<li><strong>Flexible Mindestbestellmengen (MOQs):<\/strong> Wir verstehen die Bed\u00fcrfnisse wachsender Unternehmen und bieten flexible Mindestbestellmengen im Vergleich zu starren Branchenriesen an.<\/li>\n<\/ul>\n<hr \/>\n<h2 id=\"-application-guide-matching-size-to-function-\"><strong>Anwendungsleitfaden: Die richtige Gr\u00f6\u00dfe f\u00fcr die entsprechende Funktion<\/strong><\/h2>\n<p>Um Ihr Vertriebsteam oder die Endverbraucher zu unterst\u00fctzen, finden Sie hier eine Anleitung zur Verwendung unserer verschiedenen Breiten:<\/p>\n<ul>\n<li><strong>5cm x 2,7m:<\/strong> Ideal f\u00fcr p\u00e4diatrische Patienten oder kleine Bereiche wie Finger, Handgelenke und H\u00e4nde.<\/li>\n<li><strong>7,5cm x 2,7m:<\/strong> Die Standardgr\u00f6\u00dfe f\u00fcr Unterarme von Erwachsenen und p\u00e4diatrische Kn\u00f6chel.<\/li>\n<li><strong>10cm x 2,7m:<\/strong> Die vielseitigste Gr\u00f6\u00dfe, perfekt f\u00fcr Unterschenkel (Tibia\/Fibula) von Erwachsenen und Oberarme.<\/li>\n<li><strong>15cm &amp; 20cm x 2,7m:<\/strong> Besonders belastbare Gr\u00f6\u00dfen, konzipiert f\u00fcr Oberschenkel und Knie von Erwachsenen sowie umfangreiche K\u00f6rpergipse.<\/li>\n<\/ul>\n<hr \/>\n<h2 id=\"-frequently-asked-questions-faq-\"><strong>H\u00e4ufig gestellte Fragen (FAQ)<\/strong><\/h2>\n<p><strong>F: K\u00f6nnen Sie Muster zur Verf\u00fcgung stellen, bevor wir eine Gro\u00dfbestellung aufgeben?<\/strong><br \/>\nA: Ja, wir laden Sie ein, unsere Qualit\u00e4t zu testen. Kontaktieren Sie uns unter <a href=\"mailto:info@meditapes.com\" target=\"_blank\" rel=\"noopener\">info@meditapes.com<\/a> um Muster unserer <strong>individuelle Polsterwatte<\/strong>.<\/p>\n<p><strong>F: Was ist der Unterschied zwischen synthetischer Polsterung und Baumwollpolsterung?<\/strong><br \/>\nA: <strong>Baumwollpolsterung<\/strong> ist saugf\u00e4hig und ideal f\u00fcr die Verwendung mit Gipsverb\u00e4nden. <strong>Synthetische Polsterung<\/strong> ist nicht saugf\u00e4hig und leitet Wasser schnell ab, was sie zur bevorzugten Wahl f\u00fcr moderne Glasfaser-St\u00fctzverb\u00e4nde macht, da sie die Haut trockener h\u00e4lt. MediTapes stellt beide Arten her.<\/p>\n<p><strong>F: Bieten Sie Versanddienstleistungen f\u00fcr internationale Distributoren an?<\/strong><br \/>\nA: Absolut. Als erfahrener <strong>Fabrik f\u00fcr medizinische Verbrauchsmaterialien<\/strong>, verf\u00fcgen wir \u00fcber ein engagiertes Logistikteam, das FOB-, CIF- oder DDP-Sendungen an Ihren Bestimmungsort abwickelt.<\/p>\n<hr \/>\n<h2 id=\"-contact-us-for-a-quote-\"><strong>Kontaktieren Sie uns f\u00fcr ein Angebot<\/strong><\/h2>\n<p>Bereit, Ihre Lieferkette mit einem zuverl\u00e4ssigen <strong>Hersteller von weicher Gipsunterpolsterung<\/strong>? Werden Sie noch heute Partner von MediTapes f\u00fcr wettbewerbsf\u00e4hige Preise und erstklassige Qualit\u00e4t.<\/p>\n<ul>\n<li><strong>Besuchen Sie unsere Website:<\/strong> <a href=\"https:\/\/meditapes.com\/de\/\" target=\"_blank\" rel=\"noopener\">https:\/\/meditapes.com\/<\/a><\/li>\n<li><strong>Kontaktseite:<\/strong> <a href=\"https:\/\/meditapes.com\/de\/kontaktieren-sie-uns\/\" target=\"_blank\" rel=\"noopener\">https:\/\/meditapes.com\/contact-us\/<\/a><\/li>\n<li><strong>E-Mail an uns:<\/strong> <a href=\"mailto:info@meditapes.com\" target=\"_blank\" rel=\"noopener\">info@meditapes.com<\/a><\/li>\n<\/ul>\n<p><strong>MediTapes \u2013 Ihr Partner f\u00fcr orthop\u00e4dische Verbrauchsmaterialien.<\/strong><\/p>","protected":false},"excerpt":{"rendered":"<p>Erhalten Sie wettbewerbsf\u00e4hige OEM-L\u00f6sungen mit unserer individuell verpackten orthop\u00e4dischen Polsterwatte. Wir bieten flexible Verpackungsoptionen nach Kundenwunsch an. Diese weiche Gipsunterpolsterung ist in Standardl\u00e4ngen von 2,7 m und verschiedenen Breiten erh\u00e4ltlich. Werden Sie unser Partner f\u00fcr eine zuverl\u00e4ssige Herstellung von orthop\u00e4dischen Polstern und Private Labeling.<\/p>","protected":false},"featured_media":703,"template":"","meta":[],"product_brand":[28],"product_cat":[26,304],"product_tag":[599,597,601,598,600],"class_list":{"0":"post-702","1":"product","2":"type-product","3":"status-publish","4":"has-post-thumbnail","6":"product_brand-meditapes","7":"product_cat-elastic-bandages","8":"product_cat-orthopedic-padding","9":"product_tag-custom-cast-padding","10":"product_tag-custom-package-orthopedic-padding","11":"product_tag-medical-consumables-factory","12":"product_tag-oem-orthopedic-padding","13":"product_tag-private-label-medical","15":"first","16":"instock","17":"shipping-taxable","18":"product-type-simple"},"_links":{"self":[{"href":"https:\/\/meditapes.com\/de\/wp-json\/wp\/v2\/product\/702","targetHints":{"allow":["GET"]}}],"collection":[{"href":"https:\/\/meditapes.com\/de\/wp-json\/wp\/v2\/product"}],"about":[{"href":"https:\/\/meditapes.com\/de\/wp-json\/wp\/v2\/types\/product"}],"wp:featuredmedia":[{"embeddable":true,"href":"https:\/\/meditapes.com\/de\/wp-json\/wp\/v2\/media\/703"}],"wp:attachment":[{"href":"https:\/\/meditapes.com\/de\/wp-json\/wp\/v2\/media?parent=702"}],"wp:term":[{"taxonomy":"product_brand","embeddable":true,"href":"https:\/\/meditapes.com\/de\/wp-json\/wp\/v2\/product_brand?post=702"},{"taxonomy":"product_cat","embeddable":true,"href":"https:\/\/meditapes.com\/de\/wp-json\/wp\/v2\/product_cat?post=702"},{"taxonomy":"product_tag","embeddable":true,"href":"https:\/\/meditapes.com\/de\/wp-json\/wp\/v2\/product_tag?post=702"}],"curies":[{"name":"WP","href":"https:\/\/api.w.org\/{rel}","templated":true}]}}