{"id":690,"date":"2025-12-24T10:47:49","date_gmt":"2025-12-24T10:47:49","guid":{"rendered":"https:\/\/meditapes.com\/?post_type=product&#038;p=690"},"modified":"2025-12-24T10:47:51","modified_gmt":"2025-12-24T10:47:51","slug":"bulk-plaster-of-paris-bandages","status":"publish","type":"product","link":"https:\/\/meditapes.com\/de\/produkt\/bulk-plaster-of-paris-bandages\/","title":{"rendered":"Gipsbinden in Gro\u00dfpackungen mit kurzer Abbindezeit f\u00fcr Krankenh\u00e4user"},"content":{"rendered":"<h1 id=\"bulk-plaster-of-paris-bandages-with-fast-setting-time-for-hospitals\">Gipsbinden in Gro\u00dfpackungen mit kurzer Abbindezeit f\u00fcr Krankenh\u00e4user<\/h1>\n<h2 id=\"product-overview\">Produkt\u00fcbersicht<\/h2>\n<p>Bei <strong>MediTapes<\/strong>, wir sind darauf spezialisiert, den globalen Gesundheitsmarkt mit leistungsstarken medizinischen Verbrauchsmaterialien zu beliefern. Unsere <strong>Gipsbinden in Gro\u00dfpackungen mit kurzer Abbindezeit f\u00fcr Krankenh\u00e4user<\/strong> sind darauf ausgelegt, den strengen Anforderungen von Orthop\u00e4den und Gipstechnikern weltweit gerecht zu werden.<\/p>\n<p>Als f\u00fchrender Anbieter wissen wir, dass effektive <strong>Gipsbinden-Gro\u00dfhandel<\/strong> Beschaffung ein Gleichgewicht zwischen erstklassiger Qualit\u00e4t, konsistenter Leistung und wettbewerbsf\u00e4higen Preisen erfordert. Unsere Binden zeichnen sich durch eine reichhaltige, cremige Textur und eine geringe exotherme Reaktion aus, was sie zur idealen Wahl f\u00fcr die Erstellung steifer, langlebiger Gipsverb\u00e4nde f\u00fcr die Frakturbehandlung macht. Ob in der Notfallversorgung oder in der korrektiven Orthop\u00e4die eingesetzt, unser <strong>Gipswickel<\/strong> gew\u00e4hrleistet hervorragende Formbarkeit und zuverl\u00e4ssige Immobilisierung.<\/p>\n<hr \/>\n<h2 id=\"why-choose-meditapes-pop-bandages-\">Warum MediTapes Gipsbinden w\u00e4hlen?<\/h2>\n<h3 id=\"1-fast-setting-plaster-for-efficient-clinical-use\">1. Schnellh\u00e4rtender Gips f\u00fcr den effizienten klinischen Einsatz<\/h3>\n<p>Zeit ist eine kritische Ressource in gesch\u00e4ftigen Krankenh\u00e4usern und Kliniken. Unsere Binden sind formuliert mit <strong>schnellh\u00e4rtendem Gips<\/strong>, der in der Regel innerhalb von 2 bis 5 Minuten nach dem Eintauchen eine feste Aush\u00e4rtung erreicht. Diese kurze Abbindezeit erm\u00f6glicht es medizinischem Fachpersonal, den Gips schnell und effizient zu modellieren, was die Wartezeit f\u00fcr Patienten verk\u00fcrzt und den Patientendurchsatz in Notaufnahmen erh\u00f6ht.<\/p>\n<h3 id=\"2-superior-stability-and-strength\">2. \u00dcberlegene Stabilit\u00e4t und Festigkeit<\/h3>\n<p>Der Kern unserer Binde ist ein hochwertiger Baumwollgazetr\u00e4ger, der tief mit fein gemahlenem Calciumsulfat-Hemihydrat (Gips) impr\u00e4gniert ist. Nach dem Aush\u00e4rten <strong>Gipswickel<\/strong> verwandelt sie sich in eine steinharte, langlebige Struktur. Dieses hochfeste Finish bietet die steife Unterst\u00fctzung, die f\u00fcr eine effektive Knochenheilung erforderlich ist, und minimiert das Risiko eines Gipsbruchs w\u00e4hrend der Erholungsphase.<\/p>\n<h3 id=\"3-minimal-powder-loss-technology\">3. Technologie f\u00fcr minimalen Puderverlust<\/h3>\n<p>Eine der h\u00e4ufigsten Beschwerden bei minderwertigen Gipsbinden ist ein \u00fcberm\u00e4\u00dfiger Puderverlust (Abrieseln) beim \u00d6ffnen oder Befeuchten. MediTapes nutzt fortschrittliche Herstellungstechniken, um sicherzustellen, dass der Gips fest an der Gaze haftet. Dies f\u00fchrt zu minimalem Puderverlust beim Eintauchen, h\u00e4lt den Arbeitsplatz sauberer und stellt sicher, dass die maximale Menge an Gips auf der Binde verbleibt, um zur Festigkeit des Gipsverbandes beizutragen.<\/p>\n<h3 id=\"4-customizable-for-global-distributors\">4. Anpassbar f\u00fcr globale Distributoren<\/h3>\n<p>Wir sind Experten in <strong>Gipsbinden-Gro\u00dfhandel<\/strong> L\u00f6sungen. Wir verstehen, dass unterschiedliche M\u00e4rkte unterschiedliche Anforderungen haben. Von individuellen feuchtigkeitsbest\u00e4ndigen Flowpacks bis hin zu Krankenhaus-Gro\u00dfkartons bieten wir flexible Verpackungsoptionen an: <strong>\u201cVerpackung: Gem\u00e4\u00df Kundenanforderungen.\u201d<\/strong> Diese Flexibilit\u00e4t macht uns zum bevorzugten Partner f\u00fcr medizinische H\u00e4ndler, die Eigenmarken- oder Gro\u00dfgebindel\u00f6sungen suchen.<\/p>\n<hr \/>\n<h2 id=\"technical-specifications-parameters\">Technische Spezifikationen &amp; Parameter<\/h2>\n<p>Nachfolgend finden Sie die detaillierten Produktspezifikationen, die aus unseren Standard-Herstellungsprotokollen abgeleitet wurden. Wir bieten ein umfassendes Sortiment an Gr\u00f6\u00dfen an, um alle anatomischen Anwendungen abzudecken, von der p\u00e4diatrischen Versorgung bis zur Immobilisierung gro\u00dfer Extremit\u00e4ten.<\/p>\n<table>\n<thead>\n<tr>\n<th style=\"text-align: left;\">Parameter<\/th>\n<th style=\"text-align: left;\">Spezifikation<\/th>\n<\/tr>\n<\/thead>\n<tbody>\n<tr>\n<td style=\"text-align: left;\"><strong>Produktname<\/strong><\/td>\n<td style=\"text-align: left;\"><strong>Gipsbinde<\/strong><\/td>\n<\/tr>\n<tr>\n<td style=\"text-align: left;\"><strong>Material<\/strong><\/td>\n<td style=\"text-align: left;\">Baumwollgazetr\u00e4ger mit Gips in medizinischer Qualit\u00e4t<\/td>\n<\/tr>\n<tr>\n<td style=\"text-align: left;\"><strong>Farbe<\/strong><\/td>\n<td style=\"text-align: left;\"><strong>Wei\u00df\u00a0<\/strong><\/td>\n<\/tr>\n<tr>\n<td style=\"text-align: left;\"><strong>Abbindezeit<\/strong><\/td>\n<td style=\"text-align: left;\"><strong>schnellh\u00e4rtendem Gips<\/strong> (In der Regel 2\u20135 Minuten)<\/td>\n<\/tr>\n<tr>\n<td style=\"text-align: left;\"><strong>Verf\u00fcgbare Breiten<\/strong><\/td>\n<td style=\"text-align: left;\"><strong>5 cm, 7,5 cm, 10 cm, 15 cm, 20 cm<\/strong><\/td>\n<\/tr>\n<tr>\n<td style=\"text-align: left;\"><strong>Verf\u00fcgbare L\u00e4ngen<\/strong><\/td>\n<td style=\"text-align: left;\"><strong>2,7 m, 3,6 m, 4,5 m<\/strong><\/td>\n<\/tr>\n<tr>\n<td style=\"text-align: left;\"><strong>Eintauchzeit<\/strong><\/td>\n<td style=\"text-align: left;\">3 \u2013 5 Sekunden<\/td>\n<\/tr>\n<tr>\n<td style=\"text-align: left;\"><strong>Verpackung<\/strong><\/td>\n<td style=\"text-align: left;\"><strong>Gem\u00e4\u00df Kundenanforderungen<\/strong> (OEM\/ODM verf\u00fcgbar)<\/td>\n<\/tr>\n<\/tbody>\n<\/table>\n<p><em>Hinweis: W\u00e4hrend die Standardl\u00e4ngen 2,7 m, 3,6 m und 4,5 m umfassen, k\u00f6nnen wir die Spezifikationen f\u00fcr gro\u00dfe Abnahmemengen anpassen. <strong>Gipsbinden-Gro\u00dfhandel<\/strong> bestellungen.<\/em><\/p>\n<hr \/>\n<h2 id=\"application-usage-guide\">Anwendungs- und Gebrauchsanweisung<\/h2>\n<p>Um ein Ergebnis von h\u00f6chster Qualit\u00e4t mit unseren <strong>Gipswickel<\/strong>, zu gew\u00e4hrleisten, befolgen Sie bitte diese empfohlenen Schritte:<\/p>\n<ol>\n<li><strong>Patientenvorbereitung:<\/strong> Bringen Sie eine Schutzschicht aus Schlauchverband und orthop\u00e4discher Polsterung (Cast-Polsterung) \u00fcber der betroffenen Extremit\u00e4t an.<\/li>\n<li><strong>Wassertemperatur:<\/strong> Bereiten Sie ein Wasserbecken mit ca. 20 \u00b0C \u2013 25 \u00b0C vor. W\u00e4rmeres Wasser beschleunigt die Abbindezeit des <strong>schnellh\u00e4rtendem Gips<\/strong>.<\/li>\n<li><strong>Einweichen:<\/strong> Tauchen Sie die Rolle in einem Winkel von 45 Grad ein. Halten Sie sie ca. 5 Sekunden lang unter Wasser, bis keine Luftblasen mehr aufsteigen.<\/li>\n<li><strong>Ausdr\u00fccken:<\/strong> Heben Sie die Rolle an und dr\u00fccken Sie die Seiten vorsichtig zur Mitte hin zusammen, um \u00fcbersch\u00fcssiges Wasser zu entfernen. Wringen oder verdrehen Sie die Binde nicht.<\/li>\n<li><strong>Modellieren:<\/strong> Bringen Sie die Binde spiralf\u00f6rmig an. Reiben Sie die Oberfl\u00e4che kontinuierlich mit nassen H\u00e4nden ab, um die Schichten zu verbinden (Laminierung). Dieser Schritt ist entscheidend f\u00fcr das Erreichen einer monolithischen Struktur.<\/li>\n<li><strong>Aush\u00e4rten:<\/strong> Halten Sie die Extremit\u00e4t in der gew\u00fcnschten Position, bis der Verband aush\u00e4rtet.<\/li>\n<\/ol>\n<hr \/>\n<h2 id=\"storage-and-handling\">Lagerung und Handhabung<\/h2>\n<p>F\u00fcr Distributoren, die <strong>Gipsbinden-Gro\u00dfhandel<\/strong> Lagerbest\u00e4nde f\u00fchren, ist eine ordnungsgem\u00e4\u00dfe Lagerung entscheidend f\u00fcr die Haltbarkeit des Produkts.<\/p>\n<ul>\n<li>An einem k\u00fchlen, trockenen und gut bel\u00fcfteten Ort lagern.<\/li>\n<li>Die relative Luftfeuchtigkeit sollte unter 80 % gehalten werden.<\/li>\n<li>Von direktem Sonnenlicht und Feuchtigkeit fernhalten.<\/li>\n<li>Stellen Sie sicher, dass die Verpackung bis zum Zeitpunkt der Anwendung versiegelt bleibt.<\/li>\n<\/ul>\n<hr \/>\n<h2 id=\"partner-with-meditapes\">Werden Sie Partner von MediTapes<\/h2>\n<p><strong>MediTapes<\/strong> setzt sich daf\u00fcr ein, globale H\u00e4ndler im Gesundheitswesen mit zuverl\u00e4ssigen Lieferketten und gleichbleibender Produktqualit\u00e4t zu unterst\u00fctzen. Unsere <strong>schnellh\u00e4rtendem Gips<\/strong> Bandagen werden unter strengen Qualit\u00e4tskontrollstandards hergestellt, um Sicherheit und Wirksamkeit zu gew\u00e4hrleisten.<\/p>\n<p>Wenn Sie auf der Suche nach einem zuverl\u00e4ssigen Fabrikpartner f\u00fcr <strong>Gipswickel<\/strong> und orthop\u00e4dische Verbrauchsmaterialien sind, suchen Sie nicht weiter.<\/p>\n<ul>\n<li><strong>Website:<\/strong> <a href=\"https:\/\/meditapes.com\/de\/\" target=\"_blank\" rel=\"noopener\">https:\/\/meditapes.com\/<\/a><\/li>\n<li><strong>Kontaktseite:<\/strong> <a href=\"https:\/\/meditapes.com\/de\/kontaktieren-sie-uns\/\" target=\"_blank\" rel=\"noopener\">https:\/\/meditapes.com\/contact-us\/<\/a><\/li>\n<li><strong>E-Mail:<\/strong> <a href=\"mailto:info@meditapes.com\" target=\"_blank\" rel=\"noopener\">info@meditapes.com<\/a><\/li>\n<\/ul>\n<p>Kontaktieren Sie uns noch heute f\u00fcr ein Angebot zu Gro\u00dfbestellungen oder um Muster unserer Gipsbinden anzufordern.<\/p>","protected":false},"excerpt":{"rendered":"<p>Beziehen Sie hochwertige Gipsbinden in gro\u00dfen Mengen mit kurzen Abbindezeiten f\u00fcr den effizienten klinischen Einsatz. Diese orthop\u00e4dische Gipsbinde bietet hervorragende Stabilit\u00e4t und minimalen Puderverlust w\u00e4hrend der Anwendung. Unsere medizinischen Gipsrollen sind unverzichtbare Bedarfsartikel f\u00fcr globale Distributoren im Gesundheitswesen.<\/p>","protected":false},"featured_media":691,"template":"","meta":[],"product_brand":[28],"product_cat":[26,303],"product_tag":[577,579,580,578],"class_list":{"0":"post-690","1":"product","2":"type-product","3":"status-publish","4":"has-post-thumbnail","6":"product_brand-meditapes","7":"product_cat-elastic-bandages","8":"product_cat-pop-bandage","9":"product_tag-bulk-plaster-of-paris-bandages","10":"product_tag-fast-setting-plaster","11":"product_tag-gypsum-wrap","12":"product_tag-pop-bandage-wholesale","14":"first","15":"instock","16":"shipping-taxable","17":"product-type-simple"},"_links":{"self":[{"href":"https:\/\/meditapes.com\/de\/wp-json\/wp\/v2\/product\/690","targetHints":{"allow":["GET"]}}],"collection":[{"href":"https:\/\/meditapes.com\/de\/wp-json\/wp\/v2\/product"}],"about":[{"href":"https:\/\/meditapes.com\/de\/wp-json\/wp\/v2\/types\/product"}],"wp:featuredmedia":[{"embeddable":true,"href":"https:\/\/meditapes.com\/de\/wp-json\/wp\/v2\/media\/691"}],"wp:attachment":[{"href":"https:\/\/meditapes.com\/de\/wp-json\/wp\/v2\/media?parent=690"}],"wp:term":[{"taxonomy":"product_brand","embeddable":true,"href":"https:\/\/meditapes.com\/de\/wp-json\/wp\/v2\/product_brand?post=690"},{"taxonomy":"product_cat","embeddable":true,"href":"https:\/\/meditapes.com\/de\/wp-json\/wp\/v2\/product_cat?post=690"},{"taxonomy":"product_tag","embeddable":true,"href":"https:\/\/meditapes.com\/de\/wp-json\/wp\/v2\/product_tag?post=690"}],"curies":[{"name":"WP","href":"https:\/\/api.w.org\/{rel}","templated":true}]}}