{"id":688,"date":"2025-12-24T04:04:29","date_gmt":"2025-12-24T04:04:29","guid":{"rendered":"https:\/\/meditapes.com\/?post_type=product&#038;p=688"},"modified":"2025-12-24T04:04:31","modified_gmt":"2025-12-24T04:04:31","slug":"medical-orthopedic-pop-bandage","status":"publish","type":"product","link":"https:\/\/meditapes.com\/de\/produkt\/medical-orthopedic-pop-bandage\/","title":{"rendered":"Medizinische orthop\u00e4dische Gipsbinde zur hochfesten Immobilisation"},"content":{"rendered":"<h1 id=\"medical-orthopedic-pop-bandage-for-high-strength-cast-immobilization\">Medizinische orthop\u00e4dische Gipsbinde zur hochfesten Immobilisation<\/h1>\n<h2 id=\"product-overview\">Produkt\u00fcbersicht<\/h2>\n<p>Bei <strong>MediTapes<\/strong>, wir wissen, dass eine effektive Knochenheilung mit \u00fcberlegener Stabilit\u00e4t beginnt. Unsere <strong>Medizinische orthop\u00e4dische Gipsbinde<\/strong> (Plaster of Paris) wurde f\u00fcr professionelle Gesundheitsumgebungen entwickelt und bietet die perfekte Balance aus cremiger Textur, kurzer Abbindezeit und starrer Haltbarkeit. Speziell entwickelt f\u00fcr die <strong>Frakturimmobilisierung<\/strong>, ist dieses Produkt die bew\u00e4hrte Wahl f\u00fcr orthop\u00e4dische Chirurgen und Gipstechniker, die bei jedem Verband Pr\u00e4zision und Zuverl\u00e4ssigkeit ben\u00f6tigen.<\/p>\n<p>Ganz gleich, ob Sie komplexe Tr\u00fcmmerbr\u00fcche behandeln oder die postoperative Genesung begleiten, unsere <strong>Gipsbinde<\/strong> bietet die hochfeste Unterst\u00fctzung, die f\u00fcr eine optimale Knochenheilung erforderlich ist.<\/p>\n<hr \/>\n<h2 id=\"key-features-benefits\">Hauptmerkmale &amp; Vorteile<\/h2>\n<h3 id=\"1-superior-orthopedic-plaster-quality\">1. Erstklassige orthop\u00e4dische Gipsqualit\u00e4t<\/h3>\n<p>Unsere Binden sind mit hochwertigem, feingemahlenem Gips impr\u00e4gniert. Dieser erstklassige <strong>orthop\u00e4dische Gips<\/strong> sorgt im nassen Zustand f\u00fcr eine glatte, cremige Konsistenz und erm\u00f6glicht so hervorragende Modelliereigenschaften. Der Gips bedeckt das Mulltr\u00e4gergewebe gleichm\u00e4\u00dfig, verhindert den Gipsverlust beim Eintauchen und gew\u00e4hrleistet ein gleichm\u00e4\u00dfiges Finish, das Hautirritationen f\u00fcr den Patienten minimiert.<\/p>\n<h3 id=\"2-rapid-reliable-fracture-immobilization\">2. Schnelle &amp; zuverl\u00e4ssige Frakturimmobilisierung<\/h3>\n<p>In der Traumabehandlung z\u00e4hlt jede Sekunde. Die <strong>MediTapes Gipsbinde<\/strong> zeichnet sich durch eine kurze Abbindezeit aus (normalerweise 2-5 Minuten, abh\u00e4ngig von der Wassertemperatur), sodass \u00c4rzte den Gips schnell formen k\u00f6nnen, bevor er zu einer steinharten Struktur aush\u00e4rtet. Diese schnelle Erstarrung ist entscheidend f\u00fcr eine effektive <strong>Frakturimmobilisierung<\/strong>, die sicherstellt, dass die verletzte Gliedma\u00dfe unmittelbar nach dem Abbinden in der korrekten Position bleibt.<\/p>\n<h3 id=\"3-high-structural-strength\">3. Hohe strukturelle Festigkeit<\/h3>\n<p>Nach dem Aush\u00e4rten bieten unsere <strong>Gipsbinde<\/strong> bietet eine au\u00dfergew\u00f6hnliche Belastbarkeit. Die hochfeste Formulierung verringert das Risiko von Gipsbr\u00fcchen oder Rissbildungen w\u00e4hrend der Genesungsphase des Patienten. Trotz seiner Festigkeit bleibt der Gips leicht genug, um den Patientenkomfort ohne Beeintr\u00e4chtigung der Stabilit\u00e4t zu gew\u00e4hrleisten.<\/p>\n<h3 id=\"4-safety-and-comfort\">4. Sicherheit und Komfort<\/h3>\n<p>Patientensicherheit steht bei uns an erster Stelle. Unsere Rezeptur ist so konzipiert, dass w\u00e4hrend des Aush\u00e4rtungsprozesses eine geringe exotherme Reaktion auftritt. Dies stellt sicher, dass die beim Abbinden des Gipses entstehende W\u00e4rme in einem sicheren Bereich bleibt, wodurch Hautverbrennungen und Unbehagen f\u00fcr den Patienten vermieden werden.<\/p>\n<hr \/>\n<h2 id=\"product-specifications-technical-parameters-\">Produktspezifikationen (Technische Parameter)<\/h2>\n<p>Nachfolgend finden Sie die detaillierten Spezifikationen f\u00fcr die <strong>MediTapes<\/strong> Gipsbinden-Serie. Wir bieten eine Vielzahl von Gr\u00f6\u00dfen an, um unterschiedlichen anatomischen Anforderungen gerecht zu werden, von p\u00e4diatrischen Armen bis hin zu Beinen von Erwachsenen.<\/p>\n<table>\n<thead>\n<tr>\n<th style=\"text-align: left;\">Parameter<\/th>\n<th style=\"text-align: left;\">Spezifikation<\/th>\n<\/tr>\n<\/thead>\n<tbody>\n<tr>\n<td style=\"text-align: left;\"><strong>Produktname<\/strong><\/td>\n<td style=\"text-align: left;\"><strong>Gipsbinde<\/strong><\/td>\n<\/tr>\n<tr>\n<td style=\"text-align: left;\"><strong>Material<\/strong><\/td>\n<td style=\"text-align: left;\">Baumwollgaze impr\u00e4gniert mit Calciumsulfat-Hemihydrat (Gips)<\/td>\n<\/tr>\n<tr>\n<td style=\"text-align: left;\"><strong>Farbe<\/strong><\/td>\n<td style=\"text-align: left;\"><strong>Wei\u00df<\/strong><\/td>\n<\/tr>\n<tr>\n<td style=\"text-align: left;\"><strong>Verf\u00fcgbare Breiten<\/strong><\/td>\n<td style=\"text-align: left;\"><strong>5 cm, 7,5 cm, 10 cm, 15 cm, 20 cm<\/strong><\/td>\n<\/tr>\n<tr>\n<td style=\"text-align: left;\"><strong>Verf\u00fcgbare L\u00e4ngen<\/strong><\/td>\n<td style=\"text-align: left;\"><strong>2,7 m, 3,6 m, 4,5 m<\/strong><\/td>\n<\/tr>\n<tr>\n<td style=\"text-align: left;\"><strong>Erstarrungszeit<\/strong><\/td>\n<td style=\"text-align: left;\">Schnellh\u00e4rtend (auf Anfrage anpassbar, in der Regel 2\u20135 Min.)<\/td>\n<\/tr>\n<tr>\n<td style=\"text-align: left;\"><strong>Verpackung<\/strong><\/td>\n<td style=\"text-align: left;\"><strong>Gem\u00e4\u00df Kundenanforderungen<\/strong> (Einzelne feuchtigkeitsgesch\u00fctzte Schlauchbeutelverpackung)<\/td>\n<\/tr>\n<\/tbody>\n<\/table>\n<p><em>Hinweis: Sondergr\u00f6\u00dfen und Private-Label-Optionen sind verf\u00fcgbar, um spezifische Krankenhaus- oder Vertriebsanforderungen zu erf\u00fcllen.<\/em><\/p>\n<hr \/>\n<h2 id=\"usage-instructions-for-optimal-results\">Gebrauchsanweisung f\u00fcr optimale Ergebnisse<\/h2>\n<p>Um die besten Ergebnisse mit unseren <strong>Gipsbinde<\/strong> f\u00fcr <strong>Frakturimmobilisierung<\/strong>, bitte befolgen Sie diese professionellen Richtlinien:<\/p>\n<ol>\n<li><strong>Vorbereitung:<\/strong> Legen Sie einen Trikotschlauch und eine orthop\u00e4dische Polsterung (Wattebinde) \u00fcber den verletzten Bereich, um die Haut zu sch\u00fctzen.<\/li>\n<li><strong>Eintauchen:<\/strong> Halten Sie die <strong>Gipsbinde<\/strong> vorsichtig und tauchen Sie sie in einem Winkel von 45 Grad in ein Wasserbecken (ca. 20 \u00b0C \u2013 25 \u00b0C) ein. Halten Sie sie etwa 5 Sekunden lang unter Wasser, bis keine Blasen mehr aufsteigen.<\/li>\n<li><strong>Ausdr\u00fccken:<\/strong> Heben Sie die Binde aus dem Wasser und dr\u00fccken Sie die Seiten vorsichtig zur Mitte hin zusammen, um \u00fcbersch\u00fcssiges Wasser zu entfernen. Wringen Sie die Binde nicht aus.<\/li>\n<li><strong>Anwendung:<\/strong> Rollen Sie die Binde ab und wickeln Sie sie spiralf\u00f6rmig um die Extremit\u00e4t. Gl\u00e4tten Sie die <strong>orthop\u00e4dische Gips<\/strong> kontinuierlich mit nassen H\u00e4nden, um die Schichten zu verbinden (Laminierung). Diese Reibebewegung ist entscheidend f\u00fcr die Erstellung eines stabilen, monolithischen Verbandes.<\/li>\n<li><strong>Modellieren:<\/strong> Solange der Gips noch feucht und cremig ist, modellieren Sie den Verband so, dass er den anatomischen Konturen des Patienten entspricht.<\/li>\n<li><strong>Aush\u00e4rten:<\/strong> Halten Sie die Extremit\u00e4t ruhig, bis der Verband fest ausgeh\u00e4rtet ist. Bewegen Sie den Patienten w\u00e4hrend dieser kritischen Aush\u00e4rtungsphase nicht.<\/li>\n<\/ol>\n<hr \/>\n<h2 id=\"why-choose-meditapes-\">Warum MediTapes w\u00e4hlen?<\/h2>\n<p><strong>MediTapes<\/strong> verpflichtet sich zu Spitzenleistungen bei medizinischen Verbrauchsmaterialien. Wenn Sie sich f\u00fcr unsere <strong>Gipsbinde<\/strong>, entscheiden Sie sich f\u00fcr einen Partner, der sich der Qualit\u00e4t und der Zuverl\u00e4ssigkeit der Lieferkette verschrieben hat.<\/p>\n<ul>\n<li><strong>Individualisierung:<\/strong> Wie in unseren Spezifikationen angegeben, erfolgt unsere Verpackung \u201cgem\u00e4\u00df Kundenanforderungen\u201d. Ganz gleich, ob Sie Gro\u00dfpackungen f\u00fcr Krankenh\u00e4user oder verkaufsfertige Kartons ben\u00f6tigen, wir passen uns Ihren Bed\u00fcrfnissen an.<\/li>\n<li><strong>Globale Standards:<\/strong> Unsere Herstellungsprozesse unterliegen strengen medizinischen Qualit\u00e4tskontrollstandards, die eine gleichbleibende Leistung bei jeder Rolle gew\u00e4hrleisten.<\/li>\n<li><strong>Expertenunterst\u00fctzung:<\/strong> Unser Team steht Ihnen bei technischen Daten, Versandlogistik und Mengenpreisen gerne zur Verf\u00fcgung.<\/li>\n<\/ul>\n<hr \/>\n<h2 id=\"storage-and-handling\">Lagerung und Handhabung<\/h2>\n<p>Um die Haltbarkeit und Wirksamkeit des <strong>orthop\u00e4dischen Gipses<\/strong>, lagern Sie die Bandagen bitte an einem k\u00fchlen, trockenen und gut bel\u00fcfteten Ort. Die relative Luftfeuchtigkeit sollte 80% nicht \u00fcberschreiten. Stellen Sie sicher, dass die Verpackung bis unmittelbar vor dem Gebrauch versiegelt bleibt, um eine vorzeitige Feuchtigkeitsaufnahme zu verhindern.<\/p>\n<hr \/>\n<h2 id=\"contact-us\">Kontaktseite<\/h2>\n<p>Sind Sie bereit zur Bestellung oder ben\u00f6tigen Sie ein Muster unseres hochfesten <strong>Gipsbinde<\/strong>? Kontaktieren Sie das <strong>MediTapes<\/strong> Team noch heute.<\/p>\n<ul>\n<li><strong>Website:<\/strong> <a href=\"https:\/\/meditapes.com\/de\/\" target=\"_blank\" rel=\"noopener\">https:\/\/meditapes.com\/<\/a><\/li>\n<li><strong>Kontaktseite:<\/strong> <a href=\"https:\/\/meditapes.com\/de\/kontaktieren-sie-uns\/\" target=\"_blank\" rel=\"noopener\">https:\/\/meditapes.com\/contact-us\/<\/a><\/li>\n<li><strong>E-Mail:<\/strong> <a href=\"mailto:info@meditapes.com\" target=\"_blank\" rel=\"noopener\">info@meditapes.com<\/a><\/li>\n<\/ul>\n<p>Vertrauen Sie <strong>MediTapes<\/strong> auf professionelle <strong>Frakturimmobilisierung<\/strong> L\u00f6sungen, auf die Chirurgen vertrauen.<\/p>","protected":false},"excerpt":{"rendered":"<p>Gipsbinden (POP-Binden) sind f\u00fcr die professionelle orthop\u00e4dische Immobilisierung und Knochenheilung konzipiert. Dieser hochfeste medizinische Gipswickel sorgt f\u00fcr ein glattes Finish und eine hervorragende Formbarkeit f\u00fcr eine sichere Frakturbehandlung. Ideal f\u00fcr Krankenh\u00e4user und chirurgische Zentren, die zuverl\u00e4ssige Gipsbinden suchen.<\/p>","protected":false},"featured_media":689,"template":"","meta":[],"product_brand":[28],"product_cat":[26,303],"product_tag":[576,573,575,574],"class_list":{"0":"post-688","1":"product","2":"type-product","3":"status-publish","4":"has-post-thumbnail","6":"product_brand-meditapes","7":"product_cat-elastic-bandages","8":"product_cat-pop-bandage","9":"product_tag-fracture-immobilization","10":"product_tag-medical-orthopedic-pop-bandage","11":"product_tag-orthopedic-plaster","12":"product_tag-pop-bandage","14":"first","15":"instock","16":"shipping-taxable","17":"product-type-simple"},"_links":{"self":[{"href":"https:\/\/meditapes.com\/de\/wp-json\/wp\/v2\/product\/688","targetHints":{"allow":["GET"]}}],"collection":[{"href":"https:\/\/meditapes.com\/de\/wp-json\/wp\/v2\/product"}],"about":[{"href":"https:\/\/meditapes.com\/de\/wp-json\/wp\/v2\/types\/product"}],"wp:featuredmedia":[{"embeddable":true,"href":"https:\/\/meditapes.com\/de\/wp-json\/wp\/v2\/media\/689"}],"wp:attachment":[{"href":"https:\/\/meditapes.com\/de\/wp-json\/wp\/v2\/media?parent=688"}],"wp:term":[{"taxonomy":"product_brand","embeddable":true,"href":"https:\/\/meditapes.com\/de\/wp-json\/wp\/v2\/product_brand?post=688"},{"taxonomy":"product_cat","embeddable":true,"href":"https:\/\/meditapes.com\/de\/wp-json\/wp\/v2\/product_cat?post=688"},{"taxonomy":"product_tag","embeddable":true,"href":"https:\/\/meditapes.com\/de\/wp-json\/wp\/v2\/product_tag?post=688"}],"curies":[{"name":"WP","href":"https:\/\/api.w.org\/{rel}","templated":true}]}}