{"id":677,"date":"2025-12-23T15:09:40","date_gmt":"2025-12-23T15:09:40","guid":{"rendered":"https:\/\/meditapes.com\/?post_type=product&#038;p=677"},"modified":"2025-12-23T15:09:41","modified_gmt":"2025-12-23T15:09:41","slug":"wholesale-medical-pbt-elastic-bandage","status":"publish","type":"product","link":"https:\/\/meditapes.com\/de\/produkt\/wholesale-medical-pbt-elastic-bandage\/","title":{"rendered":"Medizinische PBT-Elastikbinden f\u00fcr Erste-Hilfe-Sets im Gro\u00dfhandel \u2013 Gro\u00dfgebinde"},"content":{"rendered":"<h1 id=\"wholesale-medical-pbt-elastic-bandage-for-first-aid-kits-bulk-supply\">Medizinische PBT-Elastikbinden f\u00fcr Erste-Hilfe-Sets im Gro\u00dfhandel \u2013 Gro\u00dfgebinde<\/h1>\n<p>Als weltweit f\u00fchrender Anbieter von medizinischen Verbrauchsmaterialien, <strong>MediTapes<\/strong> ist stolz darauf, unsere hochwertigen <strong>Elastische PBT-Bandage<\/strong>. Diese medizinische Binde wurde f\u00fcr Vielseitigkeit und Patientenkomfort entwickelt und ist ein wesentlicher Bestandteil von Erste-Hilfe-Sets, Krankenhaus-Notaufnahmen und klinischen Einrichtungen weltweit.<\/p>\n<p>Ganz gleich, ob Sie ein medizinischer Gro\u00dfh\u00e4ndler, ein Best\u00fccker von Erste-Hilfe-Sets oder ein Einkaufsleiter im Krankenhaus sind, unsere PBT-Binden bieten das perfekte Gleichgewicht zwischen Qualit\u00e4t, Elastizit\u00e4t und Erschwinglichkeit.<\/p>\n<hr \/>\n<h3 id=\"what-is-a-pbt-elastic-bandage-\">Was ist eine elastische PBT-Binde?<\/h3>\n<p>Die <strong>Elastische PBT-Bandage<\/strong> (Polybutylenterephthalat) ist eine spezialisierte medizinische Fixierbinde, die f\u00fcr ihre au\u00dfergew\u00f6hnliche Elastizit\u00e4t und Weichheit bekannt ist. Im Gegensatz zu herk\u00f6mmlichen Mullbinden werden PBT-Binden aus Naturfasern und strapazierf\u00e4higen synthetischen Materialien gestrickt und bieten eine \u00fcberlegene Dehnbarkeit ohne Einschn\u00fcrung.<\/p>\n<p>Dies <strong>Medizinische Binde<\/strong> ist darauf ausgelegt, Verb\u00e4nde sicher an ihrem Platz zu halten, selbst an schwierig zu verbindenden K\u00f6rperkonturen wie Gelenken (Knie, Ellbogen, Kn\u00f6chel) und dem Kopf. Die rutschfeste Beschaffenheit sorgt daf\u00fcr, dass die Binde auch bei Bewegung fest in ihrer Position bleibt, was die Notwendigkeit h\u00e4ufigen Nachbesserns verringert.<\/p>\n<h3 id=\"key-features-benefits\">Hauptmerkmale &amp; Vorteile<\/h3>\n<p>Warum sollten Sie MediTapes als Ihren Partner f\u00fcr <strong>Gro\u00dfhandelsbinden<\/strong> w\u00e4hlen? Unsere Produkte sind auf Leistung ausgelegt:<\/p>\n<ul>\n<li><strong>\u00dcberlegene Elastizit\u00e4t und Anpassungsf\u00e4higkeit:<\/strong> Die Binde l\u00e4sst sich erheblich dehnen, um Schwellungen oder Bewegungen auszugleichen, was sie ideal zur Fixierung von Schienen und Verb\u00e4nden macht.<\/li>\n<li><strong>Weich &amp; Atmungsaktiv:<\/strong> Die offenmaschige Struktur l\u00e4sst die Luft frei zirkulieren, verhindert Hautmazeration und f\u00f6rdert eine schnellere Heilung. Sie ist sanft genug f\u00fcr empfindliche Haut.<\/li>\n<li><strong>Rutschfester Halt:<\/strong> Die Gewebestruktur haftet leicht an sich selbst, sodass die Schichten nicht verrutschen und zuverl\u00e4ssigen Halt sowie Kompression bieten.<\/li>\n<li><strong>Sterile und unsterile Optionen:<\/strong> Wir k\u00f6nnen sowohl sterile, einzeln verpackte Rollen f\u00fcr den chirurgischen Einsatz als auch unsterile Gro\u00dfpackungen f\u00fcr die <strong>Erste-Hilfe-Material-<\/strong> Zusammenstellung liefern.<\/li>\n<li><strong>Latexfreies Material:<\/strong> Sicher f\u00fcr Patienten mit Latexallergien, wodurch das Risiko allergischer Reaktionen minimiert wird.<\/li>\n<li><strong>Kosteneffiziente L\u00f6sung:<\/strong> PBT-Binden sind eine wirtschaftliche Alternative zu teureren Kreppbandagen und bieten gleichzeitig eine vergleichbare Funktionalit\u00e4t f\u00fcr die Fixierung von Verb\u00e4nden.<\/li>\n<\/ul>\n<hr \/>\n<h3 id=\"product-specifications\">Produktspezifikationen<\/h3>\n<p>Bei <strong>MediTapes<\/strong>, wir verstehen, dass unterschiedliche medizinische Szenarien verschiedene Spezifikationen erfordern. Nachfolgend finden Sie die technischen Standardparameter f\u00fcr unsere <strong>Elastische PBT-Bandage<\/strong>:<\/p>\n<table>\n<thead>\n<tr>\n<th style=\"text-align: left;\">Parameter<\/th>\n<th style=\"text-align: left;\">Spezifikationsdetails<\/th>\n<\/tr>\n<\/thead>\n<tbody>\n<tr>\n<td style=\"text-align: left;\"><strong>Produktname<\/strong><\/td>\n<td style=\"text-align: left;\"><strong>PBT elastische Fixierbinde (PBT-Binde)<\/strong><\/td>\n<\/tr>\n<tr>\n<td style=\"text-align: left;\"><strong>Material<\/strong><\/td>\n<td style=\"text-align: left;\">Mischung aus Polyester und Viskose (hohe Elastizit\u00e4t, weiche Textur)<\/td>\n<\/tr>\n<tr>\n<td style=\"text-align: left;\"><strong>Breitenoptionen<\/strong><\/td>\n<td style=\"text-align: left;\"><strong>5 cm, 7,5 cm, 10 cm<\/strong> (Sonderbreiten verf\u00fcgbar)<\/td>\n<\/tr>\n<tr>\n<td style=\"text-align: left;\"><strong>Gedehnte L\u00e4nge<\/strong><\/td>\n<td style=\"text-align: left;\"><strong>4,5 m<\/strong> (Standard)<\/td>\n<\/tr>\n<tr>\n<td style=\"text-align: left;\"><strong>Farbe<\/strong><\/td>\n<td style=\"text-align: left;\"><strong>Wei\u00df<\/strong><\/td>\n<\/tr>\n<tr>\n<td style=\"text-align: left;\"><strong>Sterilisation<\/strong><\/td>\n<td style=\"text-align: left;\">EO-steril oder unsteril (optional)<\/td>\n<\/tr>\n<tr>\n<td style=\"text-align: left;\"><strong>Zertifizierungen<\/strong><\/td>\n<td style=\"text-align: left;\">ISO 13485, CE, FDA-gelistet<\/td>\n<\/tr>\n<tr>\n<td style=\"text-align: left;\"><strong>Verpackung<\/strong><\/td>\n<td style=\"text-align: left;\"><strong>Gem\u00e4\u00df Kundenanforderungen<\/strong> (z. B. Einzel-Flowpack, Gro\u00dfverpackung, Kartonverpackung)<\/td>\n<\/tr>\n<\/tbody>\n<\/table>\n<p><em>(Hinweis: Wir bieten vollst\u00e4ndige OEM-Anpassung an. Wenn Sie spezielle Gr\u00f6\u00dfen oder Private Labeling ben\u00f6tigen, kontaktieren Sie bitte unser Support-Team.)<\/em><\/p>\n<hr \/>\n<h3 id=\"applications-and-usage\">Anwendungen und Verwendung<\/h3>\n<p>Unsere <strong>Elastische PBT-Bandage<\/strong> wird in der gesamten Gesundheitsbranche h\u00e4ufig verwendet. Es ist ein Grundbestandteil im Inventar von <strong>Erste-Hilfe-Material-<\/strong> Distributoren.<\/p>\n<ol>\n<li><strong>Erste-Hilfe-Sets:<\/strong> Aufgrund ihrer kompakten Gr\u00f6\u00dfe und Vielseitigkeit ist sie die Standard-Fixierbinde in Erste-Hilfe-K\u00e4sten f\u00fcr Kraftfahrzeuge, Industrie und Haushalt.<\/li>\n<li><strong>Wundversorgung &amp; Verbandfixierung:<\/strong> Wird verwendet, um Gazekompressen oder nichthaftende Wundauflagen auf Wunden zu fixieren, ohne Heftpflaster direkt auf der Haut zu verwenden.<\/li>\n<li><strong>Orthop\u00e4die &amp; Sportmedizin:<\/strong> Bietet leichte Kompression bei Zerrungen und Verstauchungen und hilft dabei, Schwellungen zu minimieren, w\u00e4hrend die Gelenkbeweglichkeit erhalten bleibt.<\/li>\n<li><strong>Veterin\u00e4rmedizinische Anwendung:<\/strong> Ihre nichthaftenden Eigenschaften (klebt nicht am Fell) machen sie zu einer ausgezeichneten Wahl f\u00fcr die Wundversorgung bei Tieren.<\/li>\n<\/ol>\n<hr \/>\n<h3 id=\"why-partner-with-meditapes-\">Warum eine Partnerschaft mit MediTapes?<\/h3>\n<p><strong>MediTapes<\/strong> ist mehr als nur ein Hersteller; wir sind Ihr strategischer Partner in der Lieferkette.<\/p>\n<ul>\n<li><strong>Preise direkt ab Werk:<\/strong> Durch den direkten Einkauf an der Quelle entfallen die Kosten f\u00fcr Zwischenh\u00e4ndler, was eine h\u00f6here Gewinnspanne f\u00fcr Ihr Vertriebsgesch\u00e4ft gew\u00e4hrleistet.<\/li>\n<li><strong>Anpassung (OEM\/ODM):<\/strong> Wir sind auf Private Labeling spezialisiert. Wir k\u00f6nnen Ihr Markenlogo auf die Verpackung drucken und das Schachteldesign an Ihre Marketinganforderungen anpassen.<\/li>\n<li><strong>Qualit\u00e4tssicherung:<\/strong> Unsere Einrichtung arbeitet unter strengen Qualit\u00e4tskontrollsystemen. Jede Charge von <strong>elastischen PBT-Binden<\/strong> wird vor dem Versand auf Gewicht, Elastizit\u00e4t und Reinheit gepr\u00fcft.<\/li>\n<li><strong>Globale Logistik:<\/strong> Wir verf\u00fcgen \u00fcber umfangreiche Erfahrung im Export nach Europa, Nordamerika, S\u00fcdostasien und in den Nahen Osten und wickeln alle notwendigen Unterlagen f\u00fcr eine reibungslose Zollabfertigung ab.<\/li>\n<\/ul>\n<h3 id=\"contact-us-for-a-quote\">Kontaktieren Sie uns f\u00fcr ein Angebot<\/h3>\n<p>Bereit zur Bevorratung mit hochwertigen <strong>medizinischen Bandagen<\/strong>?<\/p>\n<p>Stellen Sie sicher, dass Ihr Lagerbestand mit dem Besten <strong>Erste-Hilfe-Material-<\/strong> auf dem Markt ausgestattet ist. Kontaktieren Sie uns noch heute f\u00fcr ein kostenloses Muster oder ein wettbewerbsf\u00e4higes Gro\u00dfhandelsangebot.<\/p>\n<ul>\n<li><strong>Besuchen Sie unsere Website:<\/strong> <a href=\"https:\/\/meditapes.com\/de\/\" target=\"_blank\" rel=\"noopener\">https:\/\/meditapes.com\/<\/a><\/li>\n<li><strong>Angebot anfordern:<\/strong> <a href=\"https:\/\/meditapes.com\/de\/kontaktieren-sie-uns\/\" target=\"_blank\" rel=\"noopener\">https:\/\/meditapes.com\/contact-us\/<\/a><\/li>\n<li><strong>E-Mail an uns:<\/strong> <a href=\"mailto:info@meditapes.com\" target=\"_blank\" rel=\"noopener\">info@meditapes.com<\/a><\/li>\n<\/ul>\n<p><strong>MediTapes \u2013 Ihr zuverl\u00e4ssiger Partner f\u00fcr medizinische Verbrauchsmaterialien.<\/strong><\/p>\n<hr \/>","protected":false},"excerpt":{"rendered":"<p>F\u00fchrender Hersteller von elastischen PBT-Binden. Unsere PBT-Binden in medizinischer Qualit\u00e4t sind weich, atmungsaktiv und hochelastisch, ideal f\u00fcr Erste-Hilfe-Sets. Wir bieten Gro\u00dfmengen zu wettbewerbsf\u00e4higen Fabrikpreisen an. ISO\/CE-zertifiziert f\u00fcr den weltweiten Export. Kontaktieren Sie uns f\u00fcr Gro\u00dfhandelsangebote.<\/p>","protected":false},"featured_media":678,"template":"","meta":[],"product_brand":[28],"product_cat":[26,302],"product_tag":[371,558,557,559,556],"class_list":{"0":"post-677","1":"product","2":"type-product","3":"status-publish","4":"has-post-thumbnail","6":"product_brand-meditapes","7":"product_cat-elastic-bandages","8":"product_cat-pbt-bandage","9":"product_tag-first-aid-supplies","10":"product_tag-medical-bandage","11":"product_tag-pbt-elastic-bandage","12":"product_tag-wholesale-bandage","13":"product_tag-wholesale-medical-pbt-elastic-bandage","15":"first","16":"instock","17":"shipping-taxable","18":"product-type-simple"},"_links":{"self":[{"href":"https:\/\/meditapes.com\/de\/wp-json\/wp\/v2\/product\/677","targetHints":{"allow":["GET"]}}],"collection":[{"href":"https:\/\/meditapes.com\/de\/wp-json\/wp\/v2\/product"}],"about":[{"href":"https:\/\/meditapes.com\/de\/wp-json\/wp\/v2\/types\/product"}],"wp:featuredmedia":[{"embeddable":true,"href":"https:\/\/meditapes.com\/de\/wp-json\/wp\/v2\/media\/678"}],"wp:attachment":[{"href":"https:\/\/meditapes.com\/de\/wp-json\/wp\/v2\/media?parent=677"}],"wp:term":[{"taxonomy":"product_brand","embeddable":true,"href":"https:\/\/meditapes.com\/de\/wp-json\/wp\/v2\/product_brand?post=677"},{"taxonomy":"product_cat","embeddable":true,"href":"https:\/\/meditapes.com\/de\/wp-json\/wp\/v2\/product_cat?post=677"},{"taxonomy":"product_tag","embeddable":true,"href":"https:\/\/meditapes.com\/de\/wp-json\/wp\/v2\/product_tag?post=677"}],"curies":[{"name":"WP","href":"https:\/\/api.w.org\/{rel}","templated":true}]}}