{"id":650,"date":"2025-12-23T10:48:25","date_gmt":"2025-12-23T10:48:25","guid":{"rendered":"https:\/\/meditapes.com\/?post_type=product&#038;p=650"},"modified":"2025-12-23T10:48:26","modified_gmt":"2025-12-23T10:48:26","slug":"wholesale-breathable-elastic-crepe-bandage","status":"publish","type":"product","link":"https:\/\/meditapes.com\/de\/produkt\/wholesale-breathable-elastic-crepe-bandage\/","title":{"rendered":"Gro\u00dfhandel f\u00fcr atmungsaktive elastische Kreppbandagen f\u00fcr Sportverletzungen"},"content":{"rendered":"<h1 id=\"wholesale-breathable-elastic-crepe-bandage-for-sports-injuries\">Gro\u00dfhandel f\u00fcr atmungsaktive elastische Kreppbandagen f\u00fcr Sportverletzungen<\/h1>\n<p>In der anspruchsvollen Welt des Leistungssports und des Fitnesstrainings sind eine schnelle Genesung und ein zuverl\u00e4ssiger Schutz unverzichtbar. <strong>MediTapes<\/strong> pr\u00e4sentiert unsere <strong>Atmungsaktive elastische Kreppbandage im Gro\u00dfhandel<\/strong>, die speziell auf die Anforderungen von Sportmedizinern, Fitnessketten und Physiotherapiepraxen zugeschnitten ist.<\/p>\n<p>Als engagierter <strong>Gro\u00dfhandelslieferant f\u00fcr medizinischen Bedarf<\/strong> verstehen wir, dass Athleten eine Unterst\u00fctzung ben\u00f6tigen, die keine Kompromisse beim Komfort eingeht. Unsere leichte <strong>Kreppbandage<\/strong> ist so konzipiert, dass sie sich m\u00fchelos an komplexe K\u00f6rperkonturen wie Knie, Ellbogen und Kn\u00f6chel anpasst. Sie bietet die erforderliche Kompression zur Reduzierung von Schwellungen und sorgt gleichzeitig daf\u00fcr, dass die Haut k\u00fchl und trocken bleibt. F\u00fcr H\u00e4ndler, die eine umsatzstarke <strong>Sportbandage<\/strong>, bietet MediTapes Qualit\u00e4t direkt ab Werk zu wettbewerbsf\u00e4higen Staffelpreisen.<\/p>\n<h3 id=\"-product-overview-engineered-for-the-active-body-\"><strong>Produkt\u00fcbersicht: Entwickelt f\u00fcr den aktiven K\u00f6rper<\/strong><\/h3>\n<p>Dies ist nicht nur ein Standard-Wundverband; es ist ein Werkzeug zur Leistungssteigerung. Die <strong>atmungsaktive elastische Kreppbandage<\/strong> verf\u00fcgt \u00fcber eine einzigartige offene Webstruktur. Dieses por\u00f6se Design erm\u00f6glicht eine maximale Luftzirkulation, was f\u00fcr Sportler, die bei Bewegung W\u00e4rme und Schwei\u00df entwickeln, von entscheidender Bedeutung ist. Durch die Vermeidung von Feuchtigkeitsstau reduziert unsere Bandage das Risiko von Hautmazerationen und Irritationen, was l\u00e4ngere und komfortablere Tragezeiten w\u00e4hrend der Erholung erm\u00f6glicht.<\/p>\n<p>Ob zur sofortigen Ersten Hilfe auf dem Spielfeld oder zur laufenden Rehabilitation, diese <strong>atmungsaktive Krepp-<\/strong> L\u00f6sung bietet die perfekte Balance zwischen Flexibilit\u00e4t und Festigkeit. Sie fixiert K\u00fchlpacks, komprimiert Verstauchungen und unterst\u00fctzt gezerrte Muskeln, ohne die wesentliche Bewegungsfreiheit des Sportlers einzuschr\u00e4nken.<\/p>\n<h3 id=\"-key-features-performance-benefits-\"><strong>Hauptmerkmale &amp; Leistungsvorteile<\/strong><\/h3>\n<ul>\n<li><strong>Maximale Atmungsaktivit\u00e4t:<\/strong> Das spezialisierte Baumwollmischgewebe erzeugt eine \u201cbel\u00fcftete\u201d Struktur, die f\u00fcr W\u00e4rmeableitung und \u00fcberlegenen Komfort bei k\u00f6rperlicher Aktivit\u00e4t sorgt.<\/li>\n<li><strong>\u00dcberragende Anpassungsf\u00e4higkeit:<\/strong> Im Gegensatz zu starren Tapes dehnt sich diese Bandage und passt sich dem K\u00f6rper an. Sie sorgt f\u00fcr eine eng anliegende Passform um die <strong>Kn\u00f6chelst\u00fctz-<\/strong> Zone oder das Kniegelenk, ohne zu verrutschen oder Falten zu bilden.<\/li>\n<li><strong>Leicht &amp; unauff\u00e4llig:<\/strong> Sie kann diskret unter Socken oder Sportbekleidung getragen werden, ohne unn\u00f6tig aufzutragen, was sie ideal f\u00fcr das pr\u00e4ventive Wickeln w\u00e4hrend des Wettkampfs oder Trainings macht.<\/li>\n<li><strong>Kontrollierte Kompression:<\/strong> Bietet eine abgestufte Kompression, um Entz\u00fcndungen und \u00d6deme (Schwellungen) nach akuten Sportverletzungen effektiv zu behandeln.<\/li>\n<li><strong>Waschbar &amp; Wiederverwendbar:<\/strong> Die auf Langlebigkeit ausgelegte Bandage beh\u00e4lt ihre Elastizit\u00e4t auch nach dem Waschen bei und bietet so einen hervorragenden Wert f\u00fcr Sportteams und Kliniken.<\/li>\n<\/ul>\n<hr \/>\n<h3 id=\"-technical-specifications-\"><strong>Technische Spezifikationen<\/strong><\/h3>\n<p><strong>MediTapes<\/strong> bietet flexible Fertigungsoptionen f\u00fcr Ihren Lagerbedarf. Im Folgenden finden Sie die Standardspezifikationen f\u00fcr unsere <strong>Sportbandagen-<\/strong> Serie, basierend auf unseren Werkskapazit\u00e4ten.<\/p>\n<table>\n<thead>\n<tr>\n<th style=\"text-align: left;\">Spezifikation<\/th>\n<th style=\"text-align: left;\">Details<\/th>\n<th style=\"text-align: left;\">Empfohlene Anwendung<\/th>\n<\/tr>\n<\/thead>\n<tbody>\n<tr>\n<td style=\"text-align: left;\"><strong>Produktname<\/strong><\/td>\n<td style=\"text-align: left;\"><strong>atmungsaktive elastische Kreppbandage<\/strong><\/td>\n<td style=\"text-align: left;\">Sportmedizin &amp; Reha<\/td>\n<\/tr>\n<tr>\n<td style=\"text-align: left;\"><strong>Material<\/strong><\/td>\n<td style=\"text-align: left;\">Baumwoll-Spandex-Mischung (atmungsaktives Gewebe)<\/td>\n<td style=\"text-align: left;\">Allgemeine Unterst\u00fctzung<\/td>\n<\/tr>\n<tr>\n<td style=\"text-align: left;\"><strong>Breitenoptionen<\/strong><\/td>\n<td style=\"text-align: left;\"><strong>5 cm<\/strong><\/td>\n<td style=\"text-align: left;\">Handgelenke, H\u00e4nde, Gliedma\u00dfen von Kindern<\/td>\n<\/tr>\n<tr>\n<td style=\"text-align: left;\"><strong>Breitenoptionen<\/strong><\/td>\n<td style=\"text-align: left;\"><strong>7,5 cm, 10 cm<\/strong><\/td>\n<td style=\"text-align: left;\"><strong>Kn\u00f6chelbandage<\/strong>, Ellbogen, Knie<\/td>\n<\/tr>\n<tr>\n<td style=\"text-align: left;\"><strong>Breitenoptionen<\/strong><\/td>\n<td style=\"text-align: left;\"><strong>15 cm, 20 cm<\/strong><\/td>\n<td style=\"text-align: left;\">Oberschenkel, Schultern, gro\u00dfe Muskelgruppen<\/td>\n<\/tr>\n<tr>\n<td style=\"text-align: left;\"><strong>Verf\u00fcgbare L\u00e4ngen<\/strong><\/td>\n<td style=\"text-align: left;\"><strong>3m, 4m, 4,5m, 5m<\/strong> (Gedehnt)<\/td>\n<td style=\"text-align: left;\">Verschiedene<\/td>\n<\/tr>\n<tr>\n<td style=\"text-align: left;\"><strong>Farben<\/strong><\/td>\n<td style=\"text-align: left;\"><strong>Gebleicht<\/strong> (Wei\u00df), <strong>Rohwei\u00df<\/strong>, <strong>Hautfarben<\/strong><\/td>\n<td style=\"text-align: left;\">Team-\/Klinikpr\u00e4ferenz<\/td>\n<\/tr>\n<tr>\n<td style=\"text-align: left;\"><strong>Verpackung<\/strong><\/td>\n<td style=\"text-align: left;\"><strong>Gem\u00e4\u00df Kundenanforderungen<\/strong><\/td>\n<td style=\"text-align: left;\">Gro\u00dfkartons \/ Einzel-Polybeutel<\/td>\n<\/tr>\n<tr>\n<td style=\"text-align: left;\"><strong>Verschl\u00fcsse<\/strong><\/td>\n<td style=\"text-align: left;\">Metallclips oder elastische Clips<\/td>\n<td style=\"text-align: left;\">Sicherer Halt<\/td>\n<\/tr>\n<\/tbody>\n<\/table>\n<p><em>Hinweis: Als Direktlieferant ab Werk k\u00f6nnen wir das Verpackungsdesign so anpassen, dass das Sportlogo Ihrer Marke abgebildet wird. Kontaktieren Sie <a href=\"mailto:info@meditapes.com\" target=\"_blank\" rel=\"noopener\">info@meditapes.com<\/a> f\u00fcr OEM-Details.<\/em><\/p>\n<hr \/>\n<h3 id=\"-applications-in-sports-medicine-\"><strong>Anwendungen in der Sportmedizin<\/strong><\/h3>\n<p>Unsere <strong>atmungsaktive elastische Kreppbandage<\/strong> ist ein vielseitiges Standardelement f\u00fcr die Ausr\u00fcstung jedes Sporttrainers:<\/p>\n<ol>\n<li><strong>Behandlung akuter Verletzungen (P.E.C.H.-Regel):<\/strong> Unverzichtbar f\u00fcr die Phase der \u201cKompression\u201d innerhalb des P.E.C.H.-Protokolls (Pause, Eis, Compression, Hochlagern). Sie hilft dabei, Schwellungen unmittelbar nach einer Verstauchung oder Verdrehung zu begrenzen.<\/li>\n<li><strong>Gelenkstabilisierung:<\/strong> Bietet propriozeptives Feedback und mechanische Unterst\u00fctzung f\u00fcr schwache Kn\u00f6chel oder Knie und hilft, erneute Verletzungen w\u00e4hrend des Return-to-Play-Trainings zu verhindern.<\/li>\n<li><strong>Fixierung von Eispackungen:<\/strong> Die hohe Elastizit\u00e4t macht sie zum perfekten Hilfsmittel, um Eisbeutel oder Umschl\u00e4ge fest an der verletzten Stelle zu fixieren und so eine optimale K\u00e4lte\u00fcbertragung zu gew\u00e4hrleisten.<\/li>\n<li><strong>Unterst\u00fctzung bei Muskelzerrungen:<\/strong> Wird um die Oberschenkelr\u00fcckseite oder den Quadrizeps gewickelt, um W\u00e4rme und Halt zu bieten sowie Muskelvibrationen und Erm\u00fcdung zu reduzieren.<\/li>\n<li><strong>Prophylaktisches Bandagieren:<\/strong> Wird von Boxern und Kampfsportlern verwendet, um H\u00e4nde und Handgelenke unter den Handschuhen zu sch\u00fctzen.<\/li>\n<\/ol>\n<h3 id=\"-why-source-from-meditapes-\"><strong>Warum MediTapes als Lieferanten w\u00e4hlen?<\/strong><\/h3>\n<p>Im wettbewerbsintensiven Markt f\u00fcr <strong>Gro\u00dfhandelslieferant f\u00fcr medizinischen Bedarf<\/strong>, zeichnet sich MediTapes durch Zuverl\u00e4ssigkeit und Individualisierung aus.<\/p>\n<ul>\n<li><strong>Wirtschaftliche Vorteile f\u00fcr den Gro\u00dfhandel:<\/strong> Wir bieten gestaffelte Preisstrukturen an, die auf Gro\u00dfh\u00e4ndler und gro\u00dfe Einzelhandelsketten zugeschnitten sind. Je mehr Sie kaufen, desto mehr sparen Sie.<\/li>\n<li><strong>Gleichbleibende Qualit\u00e4t:<\/strong> Unsere Webtechnologie stellt sicher, dass jede Rolle eine gleichbleibende Spannung und Breite aufweist, sodass Ihre Kunden jedes Mal die gleiche zuverl\u00e4ssige Leistung erhalten.<\/li>\n<li><strong>Globale Logistik:<\/strong> Wir sind erfahren im Versand von Sammelcontainern nach Europa, Nordamerika und dar\u00fcber hinaus und \u00fcbernehmen die gesamte erforderliche Exportdokumentation.<\/li>\n<\/ul>\n<h3 id=\"-faq-ordering-shipping-\"><strong>FAQ: Bestellung &amp; Versand<\/strong><\/h3>\n<p><strong>F: Wie hoch ist die Mindestbestellmenge (MOQ) f\u00fcr Gro\u00dfbestellungen?<\/strong><br \/>\nA: Wir sind gegen\u00fcber B2B-Partnern flexibel. W\u00e4hrend wir Standard-Mindestbestellmengen f\u00fcr individuelle Verpackungen haben, f\u00fchren wir f\u00fcr schnellere, kleinere Gro\u00dfhandelslieferungen auch Standardgr\u00f6\u00dfen auf Lager. Bitte fragen Sie nach konkreten Zahlen.<\/p>\n<p><strong>F: K\u00f6nnen Sie Bandagen in individuellen Farben f\u00fcr Sportmannschaften herstellen?<\/strong><br \/>\nA: W\u00e4hrend unsere Standardfarben Gebleicht, Rohwei\u00df und Hautfarben sind, k\u00f6nnen wir f\u00fcr gro\u00dfe OEM-Auftr\u00e4ge kundenspezifische Farben herstellen. Kontaktieren Sie uns, um Ihre Anforderungen zu besprechen.<\/p>\n<p><strong>F: Ist das Material latexfrei?<\/strong><br \/>\nA: Wir bieten sowohl latexhaltige als auch latexfreie Versionen an. F\u00fcr Sportanwendungen, bei denen der Hautkontakt direkt und langanhaltend ist, empfehlen wir dringend unsere latexfreie Option, um Allergien zu vermeiden.<\/p>\n<h3 id=\"-get-a-wholesale-quote-today-\"><strong>Holen Sie sich noch heute ein Gro\u00dfhandelsangebot<\/strong><\/h3>\n<p>Statten Sie Ihre Kunden mit dem Besten f\u00fcr die Sporterholung aus. W\u00e4hlen Sie <strong>MediTapes<\/strong> f\u00fcr hochwertige, <strong>atmungsaktive Kreppbandagen,<\/strong> denen Sportler vertrauen.<\/p>\n<ul>\n<li><strong>Produkte ansehen:<\/strong> <a href=\"https:\/\/meditapes.com\/de\/\" target=\"_blank\" rel=\"noopener\">https:\/\/meditapes.com\/<\/a><\/li>\n<li><strong>Angebot anfordern:<\/strong> <a href=\"https:\/\/meditapes.com\/de\/kontaktieren-sie-uns\/\" target=\"_blank\" rel=\"noopener\">https:\/\/meditapes.com\/contact-us\/<\/a><\/li>\n<li><strong>Direkt-E-Mail:<\/strong> <a href=\"mailto:info@meditapes.com\" target=\"_blank\" rel=\"noopener\">info@meditapes.com<\/a><\/li>\n<\/ul>\n<p><strong>MediTapes \u2013 Unterst\u00fctzung f\u00fcr Athleten, Verband f\u00fcr Verband.<\/strong><\/p>","protected":false},"excerpt":{"rendered":"<p>Kaufen Sie atmungsaktive elastische Kreppbandagen in gro\u00dfen Mengen f\u00fcr die Regeneration im Sport. Diese leichte Kreppbandage passt sich m\u00fchelos K\u00f6rperkonturen wie Knien und Kn\u00f6cheln an. Sie reduziert Schwellungen und l\u00e4sst die Haut gleichzeitig atmen. Eine erstklassige Wahl f\u00fcr Sporttrainer, die eine zuverl\u00e4ssige Unterst\u00fctzung bei Sportverletzungen ben\u00f6tigen.<\/p>","protected":false},"featured_media":651,"template":"","meta":[],"product_brand":[28],"product_cat":[26,299],"product_tag":[508,507,509,482,506],"class_list":{"0":"post-650","1":"product","2":"type-product","3":"status-publish","4":"has-post-thumbnail","6":"product_brand-meditapes","7":"product_cat-elastic-bandages","8":"product_cat-elastic-crepe-bandage","9":"product_tag-ankle-support","10":"product_tag-breathable-crepe","11":"product_tag-bulk-medical-supply","12":"product_tag-sports-bandage","13":"product_tag-wholesale-breathable-elastic-crepe-bandage","15":"first","16":"instock","17":"shipping-taxable","18":"product-type-simple"},"_links":{"self":[{"href":"https:\/\/meditapes.com\/de\/wp-json\/wp\/v2\/product\/650","targetHints":{"allow":["GET"]}}],"collection":[{"href":"https:\/\/meditapes.com\/de\/wp-json\/wp\/v2\/product"}],"about":[{"href":"https:\/\/meditapes.com\/de\/wp-json\/wp\/v2\/types\/product"}],"wp:featuredmedia":[{"embeddable":true,"href":"https:\/\/meditapes.com\/de\/wp-json\/wp\/v2\/media\/651"}],"wp:attachment":[{"href":"https:\/\/meditapes.com\/de\/wp-json\/wp\/v2\/media?parent=650"}],"wp:term":[{"taxonomy":"product_brand","embeddable":true,"href":"https:\/\/meditapes.com\/de\/wp-json\/wp\/v2\/product_brand?post=650"},{"taxonomy":"product_cat","embeddable":true,"href":"https:\/\/meditapes.com\/de\/wp-json\/wp\/v2\/product_cat?post=650"},{"taxonomy":"product_tag","embeddable":true,"href":"https:\/\/meditapes.com\/de\/wp-json\/wp\/v2\/product_tag?post=650"}],"curies":[{"name":"WP","href":"https:\/\/api.w.org\/{rel}","templated":true}]}}