{"id":647,"date":"2025-12-23T10:42:04","date_gmt":"2025-12-23T10:42:04","guid":{"rendered":"https:\/\/meditapes.com\/?post_type=product&#038;p=647"},"modified":"2025-12-23T10:42:05","modified_gmt":"2025-12-23T10:42:05","slug":"heavy-duty-spandex-elastic-crepe-bandage","status":"publish","type":"product","link":"https:\/\/meditapes.com\/de\/produkt\/heavy-duty-spandex-elastic-crepe-bandage\/","title":{"rendered":"Strapazierf\u00e4hige Spandex-Elastik-Kreppbandage \u2013 Latexfreie Herstellung"},"content":{"rendered":"<h1 id=\"heavy-duty-spandex-elastic-crepe-bandage-latex-free-factory\">Strapazierf\u00e4hige Spandex-Elastik-Kreppbandage \u2013 Latexfreie Herstellung<\/h1>\n<p>Bei <strong>MediTapes<\/strong>, wir sind darauf spezialisiert, leistungsstarke medizinische Textilien f\u00fcr den globalen Markt zu liefern. Unsere <strong>strapazierf\u00e4hige Spandex-Elastik-Kreppbandage<\/strong> ist f\u00fcr erstklassige orthop\u00e4dische Unterst\u00fctzung und Kompression konzipiert. Direkt aus unserer Fabrik bezogen, kombiniert diese Premium-Bandage die Strapazierf\u00e4higkeit von schwerem Gewebe mit der fortschrittlichen Elastizit\u00e4t von Spandex, was sie zur bevorzugten Wahl bei der Behandlung von schweren Zerrungen, Verstauchungen und Krampfadern macht.<\/p>\n<p>Entwickelt mit Blick auf die Patientensicherheit, ist unsere <strong>latexfreie Kreppbandage<\/strong> eliminiert das Risiko von latexbedingten allergischen Reaktionen (Typ-I-\u00dcberempfindlichkeit) und ist somit sicher f\u00fcr die Anwendung bei allen Patienten, einschlie\u00dflich solcher mit empfindlicher Haut. F\u00fcr medizinische Distributoren und Einkaufsleiter von Krankenh\u00e4usern, die eine zuverl\u00e4ssige L\u00f6sung mit hoher Kompression suchen, MediTapes bietet das perfekte Gleichgewicht zwischen Qualit\u00e4t und Kosteneffizienz.<\/p>\n<h3 id=\"-product-overview-why-choose-heavy-duty-\"><strong>Produkt\u00fcbersicht: Warum die strapazierf\u00e4hige Ausf\u00fchrung w\u00e4hlen?<\/strong><\/h3>\n<p>Im Gegensatz zu standardm\u00e4\u00dfigen leichten Bandagen wird eine <strong>Strapazierf\u00e4hige Bandage<\/strong> mit einer h\u00f6heren Fadendichte pro Quadratzoll gewebt. Dies f\u00fchrt zu einem dickeren, robusteren Gewebe, das eine st\u00e4rkere und gleichm\u00e4\u00dfigere Kompression bietet.<\/p>\n<p>Die Einarbeitung von hochwertigen <strong>Spandex-Krepp-<\/strong> F\u00e4den stellt sicher, dass die Bandage ihre Elastizit\u00e4t auch nach wiederholtem Dehnen und Waschen beh\u00e4lt. Dieser \u201cMemory-Effekt\u201d ist entscheidend f\u00fcr Langzeitbehandlungen, bei denen die Aufrechterhaltung eines konstanten Drucks f\u00fcr die Genesung lebenswichtig ist. Ob in der intensiven Sportrehabilitation oder in der postoperativen Pflege \u2013 unsere Bandagen bieten unersch\u00fctterliche <strong>orthop\u00e4dische Unterst\u00fctzung<\/strong>.<\/p>\n<h3 id=\"-key-features-advantages-\"><strong>Hauptmerkmale &amp; Vorteile<\/strong><\/h3>\n<ul>\n<li><strong>100% Latexfreie Zusammensetzung:<\/strong> In modernen Gesundheitseinrichtungen steht die Patientensicherheit an erster Stelle. Unsere Bandagen werden aus synthetischem Spandex anstelle von Naturkautschuklatex hergestellt, um sicherzustellen, dass sie hypoallergen und f\u00fcr den universellen Einsatz sicher sind.<\/li>\n<li><strong>\u00dcberlegene elastische R\u00fcckfederung:<\/strong> Das fortschrittliche Spandex-Gewebe erm\u00f6glicht es der Bandage, sich erheblich zu dehnen (bis zu 200% oder mehr, je nach Spezifikation) und in ihre urspr\u00fcngliche Form zur\u00fcckzukehren, was eine dynamische Kompression bietet, die sich an Bewegungen anpasst und gleichzeitig \u00d6deme reduziert.<\/li>\n<li><strong>Extrem strapazierf\u00e4hig:<\/strong> Entwickelt, um den Anforderungen des t\u00e4glichen Gebrauchs standzuhalten. Die verst\u00e4rkten Kanten verhindern ein Ausfransen, und das schwere Gewebe beh\u00e4lt seine strukturelle Integrit\u00e4t auch nach mehreren Waschzyklen bei.<\/li>\n<li><strong>Atmungsaktiv &amp; Komfortabel:<\/strong> Trotz der hohen Belastbarkeit erm\u00f6glicht das spezielle Gewebe eine freie Luftzirkulation zur Haut, wodurch Schwei\u00dfansammlungen und Mazeration unter dem Verband verhindert werden.<\/li>\n<li><strong>Vielseitige \u00c4sthetik:<\/strong> Erh\u00e4ltlich in <strong>Gebleicht<\/strong>, <strong>Rohwei\u00df<\/strong>, und <strong>Hautfarben<\/strong> Farben, um vielf\u00e4ltigen Marktanforderungen gerecht zu werden \u2013 von klinischen Krankenhausumgebungen bis hin zu diskreter Alltagskleidung.<\/li>\n<\/ul>\n<hr \/>\n<h3 id=\"-technical-specifications-\"><strong>Technische Spezifikationen<\/strong><\/h3>\n<p><strong>MediTapes<\/strong> bietet vollst\u00e4ndige Anpassungsm\u00f6glichkeiten, um den spezifischen Anforderungen Ihres lokalen Marktes gerecht zu werden. Nachfolgend finden Sie die Standard-Herstellungsparameter f\u00fcr unsere <strong>strapazierf\u00e4hige Spandex-Elastik-Kreppbandage<\/strong>:<\/p>\n<table>\n<thead>\n<tr>\n<th style=\"text-align: left;\">Spezifikation<\/th>\n<th style=\"text-align: left;\">Details<\/th>\n<\/tr>\n<\/thead>\n<tbody>\n<tr>\n<td style=\"text-align: left;\"><strong>Produktname<\/strong><\/td>\n<td style=\"text-align: left;\"><strong>strapazierf\u00e4hige Spandex-Elastik-Kreppbandage<\/strong><\/td>\n<\/tr>\n<tr>\n<td style=\"text-align: left;\"><strong>Materialzusammensetzung<\/strong><\/td>\n<td style=\"text-align: left;\">Premium-Baumwolle &amp; Elasthan (Latexfrei)<\/td>\n<\/tr>\n<tr>\n<td style=\"text-align: left;\"><strong>Verf\u00fcgbare Breiten<\/strong><\/td>\n<td style=\"text-align: left;\"><strong>5 cm, 7,5 cm, 10 cm, 15 cm, 20 cm<\/strong><\/td>\n<\/tr>\n<tr>\n<td style=\"text-align: left;\"><strong>Gedehnte L\u00e4ngen<\/strong><\/td>\n<td style=\"text-align: left;\"><strong>3m, 4m, 4,5m, 5m<\/strong> (Individuelle L\u00e4ngen verf\u00fcgbar)<\/td>\n<\/tr>\n<tr>\n<td style=\"text-align: left;\"><strong>Farboptionen<\/strong><\/td>\n<td style=\"text-align: left;\"><strong>Gebleicht<\/strong> (Wei\u00df), <strong>Rohwei\u00df<\/strong> (Naturfarben), <strong>Hautfarben<\/strong> (Beige\/Hautfarben)<\/td>\n<\/tr>\n<tr>\n<td style=\"text-align: left;\"><strong>Elastizit\u00e4t<\/strong><\/td>\n<td style=\"text-align: left;\">Hoch elastisch (Hochbelastbare Qualit\u00e4t)<\/td>\n<\/tr>\n<tr>\n<td style=\"text-align: left;\"><strong>Verpackung<\/strong><\/td>\n<td style=\"text-align: left;\"><strong>Gem\u00e4\u00df Kundenanforderungen<\/strong> (Gro\u00dfpackung, einzelner Polybeutel, Blisterverpackung)<\/td>\n<\/tr>\n<tr>\n<td style=\"text-align: left;\"><strong>Clips\/Verschl\u00fcsse<\/strong><\/td>\n<td style=\"text-align: left;\">Aluminium-Clips oder elastische Clips (latexfreie Optionen verf\u00fcgbar)<\/td>\n<\/tr>\n<tr>\n<td style=\"text-align: left;\"><strong>Sterilit\u00e4t<\/strong><\/td>\n<td style=\"text-align: left;\">Nicht steril (Standard)<\/td>\n<\/tr>\n<\/tbody>\n<\/table>\n<p><em>Hinweis: Wenn Sie spezifische GSM-Gewichte oder ein individuelles Branding auf der Verpackung ben\u00f6tigen, kontaktieren Sie bitte unser Engineering-Team unter <a href=\"mailto:info@meditapes.com\" target=\"_blank\" rel=\"noopener\">info@meditapes.com<\/a>.<\/em><\/p>\n<hr \/>\n<h3 id=\"-clinical-orthopedic-applications-\"><strong>Klinische &amp; orthop\u00e4dische Anwendungen<\/strong><\/h3>\n<p>Die <strong>strapazierf\u00e4hige Spandex-Elastik-Kreppbandage<\/strong> ist ein vielseitiges Instrument in der modernen Medizin, speziell indiziert f\u00fcr Zust\u00e4nde, die eine feste Unterst\u00fctzung erfordern:<\/p>\n<ol>\n<li><strong>Orthop\u00e4dische Rehabilitation:<\/strong> Ideal zur Unterst\u00fctzung von B\u00e4nderrissen, schweren Kn\u00f6chelverstauchungen und Knieverletzungen. Der feste Halt stabilisiert das Gelenk und schr\u00e4nkt sch\u00e4dliche Bewegungen ein, w\u00e4hrend die funktionelle Mobilit\u00e4t erhalten bleibt.<\/li>\n<li><strong>Unterst\u00fctzung nach Gipsabnahme:<\/strong> Nach der Entfernung eines Gipsverbands ist die Gliedma\u00dfe oft schwach und geschwollen. Unsere <strong>Hochleistungsbandage<\/strong> bietet die notwendige abgestufte Kompression, um den Patienten wieder an normale Aktivit\u00e4ten heranzuf\u00fchren.<\/li>\n<li><strong>Behandlung von Krampfadern:<\/strong> Der starke elastische R\u00fccksto\u00df unterst\u00fctzt den R\u00fccktransport des Blutes zum Herzen und reduziert so signifikant Schwellungen in den Beinen sowie Beschwerden im Zusammenhang mit chronisch-ven\u00f6ser Insuffizienz.<\/li>\n<li><strong>Pr\u00e4vention von Sportverletzungen:<\/strong> Trainer und Physiotherapeuten nutzen unsere <strong>Spandex-Krepp-<\/strong> Bandagen, um gef\u00e4hrdete Gelenke (wie Hand- und Sprunggelenke) vor Aktivit\u00e4ten mit hoher Belastung zu umwickeln, um Verletzungen vorzubeugen.<\/li>\n<li><strong>Kompressionsh\u00e4mostase:<\/strong> Kann als Druckverband zur Blutstillung nach Operationen oder traumatischen Verletzungen verwendet werden.<\/li>\n<\/ol>\n<h3 id=\"-the-meditapes-manufacturing-advantage-\"><strong>Der MediTapes-Fertigungsvorteil<\/strong><\/h3>\n<p>Als B2B-Eink\u00e4ufer ist die direkte Beschaffung ab Werk der effektivste Weg zur Qualit\u00e4ts- und Kostenkontrolle.<\/p>\n<ul>\n<li><strong>Strenge Qualit\u00e4tskontrolle:<\/strong> Wir \u00fcberwachen jede Produktionsphase, von der Garnbeschaffung bis zum abschlie\u00dfenden Webprozess, um sicherzustellen, dass jede Rolle internationalen medizinischen Standards entspricht.<\/li>\n<li><strong>Flexible Verpackungsl\u00f6sungen:<\/strong> Wir wissen, dass die Anforderungen im Einzelhandel unterschiedlich sind. Ob Sie individuelle Flowpacks f\u00fcr Apotheken oder Gro\u00dfkartons f\u00fcr Krankenh\u00e4user ben\u00f6tigen, wir verpacken <strong>gem\u00e4\u00df Kundenanforderungen<\/strong>.<\/li>\n<li><strong>Globale Exporterfahrung:<\/strong> MediTapes verf\u00fcgt \u00fcber Erfahrung in der Abwicklung von Logistik und Dokumentation f\u00fcr den Export nach Europa, Nordamerika, S\u00fcdostasien und den Nahen Osten.<\/li>\n<\/ul>\n<h3 id=\"-faq-for-wholesale-buyers-\"><strong>FAQ f\u00fcr Gro\u00dfhandelsk\u00e4ufer<\/strong><\/h3>\n<p><strong>F: Ist diese Bandage waschbar?<\/strong><br \/>\nA: Ja, die strapazierf\u00e4hige Mischung aus Baumwolle und Elasthan ist so konzipiert, dass sie waschbar und wiederverwendbar ist, ohne ihre Elastizit\u00e4t zu verlieren.<\/p>\n<p><strong>F: Kann ich Muster erhalten, bevor ich eine Gro\u00dfbestellung aufgebe?<\/strong><br \/>\nA: Absolut. Wir laden Sie ein, unsere Qualit\u00e4t zu testen. Kontaktieren Sie uns, um ein Muster-Set mit verschiedenen Breiten (5 cm - 20 cm) und Farben anzufordern.<\/p>\n<p><strong>F: Bieten Sie Private-Label-Services (OEM) an?<\/strong><br \/>\nA: Ja, wir k\u00f6nnen Ihr Markenlogo auf die Bandagenclips, die Innenverpackung und die Umkartons drucken.<\/p>\n<h3 id=\"-contact-us-for-a-quote-\"><strong>Kontaktieren Sie uns f\u00fcr ein Angebot<\/strong><\/h3>\n<p>Sichern Sie sich Ihren Vorrat an leistungsstarken <strong>strapazierf\u00e4higen elastischen Spandex-Kreppbandagen<\/strong> noch heute. Werden Sie Partner von <strong>MediTapes<\/strong> f\u00fcr Preise direkt ab Werk und kompromisslose Qualit\u00e4t.<\/p>\n<ul>\n<li><strong>Besuchen Sie unsere Website:<\/strong> <a href=\"https:\/\/meditapes.com\/de\/\" target=\"_blank\" rel=\"noopener\">https:\/\/meditapes.com\/<\/a><\/li>\n<li><strong>Jetzt anfragen:<\/strong> <a href=\"https:\/\/meditapes.com\/de\/kontaktieren-sie-uns\/\" target=\"_blank\" rel=\"noopener\">https:\/\/meditapes.com\/contact-us\/<\/a><\/li>\n<li><strong>E-Mail an das Vertriebsteam:<\/strong> <a href=\"mailto:info@meditapes.com\" target=\"_blank\" rel=\"noopener\">info@meditapes.com<\/a><\/li>\n<\/ul>\n<p><strong>MediTapes \u2013 Ihr zuverl\u00e4ssiger Partner f\u00fcr medizinische Kompressionsl\u00f6sungen.<\/strong><\/p>","protected":false},"excerpt":{"rendered":"<p>Beziehen Sie hochwertige, strapazierf\u00e4hige Spandex-Elastik-Kreppbandagen direkt ab Werk. Diese latexfreie Kreppbandage wurde f\u00fcr starke Kompression in der Orthop\u00e4die entwickelt und minimiert allergische Reaktionen. Die dauerhafte Elastizit\u00e4t gew\u00e4hrleistet langfristige Unterst\u00fctzung bei schweren Verstauchungen und in der postoperativen Erholung.<\/p>","protected":false},"featured_media":648,"template":"","meta":[],"product_brand":[28],"product_cat":[26,299],"product_tag":[484,502,504,505,503],"class_list":{"0":"post-647","1":"product","2":"type-product","3":"status-publish","4":"has-post-thumbnail","6":"product_brand-meditapes","7":"product_cat-elastic-bandages","8":"product_cat-elastic-crepe-bandage","9":"product_tag-heavy-duty-bandage","10":"product_tag-heavy-duty-spandex-elastic-crepe-bandage","11":"product_tag-latex-free","12":"product_tag-orthopedic-support","13":"product_tag-spandex-crepe","15":"first","16":"instock","17":"shipping-taxable","18":"product-type-simple"},"_links":{"self":[{"href":"https:\/\/meditapes.com\/de\/wp-json\/wp\/v2\/product\/647","targetHints":{"allow":["GET"]}}],"collection":[{"href":"https:\/\/meditapes.com\/de\/wp-json\/wp\/v2\/product"}],"about":[{"href":"https:\/\/meditapes.com\/de\/wp-json\/wp\/v2\/types\/product"}],"wp:featuredmedia":[{"embeddable":true,"href":"https:\/\/meditapes.com\/de\/wp-json\/wp\/v2\/media\/648"}],"wp:attachment":[{"href":"https:\/\/meditapes.com\/de\/wp-json\/wp\/v2\/media?parent=647"}],"wp:term":[{"taxonomy":"product_brand","embeddable":true,"href":"https:\/\/meditapes.com\/de\/wp-json\/wp\/v2\/product_brand?post=647"},{"taxonomy":"product_cat","embeddable":true,"href":"https:\/\/meditapes.com\/de\/wp-json\/wp\/v2\/product_cat?post=647"},{"taxonomy":"product_tag","embeddable":true,"href":"https:\/\/meditapes.com\/de\/wp-json\/wp\/v2\/product_tag?post=647"}],"curies":[{"name":"WP","href":"https:\/\/api.w.org\/{rel}","templated":true}]}}