{"id":644,"date":"2025-12-23T10:33:23","date_gmt":"2025-12-23T10:33:23","guid":{"rendered":"https:\/\/meditapes.com\/?post_type=product&#038;p=644"},"modified":"2025-12-23T10:43:12","modified_gmt":"2025-12-23T10:43:12","slug":"medical-cotton-elastic-crepe-bandage","status":"publish","type":"product","link":"https:\/\/meditapes.com\/de\/produkt\/medical-cotton-elastic-crepe-bandage\/","title":{"rendered":"Medizinische elastische Baumwoll-Crepe-Bandage f\u00fcr Wundversorgung &amp; Unterst\u00fctzung"},"content":{"rendered":"<h1 id=\"medical-cotton-elastic-crepe-bandage-for-wound-care-support\">Medizinische elastische Baumwoll-Kreppbandage zur Wundversorgung und Unterst\u00fctzung<\/h1>\n<p>Bei <strong>MediTapes<\/strong>, wir verstehen, dass professionelle Gesundheitsdienstleister zuverl\u00e4ssige, langlebige und hautfreundliche medizinische Produkte ben\u00f6tigen. Unsere <strong>Medizinische elastische Baumwoll-Crepe-Bandage<\/strong> bietet \u00fcberlegene Atmungsaktivit\u00e4t und konsistente Kompression, was sie zur ersten Wahl f\u00fcr Krankenh\u00e4user, Kliniken und sportmedizinische Zentren weltweit macht. Ideal zum Fixieren von Verb\u00e4nden und zur Unterst\u00fctzung bei Zerrungen, diese <strong>elastische Crepe-Bandage<\/strong> ist waschbar, wiederverwendbar und bietet einen festen Halt ohne zu verrutschen. Sie ist die perfekte L\u00f6sung f\u00fcr professionelle <strong>Wundversorgung<\/strong> und orthop\u00e4dische Unterst\u00fctzung.<\/p>\n<h3 id=\"-product-overview-\"><strong>Produkt\u00fcbersicht<\/strong><\/h3>\n<p>Die <strong>Elastische Kreppbandage<\/strong> ist ein universell eingesetztes medizinisches Verbrauchsmaterial, das f\u00fcr eine abgestufte Kompression und Unterst\u00fctzung entwickelt wurde. Im Gegensatz zu Standard-Gaze verf\u00fcgt unsere Crepe-Bandage \u00fcber eine einzigartige Gewebestruktur, die rutschfeste Elastizit\u00e4t bietet, ohne die Blutzirkulation zu behindern.<\/p>\n<p>Hergestellt aus hochwertigen Baumwoll- und Elasthanf\u00e4den, passt sich die Bandage nahtlos den K\u00f6rperkonturen an und stellt sicher, dass sie auch an schwierigen Stellen wie Knien, Ellbogen und Kn\u00f6cheln an ihrem Platz bleibt. Ganz gleich, ob Sie ein medizinischer Gro\u00dfh\u00e4ndler auf der Suche nach Massenware oder ein Einkaufsbeauftragter eines Krankenhauses auf der Suche nach zuverl\u00e4ssiger <strong>Kompressionsunterst\u00fctzung<\/strong>, sind, MediTapes liefert Qualit\u00e4t, der Sie vertrauen k\u00f6nnen.<\/p>\n<h3 id=\"-key-features-benefits-\"><strong>Hauptmerkmale &amp; Vorteile<\/strong><\/h3>\n<ul>\n<li><strong>\u00dcberlegene Elastizit\u00e4t &amp; R\u00fcckstellkraft:<\/strong> Die Bandage l\u00e4sst sich deutlich dehnen und kehrt in ihre urspr\u00fcngliche Form zur\u00fcck, wodurch ein dauerhafter Druck \u00fcber lange Zeitr\u00e4ume gew\u00e4hrleistet wird.<\/li>\n<li><strong>Atmungsaktive Baumwolltextur:<\/strong> Die por\u00f6se Bindung, die \u00fcberwiegend aus hochwertiger Baumwolle besteht, l\u00e4sst die Haut atmen und verringert das Risiko von Mazerationen bei langfristigem Tragen.<\/li>\n<li><strong>Rutschfester Halt:<\/strong> Die strukturierte Oberfl\u00e4che sorgt daf\u00fcr, dass die Schichten der Bandage ineinandergreifen und verhindern, dass sich der Verband bei Bewegungen des Patienten aufl\u00f6st.<\/li>\n<li><strong>Waschbar &amp; Wiederverwendbar:<\/strong> Auf Langlebigkeit ausgelegt, beh\u00e4lt unsere <strong>Baumwollbandage<\/strong> ihre Elastizit\u00e4t auch nach dem Waschen bei, was sie zu einer kosteng\u00fcnstigen Option f\u00fcr Patienten macht.<\/li>\n<li><strong>Hautfreundlich:<\/strong> Erh\u00e4ltlich in <strong>Gebleicht<\/strong>, <strong>Rohwei\u00df<\/strong>, und <strong>Hautfarben<\/strong> Farben, um unterschiedlichen Patientenbed\u00fcrfnissen und \u00e4sthetischen Vorlieben gerecht zu werden.<\/li>\n<\/ul>\n<hr \/>\n<h3 id=\"-technical-specifications-\"><strong>Technische Spezifikationen<\/strong><\/h3>\n<p>Nachfolgend finden Sie die detaillierten Parameter unserer <strong>Elastische Kreppbandage<\/strong>. Als flexibler B2B-Hersteller, <strong>MediTapes<\/strong> k\u00f6nnen wir Gr\u00f6\u00dfen und Verpackungen an Ihre spezifischen Marktanforderungen anpassen.<\/p>\n<table>\n<thead>\n<tr>\n<th style=\"text-align: left;\">Spezifikation<\/th>\n<th style=\"text-align: left;\">Details<\/th>\n<\/tr>\n<\/thead>\n<tbody>\n<tr>\n<td style=\"text-align: left;\"><strong>Produktname<\/strong><\/td>\n<td style=\"text-align: left;\"><strong>Elastische Kreppbandage<\/strong> (Medizinische Qualit\u00e4t)<\/td>\n<\/tr>\n<tr>\n<td style=\"text-align: left;\"><strong>Material<\/strong><\/td>\n<td style=\"text-align: left;\">Hochwertige Mischung aus Baumwolle und Elasthan<\/td>\n<\/tr>\n<tr>\n<td style=\"text-align: left;\"><strong>Verf\u00fcgbare Breiten<\/strong><\/td>\n<td style=\"text-align: left;\"><strong>5 cm, 7,5 cm, 10 cm, 15 cm, 20 cm<\/strong><\/td>\n<\/tr>\n<tr>\n<td style=\"text-align: left;\"><strong>Verf\u00fcgbare L\u00e4ngen<\/strong><\/td>\n<td style=\"text-align: left;\"><strong>3m, 4m, 4,5m, 5m<\/strong> (Gedehnte L\u00e4nge)<\/td>\n<\/tr>\n<tr>\n<td style=\"text-align: left;\"><strong>Farben<\/strong><\/td>\n<td style=\"text-align: left;\"><strong>Gebleicht<\/strong> (Wei\u00df), <strong>Rohwei\u00df<\/strong> (Naturfarben), <strong>Hautfarben<\/strong> (Beige\/Hautfarben)<\/td>\n<\/tr>\n<tr>\n<td style=\"text-align: left;\"><strong>Sterilit\u00e4t<\/strong><\/td>\n<td style=\"text-align: left;\">Unsteril (Sterile Optionen auf Anfrage erh\u00e4ltlich)<\/td>\n<\/tr>\n<tr>\n<td style=\"text-align: left;\"><strong>Verpackung<\/strong><\/td>\n<td style=\"text-align: left;\"><strong>Gem\u00e4\u00df Kundenanforderungen<\/strong> (Einzel-Flowpack, Cellophan, Karton)<\/td>\n<\/tr>\n<tr>\n<td style=\"text-align: left;\"><strong>Zertifizierungen<\/strong><\/td>\n<td style=\"text-align: left;\">ISO \/ CE \/ FDA (Bitte kontaktieren Sie uns f\u00fcr spezifische Dokumentationen)<\/td>\n<\/tr>\n<tr>\n<td style=\"text-align: left;\"><strong>Mindestbestellmenge (MOQ)<\/strong><\/td>\n<td style=\"text-align: left;\">Flexibel f\u00fcr B2B-Bestellungen (Kontaktieren Sie den Vertrieb f\u00fcr Details)<\/td>\n<\/tr>\n<\/tbody>\n<\/table>\n<p><em>Hinweis: Sondergr\u00f6\u00dfen und Private-Label-Verpackungen (OEM) sind verf\u00fcgbar. Bitte konsultieren Sie unser Vertriebsteam unter <a href=\"mailto:info@meditapes.com\" target=\"_blank\" rel=\"noopener\">info@meditapes.com<\/a>.<\/em><\/p>\n<hr \/>\n<h3 id=\"-applications-in-medical-sports-fields-\"><strong>Anwendungen im medizinischen und sportlichen Bereich<\/strong><\/h3>\n<p>Unsere <strong>Medizinische Kreppbandage<\/strong> ist vielseitig und unverzichtbar f\u00fcr verschiedene medizinische Szenarien:<\/p>\n<ol>\n<li><strong>Orthop\u00e4dische Unterst\u00fctzung:<\/strong> Bietet Linderung und Unterst\u00fctzung bei Verstauchungen, Zerrungen und kleineren Frakturen. Sie hilft, Schwellungen (\u00d6deme) und Gelenkschmerzen zu reduzieren.<\/li>\n<li><strong>Wundversorgung &amp; Verbandfixierung:<\/strong> Die Bandage eignet sich hervorragend zur sicheren Fixierung prim\u00e4rer Wundauflagen, ohne dass Klebeb\u00e4nder erforderlich sind, die empfindliche Haut sch\u00e4digen k\u00f6nnten.<\/li>\n<li><strong>Postoperative Kompression:<\/strong> Wird verwendet, um Druck auf Operationsstellen aufrechtzuerhalten, um Fl\u00fcssigkeitsansammlungen zu verhindern und die Heilung von Weichteilgewebe zu unterst\u00fctzen.<\/li>\n<li><strong>Sportmedizin:<\/strong> Sportler verwenden unsere <strong>Kompressionsunterst\u00fctzung<\/strong> Bandagen zur Stabilisierung von Gelenken w\u00e4hrend der Aktivit\u00e4t oder f\u00fcr die R.I.C.E.-Therapie (Ruhe, Eis, Kompression, Hochlagern) nach einer Verletzung.<\/li>\n<li><strong>Behandlung von Krampfadern:<\/strong> Die gleichbleibende Elastizit\u00e4t unterst\u00fctzt den ven\u00f6sen R\u00fcckfluss und bietet Patienten mit Krampfadern Komfort.<\/li>\n<\/ol>\n<h3 id=\"-why-choose-meditapes-as-your-supplier-\"><strong>Warum MediTapes als Ihren Lieferanten w\u00e4hlen?<\/strong><\/h3>\n<p><strong>MediTapes<\/strong> ist mehr als nur ein Lieferant; wir sind Ihr strategischer Partner in der medizinischen Lieferkette.<\/p>\n<ul>\n<li><strong>Preise direkt ab Werk:<\/strong> Durch den Wegfall von Zwischenh\u00e4ndlern bieten wir wettbewerbsf\u00e4hige Gro\u00dfhandelspreise f\u00fcr unsere <strong>Elastische Kreppbandage<\/strong>.<\/li>\n<li><strong>Anpassung (OEM\/ODM):<\/strong> Wir k\u00f6nnen Ihr Markenlogo auf die Verpackung drucken, die Verbandklammern (Metall oder elastisch) anpassen und die Rollenl\u00e4nge entsprechend Ihren lokalen Marktstandards modifizieren.<\/li>\n<li><strong>Qualit\u00e4tssicherung:<\/strong> Jede Charge wird strengen Tests auf Elastizit\u00e4t, Gewicht (GSM) und Kantenstabilit\u00e4t unterzogen, um sicherzustellen, dass kein Ausfransen auftritt.<\/li>\n<\/ul>\n<h3 id=\"-ordering-information-\"><strong>Bestellinformationen<\/strong><\/h3>\n<p>Bereit, Ihr Lager mit erstklassigen <strong>Elastische Kreppbandagen<\/strong>?<br \/>\nWir bieten flexible Versandoptionen an und k\u00f6nnen Gro\u00dfauftr\u00e4ge mit kurzen Lieferzeiten abwickeln.<\/p>\n<ul>\n<li><strong>Website:<\/strong> <a href=\"https:\/\/meditapes.com\/de\/\" target=\"_blank\" rel=\"noopener\">https:\/\/meditapes.com\/<\/a><\/li>\n<li><strong>Kontaktseite:<\/strong> <a href=\"https:\/\/meditapes.com\/de\/kontaktieren-sie-uns\/\" target=\"_blank\" rel=\"noopener\">https:\/\/meditapes.com\/contact-us\/<\/a><\/li>\n<li><strong>E-Mail f\u00fcr Angebote:<\/strong> <a href=\"mailto:info@meditapes.com\" target=\"_blank\" rel=\"noopener\">info@meditapes.com<\/a><\/li>\n<\/ul>\n<p><strong>Machen Sie keine Kompromisse bei der Patientenversorgung.<\/strong> W\u00e4hlen Sie <strong>MediTapes<\/strong> f\u00fcr zuverl\u00e4ssige, medizinische <strong>Baumwollbandagen<\/strong> denen Fachleute vertrauen. Kontaktieren Sie uns noch heute f\u00fcr ein kostenloses Muster oder eine Gro\u00dfhandelspreisliste.<\/p>","protected":false},"excerpt":{"rendered":"<p>Unsere medizinische elastische Baumwoll-Crepe-Bandage bietet \u00fcberlegene Atmungsaktivit\u00e4t und gleichm\u00e4\u00dfige Kompression. Ideal zum Fixieren von Verb\u00e4nden und zur Unterst\u00fctzung bei Zerrungen. Diese elastische Crepe-Bandage ist waschbar, wiederverwendbar und bietet festen Halt ohne zu verrutschen. Perfekt f\u00fcr professionelle Wundversorgungskliniken.<\/p>","protected":false},"featured_media":649,"template":"","meta":[],"product_brand":[28],"product_cat":[26,299],"product_tag":[501,479,499,500,489],"class_list":{"0":"post-644","1":"product","2":"type-product","3":"status-publish","4":"has-post-thumbnail","6":"product_brand-meditapes","7":"product_cat-elastic-bandages","8":"product_cat-elastic-crepe-bandage","9":"product_tag-compression-support","10":"product_tag-cotton-bandage","11":"product_tag-medical-cotton-elastic-crepe-bandage","12":"product_tag-medical-crepe-bandage","13":"product_tag-wound-care","15":"first","16":"instock","17":"shipping-taxable","18":"product-type-simple"},"_links":{"self":[{"href":"https:\/\/meditapes.com\/de\/wp-json\/wp\/v2\/product\/644","targetHints":{"allow":["GET"]}}],"collection":[{"href":"https:\/\/meditapes.com\/de\/wp-json\/wp\/v2\/product"}],"about":[{"href":"https:\/\/meditapes.com\/de\/wp-json\/wp\/v2\/types\/product"}],"wp:featuredmedia":[{"embeddable":true,"href":"https:\/\/meditapes.com\/de\/wp-json\/wp\/v2\/media\/649"}],"wp:attachment":[{"href":"https:\/\/meditapes.com\/de\/wp-json\/wp\/v2\/media?parent=644"}],"wp:term":[{"taxonomy":"product_brand","embeddable":true,"href":"https:\/\/meditapes.com\/de\/wp-json\/wp\/v2\/product_brand?post=644"},{"taxonomy":"product_cat","embeddable":true,"href":"https:\/\/meditapes.com\/de\/wp-json\/wp\/v2\/product_cat?post=644"},{"taxonomy":"product_tag","embeddable":true,"href":"https:\/\/meditapes.com\/de\/wp-json\/wp\/v2\/product_tag?post=644"}],"curies":[{"name":"WP","href":"https:\/\/api.w.org\/{rel}","templated":true}]}}