{"id":634,"date":"2025-12-23T05:58:19","date_gmt":"2025-12-23T05:58:19","guid":{"rendered":"https:\/\/meditapes.com\/?post_type=product&#038;p=634"},"modified":"2025-12-23T05:58:21","modified_gmt":"2025-12-23T05:58:21","slug":"groshandel-fur-elastische-binden","status":"publish","type":"product","link":"https:\/\/meditapes.com\/de\/produkt\/groshandel-fur-elastische-binden\/","title":{"rendered":"Gro\u00dfhandel f\u00fcr elastische Mullbinden \u2013 Medizinische Kompressionsrolle aus Baumwolle"},"content":{"rendered":"<h1 id=\"elastic-plain-bandage-wholesale-cotton-medical-compression-roll\">Gro\u00dfhandel f\u00fcr elastische Mullbinden \u2013 Medizinische Kompressionsrolle aus Baumwolle<\/h1>\n<p>Bei <strong>MediTapes<\/strong>, wir verstehen, dass medizinische Fachkr\u00e4fte und Distributoren Verbrauchsmaterialien ben\u00f6tigen, die Kosteneffizienz mit erstklassiger Patientenversorgung verbinden. Unsere <strong>Elastische Fixierbinde<\/strong> ist eine erstklassige <strong>medizinische Kompressionsrolle aus Baumwolle<\/strong> entwickelt, um konsistente Unterst\u00fctzung, hohe Atmungsaktivit\u00e4t und zuverl\u00e4ssige Fixierung f\u00fcr eine breite Palette von medizinischen und sportlichen Anwendungen zu bieten.<\/p>\n<p>Als f\u00fchrender Anbieter von <strong>medizinischen Gro\u00dfhandelsbedarf<\/strong>, verpflichtet sich MediTapes zur Lieferung von Produkten, die internationalen Qualit\u00e4tsstandards entsprechen. Ob Sie Einkaufsleiter in einem Krankenhaus, Distributor einer Apothekenkette oder Anbieter f\u00fcr Sportmedizin sind \u2013 unsere elastischen glatten Bandagen sind darauf ausgelegt, Ihren Bedarf im Gro\u00dfeinkauf zu decken.<\/p>\n<h2 id=\"product-overview-what-is-an-elastic-plain-bandage-\">Produkt\u00fcbersicht: Was ist eine elastische glatte Bandage?<\/h2>\n<p>Die <strong>Elastische Fixierbinde<\/strong> ist eine vielseitige, gewebte Fixierbandage. Im Gegensatz zu Kreppbandagen, die eine gekr\u00e4uselte Textur haben, weist die glatte Bandage eine glatte, flache Gewebestruktur auf. Dieses Design erm\u00f6glicht ein flacheres Profil beim Anlegen, wodurch sie f\u00fcr Patienten angenehm unter der Kleidung zu tragen ist.<\/p>\n<p>Hergestellt aus einer hochwertigen Mischung aus Baumwolle und elastischen Fasern (PBT oder Elasthan), bietet diese <strong>Baumwollbandage<\/strong> hervorragende Dehnungs- und R\u00fccksprungeigenschaften. Sie bietet kontrollierte Kompression, um Schwellungen zu minimieren und verletzte Gliedma\u00dfen zu st\u00fctzen, ohne bei korrektem Anlegen den Blutfluss einzuschr\u00e4nken.<\/p>\n<h2 id=\"key-features-benefits\">Hauptmerkmale &amp; Vorteile<\/h2>\n<p>Warum sollten Sie MediTapes als Ihren Partner f\u00fcr <strong>Elastische Fixierbinde<\/strong> Hersteller? Hier erfahren Sie, was unser Produkt auf dem Weltmarkt auszeichnet:<\/p>\n<ul>\n<li><strong>Hervorragende Atmungsaktivit\u00e4t:<\/strong> Die por\u00f6se, glatte Gewebekonstruktion gew\u00e4hrleistet eine maximale Luftzirkulation. Dies verringert das Risiko von Hautmazerationen und macht sie f\u00fcr l\u00e4ngeres Tragen in hei\u00dfen Klimazonen geeignet.<\/li>\n<li><strong>Gleichbleibende Elastizit\u00e4t:<\/strong> Unsere <strong>Kompressionsrolle<\/strong> beh\u00e4lt ihre Elastizit\u00e4t auch nach mehrfachem Gebrauch bei. Sie bietet dauerhafte Unterst\u00fctzung bei Verstauchungen, Zerrungen und schwachen Gelenken.<\/li>\n<li><strong>Hautfreundliches Material:<\/strong> Unsere Bandagen bestehen prim\u00e4r aus weicher Baumwolle, sind hypoallergen und sanft zu empfindlicher Haut. Wir bieten latexfreie Optionen an, um allergische Reaktionen zu vermeiden.<\/li>\n<li><strong>Langlebig &amp; Waschbar:<\/strong> Die verst\u00e4rkten Kanten verhindern das Ausfransen und stellen sicher, dass die Bandage w\u00e4hrend der Anwendung und nach dem Waschen intakt bleibt.<\/li>\n<li><strong>Vielseitige Befestigung:<\/strong> Kompatibel mit Metallklammern, elastischen Clips oder Klebeband, was einen sicheren Sitz bei jeder Anwendung gew\u00e4hrleistet.<\/li>\n<\/ul>\n<h2 id=\"product-specifications-technical-parameters-\">Produktspezifikationen (Technische Parameter)<\/h2>\n<p>Wir bieten vollst\u00e4ndige Anpassungsm\u00f6glichkeiten an Ihre spezifischen Marktanforderungen. Nachfolgend finden Sie die Standardspezifikationen f\u00fcr unsere <strong>Elastische Fixierbinde<\/strong>:<\/p>\n<table>\n<thead>\n<tr>\n<th style=\"text-align: left;\">Spezifikationsmerkmal<\/th>\n<th style=\"text-align: left;\">Details<\/th>\n<\/tr>\n<\/thead>\n<tbody>\n<tr>\n<td style=\"text-align: left;\"><strong>Produktname<\/strong><\/td>\n<td style=\"text-align: left;\"><strong>Elastische Fixierbinde<\/strong><\/td>\n<\/tr>\n<tr>\n<td style=\"text-align: left;\"><strong>Materialzusammensetzung<\/strong><\/td>\n<td style=\"text-align: left;\">Baumwolle + PBT \/ Elasthan (kundenspezifische Mischverh\u00e4ltnisse verf\u00fcgbar)<\/td>\n<\/tr>\n<tr>\n<td style=\"text-align: left;\"><strong>Breitenoptionen<\/strong><\/td>\n<td style=\"text-align: left;\"><strong>5 cm, 7,5 cm, 10 cm, 15 cm, 20 cm<\/strong><\/td>\n<\/tr>\n<tr>\n<td style=\"text-align: left;\"><strong>L\u00e4ngenoptionen<\/strong><\/td>\n<td style=\"text-align: left;\"><strong>3m, 4m, 4,5m, 5m<\/strong> (Gedehnte L\u00e4nge)<\/td>\n<\/tr>\n<tr>\n<td style=\"text-align: left;\"><strong>Farboptionen<\/strong><\/td>\n<td style=\"text-align: left;\"><strong>Gebleicht (Wei\u00df), Rohwei\u00df (Natur), Hautfarben (Beige)<\/strong><\/td>\n<\/tr>\n<tr>\n<td style=\"text-align: left;\"><strong>Dehnung<\/strong><\/td>\n<td style=\"text-align: left;\">&gt;150% (Anpassbare Elastizit\u00e4t)<\/td>\n<\/tr>\n<tr>\n<td style=\"text-align: left;\"><strong>Sterilit\u00e4t<\/strong><\/td>\n<td style=\"text-align: left;\">Nicht-steril (Standard) oder steril (EO-Gas auf Anfrage erh\u00e4ltlich)<\/td>\n<\/tr>\n<tr>\n<td style=\"text-align: left;\"><strong>Verpackung<\/strong><\/td>\n<td style=\"text-align: left;\"><strong>Gem\u00e4\u00df Kundenanforderungen<\/strong> (z. B. Einzel-Flowpack, Zellophan, verpackt)<\/td>\n<\/tr>\n<\/tbody>\n<\/table>\n<p><em>Hinweis: Wenn Sie f\u00fcr Ihre Bestellung Sondergr\u00f6\u00dfen oder spezifische schwere GSM-Optionen <strong>medizinischen Gro\u00dfhandelsbedarf<\/strong> ben\u00f6tigen, wenden Sie sich bitte an unser Engineering-Team.<\/em><\/p>\n<h2 id=\"clinical-sports-applications\">Klinische und sportliche Anwendungen<\/h2>\n<p>Die <strong>Elastische Fixierbinde<\/strong> ist aufgrund seiner Multifunktionalit\u00e4t ein fester Bestandteil medizinischer Ausr\u00fcstungen weltweit:<\/p>\n<ol>\n<li><strong>Orthop\u00e4dische Unterst\u00fctzung:<\/strong> Ideal zur Unterst\u00fctzung von Weichteilverletzungen wie verstauchten Kn\u00f6cheln, verdrehten Knien und Handgelenksverstauchungen. Die <strong>Kompressionsrolle<\/strong> hilft, \u00d6deme (Schwellungen) wirksam zu reduzieren.<\/li>\n<li><strong>Fixierung von Verb\u00e4nden:<\/strong> Seine Elastizit\u00e4t erm\u00f6glicht es, sich schwierigen K\u00f6rperkonturen anzupassen, was ihn ideal f\u00fcr die Fixierung von Wundverb\u00e4nden, Schienen und Eisbeuteln macht.<\/li>\n<li><strong>Sportmedizin:<\/strong> Wird intensiv zur pr\u00e4ventiven Unterst\u00fctzung bei sportlichen Aktivit\u00e4ten und zur Rehabilitation nach Verletzungen (R.I.C.E.-Therapie) eingesetzt.<\/li>\n<li><strong>Veterin\u00e4rmedizinische Anwendung:<\/strong> Die strapazierf\u00e4hige Beschaffenheit der Bandage macht sie f\u00fcr die Wundversorgung und Unterst\u00fctzung bei Tieren geeignet.<\/li>\n<\/ol>\n<h2 id=\"packaging-oem-services\">Verpackung &amp; OEM-Dienstleistungen<\/h2>\n<p>Bei <strong>MediTapes<\/strong>, wir sind auf OEM- und Private-Label-Herstellung spezialisiert. Wir verstehen, dass Branding f\u00fcr Ihr Unternehmen entscheidend ist.<\/p>\n<ul>\n<li><strong>Individuelle Verpackung:<\/strong> Wir k\u00f6nnen Ihr Logo auf die Einzelumh\u00fcllung (Polybeutel\/Zellophan) und den Innenkarton drucken.<\/li>\n<li><strong>Gro\u00dfverpackung:<\/strong> F\u00fcr institutionelle Abnehmer bieten wir Gro\u00dfkartonverpackungen an, um das Versandvolumen zu optimieren und Kosten zu senken.<\/li>\n<li><strong>Standardverpackung:<\/strong> In der Regel 12 Rollen pro Dutzendpackung, was eine einfache Bestandsverwaltung f\u00fcr Kliniken und Einzelh\u00e4ndler gew\u00e4hrleistet.<\/li>\n<\/ul>\n<h2 id=\"why-partner-with-meditapes-\">Warum eine Partnerschaft mit MediTapes?<\/h2>\n<p>Die Suche nach einer zuverl\u00e4ssigen Quelle f\u00fcr <strong>den Gro\u00dfhandel mit elastischen glatten Bandagen<\/strong> kann eine Herausforderung sein. MediTapes vereinfacht den Prozess durch:<\/p>\n<ul>\n<li><strong>Preise direkt ab Werk:<\/strong> Schalten Sie den Zwischenh\u00e4ndler aus und erh\u00f6hen Sie Ihre Gewinnspannen.<\/li>\n<li><strong>Qualit\u00e4tssicherung:<\/strong> Unsere Betriebsst\u00e4tte arbeitet nach strengen ISO 13485-Standards, um sicherzustellen, dass jede <strong>Baumwollbandage<\/strong> den internationalen Sicherheitsanforderungen entspricht (CE\/FDA-konform).<\/li>\n<li><strong>Globale Logistik:<\/strong> Wir verf\u00fcgen \u00fcber umfangreiche Erfahrung im Export nach Europa, Nordamerika, S\u00fcdostasien und in den Nahen Osten.<\/li>\n<\/ul>\n<h2 id=\"contact-us-for-a-quote\">Kontaktieren Sie uns f\u00fcr ein Angebot<\/h2>\n<p>Sind Sie bereit, Ihren medizinischen Bestand mit hochwertigen <strong>elastischen glatten Bandagen aufzuwerten<\/strong>?<\/p>\n<p>Kontaktieren Sie <strong>MediTapes<\/strong> heute, um ein kostenloses Muster oder ein wettbewerbsf\u00e4higes Preisangebot anzufordern. Unser Vertriebsteam steht Ihnen gerne bei Ihren <strong>medizinischen Gro\u00dfhandelsbedarf<\/strong> Anforderungen anpassen.<\/p>\n<ul>\n<li><strong>Website:<\/strong> <a href=\"https:\/\/meditapes.com\/de\/\" target=\"_blank\" rel=\"noopener\">https:\/\/meditapes.com\/<\/a><\/li>\n<li><strong>Anfrageseite:<\/strong> <a href=\"https:\/\/meditapes.com\/de\/kontaktieren-sie-uns\/\" target=\"_blank\" rel=\"noopener\">https:\/\/meditapes.com\/contact-us\/<\/a><\/li>\n<li><strong>E-Mail:<\/strong> <a href=\"mailto:info@meditapes.com\" target=\"_blank\" rel=\"noopener\">info@meditapes.com<\/a><\/li>\n<\/ul>\n<p><strong>Sichern Sie sich noch heute Ihre Bestellung von Premium-Kompressionsrollen und erleben Sie den MediTapes-Unterschied!<\/strong><\/p>","protected":false},"excerpt":{"rendered":"<p>Premium elastische Mullbinde f\u00fcr den medizinischen Einsatz. Unsere auf Baumwolle basierenden elastischen Binden bieten hervorragende Atmungsaktivit\u00e4t und gleichm\u00e4\u00dfige Kompression. Ideal zum Fixieren von Verb\u00e4nden und zur Unterst\u00fctzung bei Verstauchungen. In gro\u00dfen Mengen mit individueller Verpackung erh\u00e4ltlich. Weltweite Distributoren vertrauen auf unsere zuverl\u00e4ssige Qualit\u00e4t.<\/p>","protected":false},"featured_media":635,"template":"","meta":[],"product_brand":[28],"product_cat":[26,298],"product_tag":[480,479,478,477,272],"class_list":{"0":"post-634","1":"product","2":"type-product","3":"status-publish","4":"has-post-thumbnail","6":"product_brand-meditapes","7":"product_cat-elastic-bandages","8":"product_cat-elastic-plain-bandage","9":"product_tag-compression-roll","10":"product_tag-cotton-bandage","11":"product_tag-elastic-plain-bandage","12":"product_tag-elastic-plain-bandage-wholesale","13":"product_tag-wholesale-medical-supplies","15":"first","16":"instock","17":"shipping-taxable","18":"product-type-simple"},"_links":{"self":[{"href":"https:\/\/meditapes.com\/de\/wp-json\/wp\/v2\/product\/634","targetHints":{"allow":["GET"]}}],"collection":[{"href":"https:\/\/meditapes.com\/de\/wp-json\/wp\/v2\/product"}],"about":[{"href":"https:\/\/meditapes.com\/de\/wp-json\/wp\/v2\/types\/product"}],"wp:featuredmedia":[{"embeddable":true,"href":"https:\/\/meditapes.com\/de\/wp-json\/wp\/v2\/media\/635"}],"wp:attachment":[{"href":"https:\/\/meditapes.com\/de\/wp-json\/wp\/v2\/media?parent=634"}],"wp:term":[{"taxonomy":"product_brand","embeddable":true,"href":"https:\/\/meditapes.com\/de\/wp-json\/wp\/v2\/product_brand?post=634"},{"taxonomy":"product_cat","embeddable":true,"href":"https:\/\/meditapes.com\/de\/wp-json\/wp\/v2\/product_cat?post=634"},{"taxonomy":"product_tag","embeddable":true,"href":"https:\/\/meditapes.com\/de\/wp-json\/wp\/v2\/product_tag?post=634"}],"curies":[{"name":"WP","href":"https:\/\/api.w.org\/{rel}","templated":true}]}}