{"id":631,"date":"2025-12-22T11:41:51","date_gmt":"2025-12-22T11:41:51","guid":{"rendered":"https:\/\/meditapes.com\/?post_type=product&#038;p=631"},"modified":"2025-12-22T11:41:53","modified_gmt":"2025-12-22T11:41:53","slug":"strong-adhesion-elastic-adhesive-bandage","status":"publish","type":"product","link":"https:\/\/meditapes.com\/de\/produkt\/strong-adhesion-elastic-adhesive-bandage\/","title":{"rendered":"Stark haftende elastische Klebebinde (EAB) f\u00fcr die Unterst\u00fctzung von Kn\u00f6chel und Knie"},"content":{"rendered":"<h1 id=\"strong-adhesion-elastic-adhesive-bandage-eab-for-ankle-and-knee-support-tape\">Stark haftende elastische Klebebinde (EAB) f\u00fcr die Unterst\u00fctzung von Kn\u00f6chel und Knie<\/h1>\n<p>MediTapes bietet stolz die <strong>elastische Klebebinde (EAB) mit starker Haftung<\/strong>, eine erstklassige <strong>Kn\u00f6chelunterst\u00fctzungs-EAB<\/strong> und <strong>Knie-Taping-Bandage<\/strong> entwickelt f\u00fcr \u00fcberlegene Leistung bei anspruchsvollen k\u00f6rperlichen Aktivit\u00e4ten. Diese hochwertige <strong>stark haftendes Klebeband<\/strong> und <strong>elastische Sportbandage<\/strong> bietet robustes Taping mit au\u00dfergew\u00f6hnlicher Elastizit\u00e4t und dauerhaftem Halt, was sie zu einem idealen <strong>Verletzungspr\u00e4ventions-Verband<\/strong> f\u00fcr Sportler macht, die einen zuverl\u00e4ssigen Gelenkschutz suchen.<\/p>\n<p>Die <strong>elastische Klebebinde (EAB) mit starker Haftung<\/strong> wurde speziell entwickelt f\u00fcr <strong>Kn\u00f6chelst\u00fctz-<\/strong> und <strong>Knieunterst\u00fctzung<\/strong>, und bietet \u00fcberlegene Haftung sowie hohe Elastizit\u00e4t, um Verletzungen vorzubeugen und die Stabilit\u00e4t zu verbessern. Perfekt f\u00fcr High-Impact-Sportarten, diese <strong>Kn\u00f6chelunterst\u00fctzungs-EAB<\/strong> passt sich nahtlos den Gelenkkonturen an und bietet eine gezielte Kompression, die Belastungen reduziert, Schwellungen minimiert und die nat\u00fcrliche Bewegung bei intensiven Aktivit\u00e4ten unterst\u00fctzt. Von Trainern und Sportlern gesch\u00e4tzt, gew\u00e4hrleistet die <strong>Knie-Taping-Bandage<\/strong> professionelle Leistung und hilft bei der schnellen Genesung sowie beim zuverl\u00e4ssigen Schutz vor Verstauchungen oder \u00dcberlastungsverletzungen.<\/p>\n<p>Als vielseitiges <strong>stark haftendes Klebeband<\/strong>, der <strong>elastische Klebebinde (EAB) mit starker Haftung<\/strong> zeichnet sich durch festen und dennoch flexiblen Halt f\u00fcr Kn\u00f6chel, Knie, Handgelenke und andere empfindliche Gelenke aus. Sein atmungsaktives Gewebe l\u00e4sst die Haut atmen und bietet gleichzeitig einen sicheren Halt, selbst bei schwei\u00dftreibenden Einheiten. Ideal als <strong>elastische Sportbandage<\/strong>, dient es als wirksames <strong>Verletzungspr\u00e4ventions-Verband<\/strong> durch Stabilisierung der Gelenke, Begrenzung \u00fcberm\u00e4\u00dfiger Bewegungen und F\u00f6rderung einer besseren Biomechanik, ohne den Bewegungsspielraum einzuschr\u00e4nken.<\/p>\n<p>In Sportarten wie Fu\u00dfball, Rugby, Basketball, Laufen und Tennis ist dieses <strong>Kn\u00f6chelunterst\u00fctzungs-EAB<\/strong> unverzichtbar f\u00fcr pr\u00e4ventive Taping-Techniken, wie z. B. Achter-Kn\u00f6chelwickel oder spiralf\u00f6rmige Kniebandagen. Die starke Haftung sorgt daf\u00fcr, dass die Bandage bei dynamischen Bewegungen, Spr\u00fcngen und Drehungen an ihrem Platz bleibt, was das Risiko von Verstauchungen oder St\u00f6\u00dfen verringert. F\u00fcr die Rehabilitation unterst\u00fctzt das <strong>Knie-Taping-Bandage<\/strong> die Genesung nach Verletzungen, indem es \u00d6deme kontrolliert und eine moderate Kompression bietet, um die Heilung zu f\u00f6rdern.<\/p>\n<h3 id=\"key-product-specifications\">Wichtigste Produktspezifikationen<\/h3>\n<ul>\n<li><strong>Verf\u00fcgbare Breiten<\/strong>: 2,5 cm, 5 cm, 7,5 cm<\/li>\n<li><strong>L\u00e4nge (gedehnt)<\/strong>: 4,5 Meter<\/li>\n<li><strong>Farbe<\/strong>: Hautfarben (f\u00fcr ein diskretes und nat\u00fcrliches Erscheinungsbild w\u00e4hrend der Anwendung)<\/li>\n<li><strong>Verpackung<\/strong>: Kundenspezifisch nach Kundenwunsch angepasst<\/li>\n<\/ul>\n<h3 id=\"features-and-benefits\">Funktionen und Vorteile<\/h3>\n<ul>\n<li><strong>Materialzusammensetzung<\/strong>: Hochwertiges elastisches Baumwollgewebe mit por\u00f6ser Webstruktur f\u00fcr Atmungsaktivit\u00e4t und einer Dehnf\u00e4higkeit von bis zu 170-180 %, was eine hervorragende Anpassungsf\u00e4higkeit als <strong>stark haftendes Klebeband<\/strong>.<\/li>\n<li><strong>Haftung<\/strong>: Kraftvoller, hautfreundlicher Zinkoxid-Kleber oder hypoallergener, latexfreier Klebstoff f\u00fcr \u00fcberlegenen, langanhaltenden Halt; perfekt f\u00fcr schwei\u00dfresistentes <strong>Kn\u00f6chelst\u00fctz-<\/strong> und <strong>Knie-Taping<\/strong> unter intensiven Bedingungen.<\/li>\n<li><strong>Atmungsaktivit\u00e4t und Komfort<\/strong>: Die por\u00f6se Struktur f\u00f6rdert die Luftzirkulation und die Feuchtigkeitsverdunstung, beugt Hautreizungen vor und erm\u00f6glicht eine l\u00e4ngere Tragedauer als <strong>elastische Sportbandage<\/strong>.<\/li>\n<li><strong>Haltbarkeit und Anwendung<\/strong>: Weiche, gefiederte Kanten zur Vermeidung von Ausfransen, leichtes Abrollen f\u00fcr schnelles Tapen und von Hand abrei\u00dfbare Optionen; wasserabweisend f\u00fcr Zuverl\u00e4ssigkeit bei Aktivit\u00e4ten, ideal als <strong>Verletzungspr\u00e4ventions-Verband<\/strong>.<\/li>\n<li><strong>Vielseitigkeit in der Anwendung<\/strong>: Hervorragend <strong>Kn\u00f6chelunterst\u00fctzungs-EAB<\/strong> zur Vorbeugung von Verstauchungen, zum Management von Instabilit\u00e4t und zur Stabilisierung nach Verletzungen; exzellent <strong>Knie-Taping-Bandage<\/strong> f\u00fcr die Patellaf\u00fchrung, die Unterst\u00fctzung von B\u00e4ndern und die Reduzierung von Belastungen; auch geeignet f\u00fcr Handgelenke, Ellbogen und Daumen in verschiedenen Sportarten.<\/li>\n<li><strong>Zus\u00e4tzliche Vorteile<\/strong>: Zentrale Orientierungslinie f\u00fcr pr\u00e4zises \u00dcberlappen und gleichm\u00e4\u00dfiges Anlegen von Zugkraft, Kompatibilit\u00e4t mit Untertape f\u00fcr empfindliche Haut und moderate Kompression zur F\u00f6rderung der Durchblutung bei gleichzeitiger Reduzierung von Schwellungen; hypoallergene Optionen f\u00fcr verschiedene Hauttypen verf\u00fcgbar.<\/li>\n<\/ul>\n<p>Die <strong>elastische Klebebinde (EAB) mit starker Haftung<\/strong> von MediTapes zeichnet sich als Wahl f\u00fcr Profis aus, <strong>stark haftendes Klebeband<\/strong> die starke Klebkraft mit kontrollierter Elastizit\u00e4t f\u00fcr optimalen Gelenkschutz kombiniert. Im sportlichen Training hilft das pr\u00e4ventive Tapen hiermit, <strong>Kn\u00f6chelunterst\u00fctzungs-EAB<\/strong> schwache Bereiche zu verst\u00e4rken und das Vertrauen sowie die Leistung zu steigern, indem h\u00e4ufige Verletzungen wie Umknicken oder Knie-Hyperextensionen gemildert werden. Sein starker Halt \u00fcberdauert lange Trainingseinheiten, was es zu einem Favoriten f\u00fcr Mannschaftssportarten mit h\u00e4ufigen Richtungswechseln macht.<\/p>\n<p>F\u00fcr kniespezifische Bed\u00fcrfnisse bietet das <strong>Knie-Taping-Bandage<\/strong> gezielte Unterst\u00fctzung um die Patella und die B\u00e4nder und lindert Schmerzen bei Beschwerden wie dem L\u00e4uferknie oder Springerknie. Die elastischen Eigenschaften erm\u00f6glichen eine graduelle Kompression, die den Blutfluss unterst\u00fctzt und Entz\u00fcndungen ohne \u00fcberm\u00e4\u00dfige Einschn\u00fcrung reduziert. Als <strong>elastische Sportbandage<\/strong>, integriert es sich nahtlos in Taping-Protokolle, h\u00e4ufig \u00fcber starren Tapes f\u00fcr zus\u00e4tzliche Sicherheit oder eigenst\u00e4ndig f\u00fcr leichtere Unterst\u00fctzung verwendet.<\/p>\n<p>Athleten und Trainer sch\u00e4tzen das <strong>Verletzungspr\u00e4ventions-Verband<\/strong> f\u00fcr seine einfache Handhabung bei ma\u00dfgeschneiderten Anwendungen \u2013 sei es zur Verankerung starrer Fixierungen, zur Sicherung von Polsterungen oder f\u00fcr direktes Haut-Taping. Die hautfreundliche Farbe sorgt f\u00fcr ein unauff\u00e4lliges Erscheinungsbild unter Trikots oder Socken, w\u00e4hrend die langlebige Konstruktion Reibung und St\u00f6\u00dfen standh\u00e4lt. In Erholungsphasen hilft es bei der Bew\u00e4ltigung von Weichteilbelastungen, indem es das Gelenk umschlie\u00dft und belastende Bewegungen einschr\u00e4nkt.<\/p>\n<p>MediTapes verpflichtet sich zu h\u00f6chster Qualit\u00e4t bei jeder Rolle von <strong>elastische Klebebinde (EAB) mit starker Haftung<\/strong>, die eine gleichbleibende R\u00fccksprungf\u00e4higkeit, Klebekraft und Gewebeintegrit\u00e4t gew\u00e4hrleistet. Einfach mit kontrolliertem Zug aufzutragen und ohne \u00fcberm\u00e4\u00dfige R\u00fcckst\u00e4nde zu entfernen (bei Anwendung der richtigen Techniken), ist es ein Muss in Sportkoffern, Physior\u00e4umen und Trainingseinrichtungen weltweit.<\/p>\n<p>Erleben Sie un\u00fcbertroffene Zuverl\u00e4ssigkeit mit MediTapes\u2019 <strong>Kn\u00f6chelunterst\u00fctzungs-EAB<\/strong> und <strong>Knie-Taping-Bandage<\/strong> \u2013 die ultimative <strong>stark haftendes Klebeband<\/strong> f\u00fcr proaktive Verletzungspr\u00e4vention und effektive Unterst\u00fctzung. Ob zur Vorbeugung von Verstauchungen w\u00e4hrend des Spiels oder zur Unterst\u00fctzung der Genesung abseits des Spielfelds, dieses <strong>elastische Sportbandage<\/strong> liefert die Leistung, die f\u00fcr sportliche H\u00f6chstleistungen erforderlich ist.<\/p>\n<p>F\u00fcr individuelle Breiten, Gro\u00dfbestellungen oder fachkundige Beratung besuchen Sie unsere Website unter <a href=\"https:\/\/meditapes.com\/de\/\" target=\"_blank\" rel=\"noopener\">https:\/\/meditapes.com\/<\/a> oder kontaktieren Sie uns \u00fcber unsere <a href=\"https:\/\/meditapes.com\/de\/kontaktieren-sie-uns\/\" target=\"_blank\" rel=\"noopener\">Kontaktseite<\/a> oder per E-Mail <a href=\"mailto:info@meditapes.com\" target=\"_blank\" rel=\"noopener\"><strong>info@meditapes.com<\/strong><\/a>.<\/p>","protected":false},"excerpt":{"rendered":"<p>Die elastische Klebebinde (EAB) mit starker Haftung wurde f\u00fcr erstklassige Kn\u00f6chel- und Knieunterst\u00fctzung bei anspruchsvollen Aktivit\u00e4ten entwickelt. Diese elastische Klebebinde bietet ein robustes Taping mit hoher Elastizit\u00e4t und dauerhaftem Halt.<\/p>\n<p>Die elastische Klebebinde eignet sich perfekt zur Verletzungspr\u00e4vention, passt sich nahtlos an Gelenke an und bietet eine Kompression, die Belastungen reduziert und die Stabilit\u00e4t bei Bewegungen verbessert.<\/p>\n<p>W\u00e4hlen Sie unsere hochwertige elastische Klebebinde f\u00fcr professionelle Leistung, auf die Trainer f\u00fcr zuverl\u00e4ssigen Schutz und Unterst\u00fctzung bei der schnellen Genesung vertrauen.<\/p>","protected":false},"featured_media":632,"template":"","meta":[],"product_brand":[28],"product_cat":[25,297],"product_tag":[473,475,476,474,472,256],"class_list":{"0":"post-631","1":"product","2":"type-product","3":"status-publish","4":"has-post-thumbnail","6":"product_brand-meditapes","7":"product_cat-elastic-adhesive-bandages","8":"product_cat-ea-elastic-adhesive-bandage","9":"product_tag-ankle-support-eab","10":"product_tag-elastic-sports-bandage","11":"product_tag-injury-prevention-wrap","12":"product_tag-knee-taping-bandage","13":"product_tag-strong-adhesion-elastic-adhesive-bandage","14":"product_tag-strong-adhesive-tape","16":"first","17":"instock","18":"shipping-taxable","19":"product-type-simple"},"_links":{"self":[{"href":"https:\/\/meditapes.com\/de\/wp-json\/wp\/v2\/product\/631","targetHints":{"allow":["GET"]}}],"collection":[{"href":"https:\/\/meditapes.com\/de\/wp-json\/wp\/v2\/product"}],"about":[{"href":"https:\/\/meditapes.com\/de\/wp-json\/wp\/v2\/types\/product"}],"wp:featuredmedia":[{"embeddable":true,"href":"https:\/\/meditapes.com\/de\/wp-json\/wp\/v2\/media\/632"}],"wp:attachment":[{"href":"https:\/\/meditapes.com\/de\/wp-json\/wp\/v2\/media?parent=631"}],"wp:term":[{"taxonomy":"product_brand","embeddable":true,"href":"https:\/\/meditapes.com\/de\/wp-json\/wp\/v2\/product_brand?post=631"},{"taxonomy":"product_cat","embeddable":true,"href":"https:\/\/meditapes.com\/de\/wp-json\/wp\/v2\/product_cat?post=631"},{"taxonomy":"product_tag","embeddable":true,"href":"https:\/\/meditapes.com\/de\/wp-json\/wp\/v2\/product_tag?post=631"}],"curies":[{"name":"WP","href":"https:\/\/api.w.org\/{rel}","templated":true}]}}