{"id":613,"date":"2025-12-21T15:29:22","date_gmt":"2025-12-21T15:29:22","guid":{"rendered":"https:\/\/meditapes.com\/?post_type=product&#038;p=613"},"modified":"2025-12-21T15:29:24","modified_gmt":"2025-12-21T15:29:24","slug":"bulk-wholesale-light-elastic-bandage","status":"publish","type":"product","link":"https:\/\/meditapes.com\/de\/produkt\/bulk-wholesale-light-elastic-bandage\/","title":{"rendered":"Leichte elastische Binde im Gro\u00dfhandel \u2013 Leicht rei\u00dfbares Klebeband f\u00fcr die Veterin\u00e4rmedizin"},"content":{"rendered":"<h1 id=\"bulk-wholesale-light-elastic-bandage-easy-tear-adhesive-tape-for-vets\">Leichte elastische Binde im Gro\u00dfhandel \u2013 Leicht rei\u00dfbares Klebeband f\u00fcr die Veterin\u00e4rmedizin<\/h1>\n<p><strong>Sicher f\u00fcr Haustiere. Sanft zur Haut. Die Wahl der Profis f\u00fcr die tier\u00e4rztliche Versorgung.<\/strong><\/p>\n<p>Bei <strong>MediTapes<\/strong>, wissen wir, dass Tier\u00e4rzte und medizinische H\u00e4ndler Produkte ben\u00f6tigen, die Effizienz mit Patientenkomfort verbinden. Unsere <strong>Leichte elastische Bandage im Bulk-Gro\u00dfhandel<\/strong> wurde speziell entwickelt, um diese Anforderungen zu erf\u00fcllen. Oft als \u201cVet Wrap\u201d oder <strong>\u201eVet Tape\u201c<\/strong>, bezeichnet, bietet dieses Produkt eine vielseitige, selbsthaftende L\u00f6sung, die f\u00fcr jede Tierklinik, jeden Stall und jedes Krankenhaus unverzichtbar ist.<\/p>\n<p>Als ein f\u00fchrender Hersteller in der <strong>Medizinprodukte-<\/strong> Branche bietet MediTapes hochwertige Bandagen, die eine sichere Haltekraft gew\u00e4hrleisten, ohne das mit herk\u00f6mmlichen Klebstoffen verbundene Trauma zu verursachen. Ob Sie die Fessel eines Rennpferdes oder die Pfote einer Hauskatze behandeln, unsere Bandage liefert die Zuverl\u00e4ssigkeit, die Sie ben\u00f6tigen.<\/p>\n<hr \/>\n<h2 id=\"why-our-light-elastic-bandage-is-the-preferred-vet-tape\">Warum unsere leichte elastische Bandage das bevorzugte Vet-Tape ist<\/h2>\n<p>Die einzigartige chemische Zusammensetzung unserer <strong>\u201eVet Tape\u201c<\/strong> hebt sie von herk\u00f6mmlichen Klebeb\u00e4ndern ab. Sie ist als \u201cselbsthaftend\u201d oder <strong>koh\u00e4sive Bandage<\/strong>, konzipiert, was bedeutet, dass sie fest an sich selbst haftet, aber auf anderen Oberfl\u00e4chen nicht klebt.<\/p>\n<h3 id=\"1-fur-friendly-and-pain-free-removal\">1. Fellfreundliche und schmerzfreie Entfernung<\/h3>\n<p>Die gr\u00f6\u00dfte Herausforderung in der Veterin\u00e4rmedizin ist das Anlegen von Verb\u00e4nden \u00fcber Fell. Herk\u00f6mmliche Klebeb\u00e4nder ziehen an den Haaren und verursachen Schmerzen beim Entfernen. Unsere <strong>Leicht abrei\u00dfbares Heftpflaster f\u00fcr Tier\u00e4rzte<\/strong> l\u00f6st dieses Problem. Es <strong>klebt nicht an Fell, Haut oder Haaren<\/strong>, was einen schmerzfreien Entfernungsprozess gew\u00e4hrleistet. Diese Eigenschaft reduziert den Stress f\u00fcr tierische Patienten erheblich und spart Tier\u00e4rzten Zeit, da sie vor dem Kleben keine gro\u00dfen Fl\u00e4chen mehr rasieren m\u00fcssen.<\/p>\n<h3 id=\"2-hand-tearable-for-rapid-application\">2. Handrei\u00dfbar f\u00fcr eine schnelle Anwendung<\/h3>\n<p>In Notsituationen oder im Umgang mit unruhigen Tieren ist Schnelligkeit entscheidend. Unsere <strong>Leichte elastische Binde<\/strong> besteht aus einem speziellen Vlies- oder Baumwollmischgewebe, das leicht von Hand rei\u00dfbar ist. Es wird keine Schere ben\u00f6tigt. Diese \u201cTear-Light\u201d-Funktion erm\u00f6glicht ein schnelles, sauberes Abrei\u00dfen und erlaubt ein nahtloses Wickeln, selbst beim Tragen von OP-Handschuhen.<\/p>\n<h3 id=\"3-breathable-and-lightweight-protection\">3. Atmungsaktiver und leichter Schutz<\/h3>\n<p>Die Infektionskontrolle ist bei der Wundversorgung von entscheidender Bedeutung. Die por\u00f6se Struktur unseres Tapes l\u00e4sst die Haut atmen und verhindert so Feuchtigkeitsstau und Mazeration unter dem Verband. Es bietet eine leichte Schutzbarriere, die Schmutz und Bakterien fernh\u00e4lt, w\u00e4hrend die Luftzirkulation erm\u00f6glicht wird, was eine schnellere Heilung f\u00f6rdert.<\/p>\n<h3 id=\"4-controlled-compression-non-constricting-\">4. Kontrollierte Kompression (nicht einschn\u00fcrend)<\/h3>\n<p>Unsere <strong>Elastische Binde f\u00fcr den Gro\u00dfhandel<\/strong> bietet eine hervorragende Dehnbarkeit und R\u00fcckstellkraft. Sie bietet eine kontrollierte leichte Kompression, um Blutungen zu stoppen oder Schwellungen (\u00d6deme) zu behandeln, ohne wie ein Stauschlauch zu wirken. Die Binde passt sich schwierigen anatomischen Konturen wie Sprunggelenken, Hufen und Gelenken perfekt an, ohne zu verrutschen.<\/p>\n<hr \/>\n<h2 id=\"product-specifications\">Produktspezifikationen<\/h2>\n<p>Wir bieten eine breite Palette an Anpassungsm\u00f6glichkeiten, um Ihren Vertriebsanforderungen gerecht zu werden. Nachfolgend finden Sie die technischen Parameter f\u00fcr unsere <strong>Tear-Light Elastische Klebebandage<\/strong>:<\/p>\n<table>\n<thead>\n<tr>\n<th style=\"text-align: left;\">Spezifikation<\/th>\n<th style=\"text-align: left;\">Details<\/th>\n<\/tr>\n<\/thead>\n<tbody>\n<tr>\n<td style=\"text-align: left;\"><strong>Produktname<\/strong><\/td>\n<td style=\"text-align: left;\"><strong>Tear-Light elastisches Heftpflaster (Vet-Tape)<\/strong><\/td>\n<\/tr>\n<tr>\n<td style=\"text-align: left;\"><strong>Material<\/strong><\/td>\n<td style=\"text-align: left;\">Vliesstoff \/ Baumwollmischung mit Elasthan (latexfrei erh\u00e4ltlich)<\/td>\n<\/tr>\n<tr>\n<td style=\"text-align: left;\"><strong>Verf\u00fcgbare Breiten<\/strong><\/td>\n<td style=\"text-align: left;\"><strong>2,5 cm \/ 5 cm \/ 7,5 cm \/ 10 cm<\/strong><\/td>\n<\/tr>\n<tr>\n<td style=\"text-align: left;\"><strong>Rollenl\u00e4ngen<\/strong><\/td>\n<td style=\"text-align: left;\"><strong>4,5 m \/ 5,4 m \/ 6,9 m<\/strong> (Gedehnte L\u00e4nge)<\/td>\n<\/tr>\n<tr>\n<td style=\"text-align: left;\"><strong>Farboptionen<\/strong><\/td>\n<td style=\"text-align: left;\"><strong>Wei\u00df \/ Hautfarben \/ Schwarz<\/strong> (Standard)<br \/>\nIndividueller Druck (z. B. Pfotenabdr\u00fccke, Neonfarben, Camouflage) erh\u00e4ltlich<\/td>\n<\/tr>\n<tr>\n<td style=\"text-align: left;\"><strong>Hafteigenschaft<\/strong><\/td>\n<td style=\"text-align: left;\">Selbsthaftend (koh\u00e4siv) \u2013 haftet auf sich selbst, nicht auf Haut oder Fell<\/td>\n<\/tr>\n<tr>\n<td style=\"text-align: left;\"><strong>Rei\u00dfbarkeit<\/strong><\/td>\n<td style=\"text-align: left;\">Leicht von Hand rei\u00dfbar<\/td>\n<\/tr>\n<tr>\n<td style=\"text-align: left;\"><strong>Verpackung<\/strong><\/td>\n<td style=\"text-align: left;\"><strong>Gem\u00e4\u00df Kundenanforderungen<\/strong> (Gro\u00dfkartons, Mehrfarbenpackungen, Eigenmarke)<\/td>\n<\/tr>\n<\/tbody>\n<\/table>\n<p><em>Hinweis: F\u00fcr Gro\u00dfh\u00e4ndler k\u00f6nnen wir verschiedene Breiten herstellen. Beispielsweise ist 2,5 cm ideal f\u00fcr kleine Haustiere, w\u00e4hrend 10 cm perfekt f\u00fcr Anwendungen im Pferdebereich geeignet ist.<\/em><\/p>\n<hr \/>\n<h2 id=\"versatile-applications-in-medical-veterinary-fields\">Vielseitige Anwendungen in der Medizin und Veterin\u00e4rmedizin<\/h2>\n<p>Unsere <strong>koh\u00e4sive Bandage<\/strong> ist ein Mehrzweckwerkzeug, das weltweit in medizinischen Kits zu finden ist:<\/p>\n<ul>\n<li><strong>Veterin\u00e4rmedizinische Wundversorgung:<\/strong> Wird verwendet, um Mullkompressen und Verb\u00e4nde bei Hunden, Katzen, Pferden und anderen Tieren zu fixieren. Es stellt sicher, dass der Verband sauber und sicher bleibt.<\/li>\n<li><strong>Schutz im Pferdesport:<\/strong> Weit verbreitet als Arbeitsbandage oder Beinschutz f\u00fcr Pferde, um Unterst\u00fctzung und Schutz w\u00e4hrend des Trainings oder Transports zu bieten.<\/li>\n<li><strong>Humanmedizinische Anwendung:<\/strong> Hervorragend geeignet zur Sicherung von Infusionen, Kathetern und Schl\u00e4uchen, ohne Klebeband auf der Haut des Patienten zu verwenden. Es wird auch f\u00fcr den Fingerschutz und die leichte Gelenkunterst\u00fctzung im Sport eingesetzt.<\/li>\n<li><strong>Kompressionsverband:<\/strong> Effektiv zur Druckaus\u00fcbung zur Blutstillung (H\u00e4mostase) oder zur Reduzierung von Schwellungen nach Verstauchungen.<\/li>\n<\/ul>\n<hr \/>\n<h2 id=\"why-source-wholesale-elastic-bandage-from-meditapes-\">Warum elastische Bandagen im Gro\u00dfhandel von MediTapes beziehen?<\/h2>\n<p><strong>MediTapes<\/strong> ist Ihr strategischer Partner f\u00fcr zuverl\u00e4ssige <strong>Medizinprodukte-<\/strong> Beschaffung.<\/p>\n<ol>\n<li><strong>Direktverkauf ab Werk:<\/strong> Durch den Kauf <strong>Elastische Binde f\u00fcr den Gro\u00dfhandel<\/strong> direkt bei uns eliminieren Sie den Zwischenh\u00e4ndler und gew\u00e4hrleisten so die wettbewerbsf\u00e4higsten Preise f\u00fcr Ihren Markt.<\/li>\n<li><strong>Individuelles Branding (OEM):<\/strong> Wir verstehen den Wert Ihrer Marke. Wir bieten individuellen Rollenkern-Druck und markeneigene Verpackungen (Schachteln\/Polybeutel) an, damit sich Ihr Produkt im Regal abhebt.<\/li>\n<li><strong>Qualit\u00e4tsgarantie:<\/strong> Unser Herstellungsprozess h\u00e4lt sich streng an internationale Qualit\u00e4tsstandards. Wir gew\u00e4hrleisten eine gleichm\u00e4\u00dfige Abrollspannung und Haftfestigkeit bei jeder Rolle.<\/li>\n<li><strong>Globale Logistik:<\/strong> Wir verf\u00fcgen \u00fcber umfangreiche Erfahrung im Export nach Europa, Nordamerika und in andere Schl\u00fcsselm\u00e4rkte und stellen sicher, dass Ihre Bestellung p\u00fcnktlich und in einwandfreiem Zustand ankommt.<\/li>\n<\/ol>\n<hr \/>\n<h2 id=\"get-a-quote-for-your-bulk-order-today\">Fordern Sie noch heute ein Angebot f\u00fcr Ihre Gro\u00dfbestellung an<\/h2>\n<p>Erweitern Sie Ihr Sortiment mit den vielseitigsten <strong>\u201eVet Tape\u201c<\/strong> auf dem Markt. Ganz gleich, ob Sie Tierkliniken, Krankenh\u00e4user oder Apotheken beliefern, <strong>MediTapes<\/strong> verf\u00fcgt \u00fcber die Kapazit\u00e4ten, um Ihre Anforderungen zu erf\u00fcllen.<\/p>\n<p>Besuchen Sie unsere Website, um unseren vollst\u00e4ndigen Katalog einzusehen: <a href=\"https:\/\/meditapes.com\/de\/\" target=\"_blank\" rel=\"noopener\">https:\/\/meditapes.com\/<\/a><\/p>\n<p><strong>Bereit, eine Bestellung aufzugeben oder ein Muster anzufordern?<\/strong><br \/>\nBitte kontaktieren Sie unser Export-Team \u00fcber unsere <strong><a href=\"https:\/\/meditapes.com\/de\/kontaktieren-sie-uns\/\" target=\"_blank\" rel=\"noopener\">Kontaktseite<\/a><\/strong> oder senden Sie uns direkt eine E-Mail an:<br \/>\n<strong><a href=\"mailto:info@meditapes.com\" target=\"_blank\" rel=\"noopener\">info@meditapes.com<\/a><\/strong><\/p>\n<p><em>MediTapes \u2013 F\u00fcrsorge f\u00fcr Patienten, Unterst\u00fctzung f\u00fcr Fachkr\u00e4fte.<\/em><\/p>","protected":false},"excerpt":{"rendered":"<p>Beziehen Sie leichte elastische Bandagen im Bulk-Gro\u00dfhandel, speziell f\u00fcr den veterin\u00e4rmedizinischen und medizinischen Gebrauch. Dieses leicht rei\u00dfbare Klebeband haftet nicht an Fell oder Haut, sondern klebt stark an sich selbst. Eine vielseitige, leicht rei\u00dfbare L\u00f6sung zur Fixierung von Verb\u00e4nden und zur leichten Kompression bei Tieren und Patienten.<\/p>","protected":false},"featured_media":614,"template":"","meta":[],"product_brand":[28],"product_cat":[25,296],"product_tag":[446,449,450,448,447],"class_list":{"0":"post-613","1":"product","2":"type-product","3":"status-publish","4":"has-post-thumbnail","6":"product_brand-meditapes","7":"product_cat-elastic-adhesive-bandages","8":"product_cat-tear-light-elastic-adhesive-bandage","9":"product_tag-bulk-wholesale-light-elastic-bandage","10":"product_tag-cohesive-bandage","11":"product_tag-medical-supply","12":"product_tag-vet-tape","13":"product_tag-wholesale-elastic-bandage","15":"first","16":"instock","17":"shipping-taxable","18":"product-type-simple"},"_links":{"self":[{"href":"https:\/\/meditapes.com\/de\/wp-json\/wp\/v2\/product\/613","targetHints":{"allow":["GET"]}}],"collection":[{"href":"https:\/\/meditapes.com\/de\/wp-json\/wp\/v2\/product"}],"about":[{"href":"https:\/\/meditapes.com\/de\/wp-json\/wp\/v2\/types\/product"}],"wp:featuredmedia":[{"embeddable":true,"href":"https:\/\/meditapes.com\/de\/wp-json\/wp\/v2\/media\/614"}],"wp:attachment":[{"href":"https:\/\/meditapes.com\/de\/wp-json\/wp\/v2\/media?parent=613"}],"wp:term":[{"taxonomy":"product_brand","embeddable":true,"href":"https:\/\/meditapes.com\/de\/wp-json\/wp\/v2\/product_brand?post=613"},{"taxonomy":"product_cat","embeddable":true,"href":"https:\/\/meditapes.com\/de\/wp-json\/wp\/v2\/product_cat?post=613"},{"taxonomy":"product_tag","embeddable":true,"href":"https:\/\/meditapes.com\/de\/wp-json\/wp\/v2\/product_tag?post=613"}],"curies":[{"name":"WP","href":"https:\/\/api.w.org\/{rel}","templated":true}]}}