{"id":603,"date":"2025-12-21T15:02:00","date_gmt":"2025-12-21T15:02:00","guid":{"rendered":"https:\/\/meditapes.com\/?post_type=product&#038;p=603"},"modified":"2025-12-21T15:02:02","modified_gmt":"2025-12-21T15:02:02","slug":"wholesale-heavy-elastic-adhesive-bandage","status":"publish","type":"product","link":"https:\/\/meditapes.com\/de\/produkt\/wholesale-heavy-elastic-adhesive-bandage\/","title":{"rendered":"Gro\u00dfhandel f\u00fcr schwere elastische Klebebandagen (EAB) \u2013 Individuelles Logo &amp; Gr\u00f6\u00dfe"},"content":{"rendered":"<h1 id=\"wholesale-heavy-elastic-adhesive-bandage-eab-custom-logo-size\">Gro\u00dfhandel f\u00fcr schwere elastische Klebebinden (EAB) \u2013 Individuelles Logo &amp; Gr\u00f6\u00dfe<\/h1>\n<h2 id=\"partner-with-a-leading-sports-tape-manufacturer\">Partner eines f\u00fchrenden Herstellers von Sport-Tapes<\/h2>\n<p>Bei <strong>MediTapes<\/strong>, wir sind darauf spezialisiert, medizinische H\u00e4ndler und Sportmarken mit hochwertigen L\u00f6sungen direkt ab Werk zu unterst\u00fctzen. Unsere <strong>Gro\u00dfhandel f\u00fcr schwere elastische Klebebinden (EAB)<\/strong> ist die erste Wahl f\u00fcr Unternehmen, die robuste Taping-L\u00f6sungen mit hoher Zugfestigkeit suchen. Als spezialisierter <strong>Sporttape-Hersteller<\/strong>, verstehen wir, dass Ihr Ruf von der gleichbleibenden Qualit\u00e4t der von Ihnen verkauften Produkte abh\u00e4ngt. Deshalb bieten wir erstklassige <strong>medizinisches Klebeband in gro\u00dfen Mengen<\/strong> entwickelt, um den strengen Anforderungen des Profisports und der orthop\u00e4dischen Rehabilitation gerecht zu werden.<\/p>\n<p>Wenn Sie beziehen <strong>EAB-Gro\u00dfhandel<\/strong> die Langlebigkeit, \u00fcberlegene Haftung und wettbewerbsf\u00e4hige Preise vereint, ist MediTapes Ihr strategischer Fertigungspartner.<\/p>\n<h2 id=\"product-description-heavy-eab-tape\">Produktbeschreibung: Schweres EAB-Tape<\/h2>\n<p>Unsere schwere elastische Klebebinde wurde f\u00fcr maximale Unterst\u00fctzung entwickelt. Im Gegensatz zu leichten, rei\u00dfbaren Tapes verf\u00fcgt dieses <strong>schwere EAB-Tape<\/strong> \u00fcber eine hochgedrehte Baumwollkonstruktion, die eine erhebliche Widerstandsf\u00e4higkeit und R\u00fcckstellkraft bietet. Dies macht es ideal f\u00fcr die Stabilisierung von Gelenken und B\u00e4ndern unter hoher Belastung, wie z. B. bei Rugby-Gedr\u00e4ngen, Fu\u00dfball-Tackles oder Aktivit\u00e4ten mit schweren Gewichten.<\/p>\n<h3 id=\"key-performance-features-\">Wichtigste Leistungsmerkmale:<\/h3>\n<ol>\n<li><strong>Hohe Zugfestigkeit:<\/strong> Das robuste Baumwollgewebe bietet au\u00dfergew\u00f6hnlichen Halt und fungiert effektiv als externes Band, um Verstauchungen und Hyperextension zu verhindern.<\/li>\n<li><strong>Langanhaltende Haftung:<\/strong> Wir verwenden einen erstklassigen Zinkoxid-Kleber, der daf\u00fcr sorgt, dass die Binde auch bei feuchten Bedingungen oder intensiver Schwei\u00dfbildung sicher h\u00e4lt.<\/li>\n<li><strong>Atmungsaktives Design:<\/strong> Die por\u00f6se Beschichtung l\u00e4sst Feuchtigkeit entweichen, reduziert Hautmazeration und sorgt f\u00fcr Tragekomfort bei l\u00e4ngerer Anwendung.<\/li>\n<li><strong>Einfache Anwendung:<\/strong> Mit weichen, gefiederten Kanten zur Vermeidung von Ausfransen und einer farbigen Mittellinie zur Unterst\u00fctzung einer pr\u00e4zisen und gleichm\u00e4\u00dfigen \u00dcberlappung beim Anlegen.<\/li>\n<\/ol>\n<h2 id=\"customization-services-build-your-brand\">Anpassungsdienstleistungen: Bauen Sie Ihre Marke auf<\/h2>\n<p>Einer der Hauptvorteile der Zusammenarbeit mit MediTapes ist unsere umfassende Kapazit\u00e4t zur Herstellung von <strong>individuell bedruckten Binden<\/strong> L\u00f6sungen. Wir sind davon \u00fcberzeugt, dass Ihr Produkt Ihre Markenidentit\u00e4t widerspiegeln sollte.<\/p>\n<ul>\n<li><strong>Individueller Kerndruck:<\/strong> Wir k\u00f6nnen Ihr Firmenlogo oder Ihren Markennamen direkt auf den inneren Papierkern des Bandes drucken.<\/li>\n<li><strong>Ma\u00dfgeschneiderte Verpackung:<\/strong> Von individuellen Farbschachteln \u00fcber Blisterpackungen bis hin zu Umkartons entwerfen wir Verpackungen, die im Regal auffallen.<\/li>\n<li><strong>Gr\u00f6\u00dfenanpassung:<\/strong> Obwohl wir Standardgr\u00f6\u00dfen anbieten, k\u00f6nnen wir je nach den spezifischen Anforderungen Ihres Marktes auf individuelle Breiten zuschneiden.<\/li>\n<\/ul>\n<p>Durch die Wahl unseres <strong>individuell bedruckten Binden<\/strong> Service heben Sie Ihr Produkt von einem generischen Massenartikel zu einem professionellen Markenwerkzeug und steigern so die Kundenbindung und Markensichtbarkeit.<\/p>\n<h2 id=\"technical-specifications\">Technische Spezifikationen<\/h2>\n<p>Wir liefern pr\u00e4zise Spezifikationen, um sicherzustellen, dass unser <strong>EAB-Gro\u00dfhandel<\/strong> internationalen medizinischen Standards entspricht.<\/p>\n<table>\n<thead>\n<tr>\n<th style=\"text-align: left;\">Spezifikation<\/th>\n<th style=\"text-align: left;\">Technische Details<\/th>\n<\/tr>\n<\/thead>\n<tbody>\n<tr>\n<td style=\"text-align: left;\"><strong>Produktname<\/strong><\/td>\n<td style=\"text-align: left;\">schwere elastische Klebebandage (EAB)<\/td>\n<\/tr>\n<tr>\n<td style=\"text-align: left;\"><strong>Material<\/strong><\/td>\n<td style=\"text-align: left;\">100% High-Twist Baumwollgewebe<\/td>\n<\/tr>\n<tr>\n<td style=\"text-align: left;\"><strong>Verf\u00fcgbare Breiten<\/strong><\/td>\n<td style=\"text-align: left;\"><strong>2,5 cm \/ 5 cm \/ 7,5 cm \/ 10 cm<\/strong><\/td>\n<\/tr>\n<tr>\n<td style=\"text-align: left;\"><strong>Verf\u00fcgbare L\u00e4ngen<\/strong><\/td>\n<td style=\"text-align: left;\"><strong>4,5 m \/ 3 m<\/strong> (Gedehnte L\u00e4nge)<\/td>\n<\/tr>\n<tr>\n<td style=\"text-align: left;\"><strong>Farboptionen<\/strong><\/td>\n<td style=\"text-align: left;\"><strong>Wei\u00df mit gelber Linie<\/strong> \/ <strong>Hautfarben (Beige) mit roter Linie<\/strong> (Einfache Optionen verf\u00fcgbar)<\/td>\n<\/tr>\n<tr>\n<td style=\"text-align: left;\"><strong>Klebstofftyp<\/strong><\/td>\n<td style=\"text-align: left;\">Zinkoxid-Hei\u00dfkleber \/ Latexfreie Optionen verf\u00fcgbar<\/td>\n<\/tr>\n<tr>\n<td style=\"text-align: left;\"><strong>Elastizit\u00e4t<\/strong><\/td>\n<td style=\"text-align: left;\">Hoher Dehnungsgrad f\u00fcr kontrollierte Kompression<\/td>\n<\/tr>\n<tr>\n<td style=\"text-align: left;\"><strong>Verpackung<\/strong><\/td>\n<td style=\"text-align: left;\"><strong>Gem\u00e4\u00df Kundenanforderungen<\/strong> (OEM-Verpackung verf\u00fcgbar)<\/td>\n<\/tr>\n<tr>\n<td style=\"text-align: left;\"><strong>Lagerung<\/strong><\/td>\n<td style=\"text-align: left;\">An einem k\u00fchlen, trockenen Ort vor direkter Sonneneinstrahlung gesch\u00fctzt lagern<\/td>\n<\/tr>\n<\/tbody>\n<\/table>\n<h2 id=\"why-source-bulk-medical-tape-from-meditapes-\">Warum medizinisches Klebeband in gro\u00dfen Mengen von MediTapes beziehen?<\/h2>\n<p>Die Beschaffung <strong>medizinisches Klebeband in gro\u00dfen Mengen<\/strong> direkt von einem Hersteller zu beziehen, eliminiert den Zwischenhandel und stellt sicher, dass Sie den bestm\u00f6glichen Preis ohne Qualit\u00e4tseinbu\u00dfen erhalten.<\/p>\n<ul>\n<li><strong>Preise direkt ab Werk:<\/strong> Unsere <strong>EAB-Gro\u00dfhandel<\/strong> Die Preisstruktur ist darauf ausgelegt, Ihre Gewinnmargen zu maximieren.<\/li>\n<li><strong>Qualit\u00e4tssicherung:<\/strong> Als verantwortungsbewusster <strong>Sporttape-Hersteller<\/strong>, implementieren wir in jeder Produktionsphase strenge Qualit\u00e4tskontrollprotokolle, von der Rohstoffbeschaffung bis hin zur finalen Beschichtung und zum Schneiden.<\/li>\n<li><strong>Stabilit\u00e4t der Lieferkette:<\/strong> Wir garantieren konstante Lieferzeiten und zuverl\u00e4ssigen Versand f\u00fcr alle Gro\u00dfbestellungen, um sicherzustellen, dass Sie in kritischen Saisonphasen keine Lagerengp\u00e4sse erleben.<\/li>\n<li><strong>Unterst\u00fctzung bei Mustern:<\/strong> Wir sind von unserer Qualit\u00e4t \u00fcberzeugt. Kontaktieren Sie uns, um Muster anzufordern von unseren <strong>schwere EAB-Tape<\/strong> bevor Sie eine Gro\u00dfbestellung aufgeben.<\/li>\n<\/ul>\n<h2 id=\"application-areas\">Anwendungsbereiche<\/h2>\n<p>Unser Heavy EAB ist ein vielseitiges Hilfsmittel, das weltweit eingesetzt wird in:<\/p>\n<ul>\n<li><strong>Profisport:<\/strong> Rugby, American Football, Eishockey und Boxen.<\/li>\n<li><strong>Krankenh\u00e4user &amp; Kliniken:<\/strong> F\u00fcr postoperative Kompression und orthop\u00e4dische Unterst\u00fctzung.<\/li>\n<li><strong>Veterin\u00e4rmedizinische Versorgung:<\/strong> Weit verbreitet als strapazierf\u00e4hige Bandage f\u00fcr die Pflege von Pferden und Gro\u00dftieren.<\/li>\n<\/ul>\n<h2 id=\"contact-us-for-a-quote\">Kontaktieren Sie uns f\u00fcr ein Angebot<\/h2>\n<p>Bereit, Ihren Lagerbestand mit erstklassigen <strong>EAB-Gro\u00dfhandel<\/strong>aufzuwerten? Kontaktieren Sie das MediTapes-Team noch heute, um Ihre Anpassungsw\u00fcnsche zu besprechen und ein Angebot zu erhalten f\u00fcr <strong>individuell bedruckten Binden<\/strong> bestellungen.<\/p>\n<ul>\n<li><strong>Angebot anfordern:<\/strong> <a href=\"https:\/\/meditapes.com\/de\/kontaktieren-sie-uns\/\" target=\"_blank\" rel=\"noopener\">https:\/\/meditapes.com\/contact-us\/<\/a><\/li>\n<li><strong>E-Mail:<\/strong> <a href=\"mailto:info@meditapes.com\" target=\"_blank\" rel=\"noopener\">info@meditapes.com<\/a><\/li>\n<li><strong>Website:<\/strong> <a href=\"https:\/\/meditapes.com\/de\/\" target=\"_blank\" rel=\"noopener\">https:\/\/meditapes.com\/<\/a><\/li>\n<\/ul>\n<hr \/>","protected":false},"excerpt":{"rendered":"<p>Beziehen Sie schwere elastische Klebebandagen in gro\u00dfen Mengen? Wir bieten EAB direkt ab Werk mit individuellem Logo-Service an. Diese hochzugfeste elastische Klebebandage gew\u00e4hrleistet langanhaltenden Halt, ohne die Bewegung einzuschr\u00e4nken. Perfekt f\u00fcr Distributoren, die hochwertige schwere EAB-Tapes zu wettbewerbsf\u00e4higen Preisen suchen.<\/p>","protected":false},"featured_media":604,"template":"","meta":[],"product_brand":[28],"product_cat":[25,295],"product_tag":[76,401,426,425,424],"class_list":{"0":"post-603","1":"product","2":"type-product","3":"status-publish","4":"has-post-thumbnail","6":"product_brand-meditapes","7":"product_cat-elastic-adhesive-bandages","8":"product_cat-eab","9":"product_tag-bulk-medical-tape","10":"product_tag-custom-printed-bandage","11":"product_tag-sports-tape-manufacturer","12":"product_tag-wholesale-eab","13":"product_tag-wholesale-heavy-elastic-adhesive-bandage","15":"first","16":"instock","17":"shipping-taxable","18":"product-type-simple"},"_links":{"self":[{"href":"https:\/\/meditapes.com\/de\/wp-json\/wp\/v2\/product\/603","targetHints":{"allow":["GET"]}}],"collection":[{"href":"https:\/\/meditapes.com\/de\/wp-json\/wp\/v2\/product"}],"about":[{"href":"https:\/\/meditapes.com\/de\/wp-json\/wp\/v2\/types\/product"}],"wp:featuredmedia":[{"embeddable":true,"href":"https:\/\/meditapes.com\/de\/wp-json\/wp\/v2\/media\/604"}],"wp:attachment":[{"href":"https:\/\/meditapes.com\/de\/wp-json\/wp\/v2\/media?parent=603"}],"wp:term":[{"taxonomy":"product_brand","embeddable":true,"href":"https:\/\/meditapes.com\/de\/wp-json\/wp\/v2\/product_brand?post=603"},{"taxonomy":"product_cat","embeddable":true,"href":"https:\/\/meditapes.com\/de\/wp-json\/wp\/v2\/product_cat?post=603"},{"taxonomy":"product_tag","embeddable":true,"href":"https:\/\/meditapes.com\/de\/wp-json\/wp\/v2\/product_tag?post=603"}],"curies":[{"name":"WP","href":"https:\/\/api.w.org\/{rel}","templated":true}]}}