{"id":524,"date":"2025-12-19T15:22:51","date_gmt":"2025-12-19T15:22:51","guid":{"rendered":"https:\/\/meditapes.com\/?post_type=product&#038;p=524"},"modified":"2025-12-19T15:22:52","modified_gmt":"2025-12-19T15:22:52","slug":"wholesale-perforated-adhesive-plaster-rolls","status":"publish","type":"product","link":"https:\/\/meditapes.com\/de\/produkt\/wholesale-perforated-adhesive-plaster-rolls\/","title":{"rendered":"Gro\u00dfhandel f\u00fcr perforierte Heftpflasterrollen \u2013 Medizinischer Gro\u00dfbedarf"},"content":{"rendered":"<h1 id=\"wholesale-perforated-adhesive-plaster-rolls-bulk-medical-supply\">Gro\u00dfhandel f\u00fcr perforierte Heftpflasterrollen \u2013 Medizinischer Gro\u00dfbedarf<\/h1>\n<p><strong>Lieferant:<\/strong> MediTapes<br \/>\n<strong>Gesch\u00e4ftsmodell:<\/strong> Gro\u00dfhandel \/ OEM \/ ODM<\/p>\n<hr \/>\n<h3 id=\"product-overview\">Produkt\u00fcbersicht<\/h3>\n<p>Suchen Sie einen zuverl\u00e4ssigen Partner f\u00fcr <strong>medizinisches Klebeband in gro\u00dfen Mengen<\/strong>? Bei <strong>MediTapes<\/strong>, sind wir spezialisiert auf die Herstellung und Lieferung von hochwertigen <strong>Perforiertes Heftpflaster<\/strong> an globale Distributoren, Krankenh\u00e4user und medizinische Lieferketten.<\/p>\n<p>Unser Produkt ist darauf ausgelegt, den strengen Anforderungen des internationalen Marktes gerecht zu werden, und bietet eine perfekte Balance zwischen Qualit\u00e4t und Wirtschaftlichkeit. Als f\u00fchrender Anbieter von <strong>Pflastern im Gro\u00dfhandel<\/strong>, stellen wir sicher, dass jede Rolle eine gleichm\u00e4\u00dfige Abrollspannung und zuverl\u00e4ssige Haftung bietet, was sie zu einem Basisprodukt f\u00fcr jedes medizinische Inventar macht.<\/p>\n<h3 id=\"why-choose-our-perforated-plaster-for-your-inventory-\">Warum sollten Sie unser perforiertes Pflaster f\u00fcr Ihren Bestand w\u00e4hlen?<\/h3>\n<ul>\n<li><strong>Globale Standardqualit\u00e4t:<\/strong> Unsere <strong>chirurgische Klebebandrolle<\/strong> wird so hergestellt, dass es internationalen medizinischen Standards entspricht. Das perforierte Design gew\u00e4hrleistet Atmungsaktivit\u00e4t, w\u00e4hrend der Zinkoxid-Kleber eine starke, langanhaltende Fixierung bietet.<\/li>\n<li><strong>Kosteneffiziente L\u00f6sungen:<\/strong> Wir bieten wettbewerbsf\u00e4hige Preisstrukturen f\u00fcr Gro\u00dfbestellungen an, die Ihnen helfen, Ihre Gewinnmargen zu maximieren, ohne Abstriche bei der Produktqualit\u00e4t zu machen.<\/li>\n<li><strong>Experten f\u00fcr Individualisierung:<\/strong> Wir sind Spezialisten f\u00fcr <strong>Medizinische OEM-Produkte<\/strong>. Vom Branding auf dem Kern bis hin zu individuellen Box-Designs passen wir das Produkt an Ihre Markenidentit\u00e4t an.<\/li>\n<li><strong>Konsistente Lieferkette:<\/strong> Wir garantieren eine stabile Produktionskapazit\u00e4t und p\u00fcnktliche Lieferung, damit Ihre Lagerbest\u00e4nde stets gesichert sind.<\/li>\n<\/ul>\n<h3 id=\"product-specifications\">Produktspezifikationen<\/h3>\n<p>Wir bieten eine breite Palette an Gr\u00f6\u00dfen an, um den unterschiedlichen Marktanforderungen gerecht zu werden. Unsere flexiblen Produktionslinien erm\u00f6glichen es uns, Spezifikationen exakt nach Ihrer Bestellung zu fertigen.<\/p>\n<table>\n<thead>\n<tr>\n<th style=\"text-align: left;\">Parameter<\/th>\n<th style=\"text-align: left;\">Spezifikationsdetails<\/th>\n<\/tr>\n<\/thead>\n<tbody>\n<tr>\n<td style=\"text-align: left;\"><strong>Produktname<\/strong><\/td>\n<td style=\"text-align: left;\"><strong>Perforiertes Heftpflaster<\/strong><\/td>\n<\/tr>\n<tr>\n<td style=\"text-align: left;\"><strong>Material<\/strong><\/td>\n<td style=\"text-align: left;\">Baumwollgewebe mit Zinkoxid-Kleber<\/td>\n<\/tr>\n<tr>\n<td style=\"text-align: left;\"><strong>Breitenoptionen<\/strong><\/td>\n<td style=\"text-align: left;\"><strong>5 cm \/ 10 cm \/ 12 cm \/ 18 cm<\/strong> (Umfassendes Sortiment)<\/td>\n<\/tr>\n<tr>\n<td style=\"text-align: left;\"><strong>Standardl\u00e4nge<\/strong><\/td>\n<td style=\"text-align: left;\"><strong>5 m<\/strong><\/td>\n<\/tr>\n<tr>\n<td style=\"text-align: left;\"><strong>Farboptionen<\/strong><\/td>\n<td style=\"text-align: left;\"><strong>Hautfarben (Fleischfarben) \/ Wei\u00df<\/strong><\/td>\n<\/tr>\n<tr>\n<td style=\"text-align: left;\"><strong>Haftung<\/strong><\/td>\n<td style=\"text-align: left;\">Stark, zuverl\u00e4ssig, druckempfindlich<\/td>\n<\/tr>\n<tr>\n<td style=\"text-align: left;\"><strong>Verpackung<\/strong><\/td>\n<td style=\"text-align: left;\"><strong>Gem\u00e4\u00df Kundenanforderungen<\/strong> (Individueller Druck, Gro\u00dfpackung)<\/td>\n<\/tr>\n<\/tbody>\n<\/table>\n<h3 id=\"ideal-for-distributors-institutional-buyers\">Ideal f\u00fcr Distributoren und institutionelle K\u00e4ufer<\/h3>\n<p>Unsere <strong>Pflastern im Gro\u00dfhandel<\/strong> ist die perfekte Erg\u00e4nzung f\u00fcr das Produktportfolio von:<\/p>\n<ol>\n<li><strong>Medizinische Gro\u00dfh\u00e4ndler:<\/strong> Auf der Suche nach schnelldrehenden Verbrauchsmaterialien in gro\u00dfen Mengen.<\/li>\n<li><strong>Krankenhausbeschaffung:<\/strong> Beschaffung kosteneffizienter <strong>chirurgische Klebebandrolle<\/strong> L\u00f6sungen f\u00fcr den t\u00e4glichen Stationsbedarf.<\/li>\n<li><strong>Apothekenketten:<\/strong> Bedarf an Eigenmarken <strong>Medizinische OEM-Produkte<\/strong> zum Aufbau von Markenloyalit\u00e4t.<\/li>\n<li><strong>Hersteller von Verbandsk\u00e4sten:<\/strong> Bedarf an zuverl\u00e4ssigen Komponenten f\u00fcr medizinische Sets.<\/li>\n<\/ol>\n<h3 id=\"custom-packaging-oem-services\">Individuelle Verpackung &amp; OEM-Dienstleistungen<\/h3>\n<p>Eine unserer Hauptst\u00e4rken ist Flexibilit\u00e4t. Wie in unseren Produktparametern angegeben, erfolgt unsere <strong>Verpackung nach Kundenwunsch<\/strong>.<\/p>\n<ul>\n<li><strong>Eigenmarke:<\/strong> Ihr Logo auf der Schachtel und der Spule.<\/li>\n<li><strong>Sortierte Gr\u00f6\u00dfen:<\/strong> Wir k\u00f6nnen verschiedene Breiten (z. B. 5 cm und 10 cm) in spezifischen Sendungen kombinieren.<\/li>\n<li><strong>Sprachlokalisierung:<\/strong> Verpackungstext angepasst an Ihre lokale Landessprache.<\/li>\n<\/ul>\n<hr \/>\n<h3 id=\"request-a-quote-partner-with-meditapes\">Angebot anfordern \/ Partner von MediTapes werden<\/h3>\n<p>Skalieren Sie Ihr Gesch\u00e4ft mit Premiumprodukten <strong>medizinisches Klebeband in gro\u00dfen Mengen<\/strong> von einem vertrauensw\u00fcrdigen Hersteller. Kontaktieren Sie uns noch heute f\u00fcr unsere aktuelle Preisliste und OEM-Optionen.<\/p>\n<ul>\n<li><strong>Website:<\/strong> <a href=\"https:\/\/meditapes.com\/de\/\" target=\"_blank\" rel=\"noopener\">https:\/\/meditapes.com\/<\/a><\/li>\n<li><strong>Kontaktseite:<\/strong> <a href=\"https:\/\/meditapes.com\/de\/kontaktieren-sie-uns\/\" target=\"_blank\" rel=\"noopener\">https:\/\/meditapes.com\/contact-us\/<\/a><\/li>\n<li><strong>E-Mail f\u00fcr B2B-Anfragen:<\/strong> <a href=\"mailto:info@meditapes.com\" target=\"_blank\" rel=\"noopener\">info@meditapes.com<\/a><\/li>\n<\/ul>\n<hr \/>","protected":false},"excerpt":{"rendered":"<p>Suchen Sie nach perforierten Heftpflastern in gro\u00dfen Mengen? Wir liefern hochwertige, kosteneffiziente Pflasterrollen f\u00fcr globale Distributoren. Merkmale sind eine gleichm\u00e4\u00dfige Abrollspannung und zuverl\u00e4ssige Haftung. Unser perforiertes medizinisches Pflaster entspricht internationalen Standards. Kontaktieren Sie uns f\u00fcr OEM-Verpackungen und wettbewerbsf\u00e4hige Preise.<\/p>","protected":false},"featured_media":525,"template":"","meta":[],"product_brand":[28],"product_cat":[63,22],"product_tag":[76,287,288,286],"class_list":{"0":"post-524","1":"product","2":"type-product","3":"status-publish","4":"has-post-thumbnail","6":"product_brand-meditapes","7":"product_cat-perforated-adhesive-plaster","8":"product_cat-surgical-tapes","9":"product_tag-bulk-medical-tape","10":"product_tag-oem-medical-supplies","11":"product_tag-surgical-tape-roll","12":"product_tag-wholesale-plaster","14":"first","15":"instock","16":"shipping-taxable","17":"product-type-simple"},"_links":{"self":[{"href":"https:\/\/meditapes.com\/de\/wp-json\/wp\/v2\/product\/524","targetHints":{"allow":["GET"]}}],"collection":[{"href":"https:\/\/meditapes.com\/de\/wp-json\/wp\/v2\/product"}],"about":[{"href":"https:\/\/meditapes.com\/de\/wp-json\/wp\/v2\/types\/product"}],"wp:featuredmedia":[{"embeddable":true,"href":"https:\/\/meditapes.com\/de\/wp-json\/wp\/v2\/media\/525"}],"wp:attachment":[{"href":"https:\/\/meditapes.com\/de\/wp-json\/wp\/v2\/media?parent=524"}],"wp:term":[{"taxonomy":"product_brand","embeddable":true,"href":"https:\/\/meditapes.com\/de\/wp-json\/wp\/v2\/product_brand?post=524"},{"taxonomy":"product_cat","embeddable":true,"href":"https:\/\/meditapes.com\/de\/wp-json\/wp\/v2\/product_cat?post=524"},{"taxonomy":"product_tag","embeddable":true,"href":"https:\/\/meditapes.com\/de\/wp-json\/wp\/v2\/product_tag?post=524"}],"curies":[{"name":"WP","href":"https:\/\/api.w.org\/{rel}","templated":true}]}}