{"id":481,"date":"2025-12-18T16:11:15","date_gmt":"2025-12-18T16:11:15","guid":{"rendered":"https:\/\/meditapes.com\/?post_type=product&#038;p=481"},"modified":"2025-12-18T16:11:16","modified_gmt":"2025-12-18T16:11:16","slug":"flexible-pu-folienruckhalterolle","status":"publish","type":"product","link":"https:\/\/meditapes.com\/de\/produkt\/flexible-pu-folienruckhalterolle\/","title":{"rendered":"Flexibler PU-Folien-Fixierrollverband \u2013 Wasserdichte IV- und Kan\u00fclenfixierung"},"content":{"rendered":"<p>Bei <strong>MediTapes<\/strong>, wir wissen, dass die Fixierung in der Patientenversorgung von entscheidender Bedeutung ist. Unsere <strong>Flexible PU-Folien-Fixierrolle<\/strong> ist eine medizinische Hochleistungsl\u00f6sung, die speziell f\u00fcr die strengen Anforderungen der <strong>wasserfesten Infusions- und Kan\u00fclenfixierung entwickelt wurde<\/strong>. Diese transparente Folie wurde so konzipiert, dass sie wie eine zweite Haut wirkt und ein optimales Gleichgewicht zwischen sicherer Haftung und Patientenkomfort bietet.<\/p>\n<h2 id=\"product-overview\">Produkt\u00fcbersicht<\/h2>\n<p>Die <strong>Flexible Fixierrolle<\/strong> erm\u00f6glicht es medizinischem Fachpersonal, Verb\u00e4nde, Katheter und Schl\u00e4uche sicher zu fixieren. Im Gegensatz zu starren Klebeb\u00e4ndern ist unsere ultrad\u00fcnne Polyurethanfolie hochelastisch und passt sich nahtlos an K\u00f6rperkonturen und Gelenke an. Dies stellt sicher, dass der Patient die volle Bewegungsfreiheit beh\u00e4lt, ohne die Integrit\u00e4t des Verbandes zu beeintr\u00e4chtigen.<\/p>\n<p>Entscheidend ist, dass diese Folie als wirksame <strong>Bakterienbarriere fungiert<\/strong>, wodurch eine sterile Umgebung um die Einstichstelle geschaffen wird, die das Infektionsrisiko erheblich senkt. Ob f\u00fcr die postoperative Pflege oder die langfristige <strong>Kan\u00fclenfixierung<\/strong>, diese Rolle ist ein unverzichtbares Hilfsmittel f\u00fcr moderne Protokolle zur Infektionskontrolle.<\/p>\n<h2 id=\"technical-specifications\">Technische Spezifikationen<\/h2>\n<p>Nach h\u00f6chsten medizinischen Standards gefertigt, lauten die Spezifikationen f\u00fcr unsere PU-Folienrolle wie folgt:<\/p>\n<table>\n<thead>\n<tr>\n<th style=\"text-align: left;\">Parameter<\/th>\n<th style=\"text-align: left;\">Spezifikationsdetails<\/th>\n<\/tr>\n<\/thead>\n<tbody>\n<tr>\n<td style=\"text-align: left;\"><strong>Produktname<\/strong><\/td>\n<td style=\"text-align: left;\"><strong>Flexible PU-Folien-Fixierrolle<\/strong><\/td>\n<\/tr>\n<tr>\n<td style=\"text-align: left;\"><strong>Material<\/strong><\/td>\n<td style=\"text-align: left;\">Wasserdichte Polyurethan (PU)-Folie<\/td>\n<\/tr>\n<tr>\n<td style=\"text-align: left;\"><strong>Klebstoff<\/strong><\/td>\n<td style=\"text-align: left;\">Hypoallergenes Acryl in medizinischer Qualit\u00e4t<\/td>\n<\/tr>\n<tr>\n<td style=\"text-align: left;\"><strong>Farbe<\/strong><\/td>\n<td style=\"text-align: left;\"><strong>Transparent<\/strong> (Hohe Sichtbarkeit zur \u00dcberwachung der Einstichstelle)<\/td>\n<\/tr>\n<tr>\n<td style=\"text-align: left;\"><strong>Breitenoptionen<\/strong><\/td>\n<td style=\"text-align: left;\"><strong>2,5 cm \/ 5 cm \/ 10 cm \/ 15 cm<\/strong><\/td>\n<\/tr>\n<tr>\n<td style=\"text-align: left;\"><strong>L\u00e4ngenoptionen<\/strong><\/td>\n<td style=\"text-align: left;\"><strong>5m \/ 10m<\/strong><\/td>\n<\/tr>\n<tr>\n<td style=\"text-align: left;\"><strong>Sterilit\u00e4t<\/strong><\/td>\n<td style=\"text-align: left;\">Nicht steril (Rollenformat)<\/td>\n<\/tr>\n<tr>\n<td style=\"text-align: left;\"><strong>Verpackung<\/strong><\/td>\n<td style=\"text-align: left;\"><strong>Gem\u00e4\u00df Kundenanforderungen<\/strong><\/td>\n<\/tr>\n<\/tbody>\n<\/table>\n<h2 id=\"key-features-benefits\">Hauptmerkmale &amp; Vorteile<\/h2>\n<ul>\n<li><strong>Effektive Bakterienbarriere:<\/strong> Die semipermeable Struktur verhindert das Eindringen von Wasser, Schmutz und Mikroben und dient als zuverl\u00e4ssige <strong>Bakterienbarriere fungiert<\/strong> , um postoperative Wundinfektionen (SSIs) und katheterassoziierte Blutstrominfektionen (CRBSIs) zu minimieren.<\/li>\n<li><strong>Wasserdicht &amp; Atmungsaktiv:<\/strong> Patienten k\u00f6nnen unbesorgt duschen und baden. Die Folie blockiert fl\u00fcssiges Wasser, l\u00e4sst aber Wasserdampf entweichen, wodurch eine Hautmazeration unter dem <strong>IV-Fixierverband<\/strong>.<\/li>\n<li><strong>Hohe Elastizit\u00e4t &amp; Komfort:<\/strong> Die <strong>Flexible Fixierrolle<\/strong> dehnt sich mit der Haut. Er ist ideal f\u00fcr die Anwendung an Ellbogen, Knien und im Nackenbereich, wo Bewegungen normalerweise dazu f\u00fchren, dass sich Verb\u00e4nde abl\u00f6sen.<\/li>\n<li><strong>Visuelle \u00dcberwachung:<\/strong> Die kristallklare Transparenz erm\u00f6glicht es dem Pflegepersonal, die Infusionsstelle oder das Wundbett auf Phlebitis oder Entz\u00fcndungen zu untersuchen, ohne den <strong>Kan\u00fclenfixierung<\/strong>,  zu entfernen, was Zeit spart und Traumata reduziert.<\/li>\n<li><strong>R\u00fcckseite im Gitterformat:<\/strong> Das Tr\u00e4gerpapier ist mit einem aufgedruckten Raster versehen, das ein pr\u00e4zises Ausmessen und Zuschneiden erm\u00f6glicht und so den Abfall im klinischen Umfeld reduziert.<\/li>\n<\/ul>\n<h2 id=\"clinical-applications\">Klinische Anwendungen<\/h2>\n<p>Dieses Produkt ist vielseitig einsetzbar, aber speziell optimiert f\u00fcr:<\/p>\n<ol>\n<li><strong>IV- &amp; Kan\u00fclenfixierung:<\/strong> Bietet eine sichere, wasserdichte Versiegelung f\u00fcr periphere Verweilkan\u00fclen, ZVKs und PICC-Leitungen.<\/li>\n<li><strong>Katheterfixierung:<\/strong> verankert Schl\u00e4uche effektiv, um ein versehentliches Herausrutschen zu verhindern.<\/li>\n<li><strong>Fixierung von Wundverb\u00e4nden:<\/strong> H\u00e4lt Prim\u00e4rverb\u00e4nde (Gaze, Schaumstoff, Alginate) sicher an ihrem Platz.<\/li>\n<li><strong>Tattoo- &amp; Hautschutz:<\/strong> Sch\u00fctzt frische T\u00e4towierungen oder empfindliche Haut vor Reibung und Wasser.<\/li>\n<\/ol>\n<h2 id=\"why-choose-meditapes-\">Warum MediTapes w\u00e4hlen?<\/h2>\n<p><strong>MediTapes<\/strong> ist Ihr engagierter Partner f\u00fcr medizinische Verbrauchsmaterialien. Wir legen Wert auf Qualit\u00e4t, Sicherheit und Zuverl\u00e4ssigkeit der Lieferkette. Unser <strong>Flexible Fixierrolle<\/strong> wird auf hypoallergene Eigenschaften getestet, um sicherzustellen, dass es f\u00fcr Patienten mit empfindlicher Haut sicher ist.<\/p>\n<h3 id=\"contact-us-for-orders\">Kontaktieren Sie uns f\u00fcr Bestellungen<\/h3>\n<p>Erweitern Sie Ihr medizinisches Inventar mit unserem fortschrittlichen <strong>IV-Fixierverband<\/strong> L\u00f6sungen noch heute.<\/p>\n<ul>\n<li><strong>Besuchen Sie unsere Website:<\/strong> <a href=\"https:\/\/meditapes.com\/de\/\" target=\"_blank\" rel=\"noopener\">https:\/\/meditapes.com\/<\/a><\/li>\n<li><strong>Kontaktieren Sie unser Team:<\/strong> <a href=\"https:\/\/meditapes.com\/de\/kontaktieren-sie-uns\/\" target=\"_blank\" rel=\"noopener\">https:\/\/meditapes.com\/contact-us\/<\/a><\/li>\n<li><strong>E-Mail an uns:<\/strong> <a href=\"mailto:info@meditapes.com\" target=\"_blank\" rel=\"noopener\">info@meditapes.com<\/a><\/li>\n<\/ul>","protected":false},"excerpt":{"rendered":"<p>Sichern Sie die Stabilit\u00e4t mit unserer flexiblen PU-Folien-Fixierrolle, die speziell f\u00fcr die wasserfeste Fixierung von Infusionen und Kan\u00fclen entwickelt wurde. Die ultrad\u00fcnne Polyurethanfolie fungiert als Bakterienbarriere und senkt das Infektionsrisiko. Ihre Elastizit\u00e4t erm\u00f6glicht den Patienten volle Bewegungsfreiheit, was sie zu einem Standardprodukt f\u00fcr die postoperative Pflege und Kathetersicherung macht.<\/p>","protected":false},"featured_media":482,"template":"","meta":[],"product_brand":[28],"product_cat":[58,22],"product_tag":[214,213,211,212],"class_list":{"0":"post-481","1":"product","2":"type-product","3":"status-publish","4":"has-post-thumbnail","6":"product_brand-meditapes","7":"product_cat-pu-film-dressing-roll","8":"product_cat-surgical-tapes","9":"product_tag-bacteria-barrier","10":"product_tag-cannula-securement","11":"product_tag-flexible-retention-roll","12":"product_tag-iv-fixation-dressing","14":"first","15":"instock","16":"shipping-taxable","17":"product-type-simple"},"_links":{"self":[{"href":"https:\/\/meditapes.com\/de\/wp-json\/wp\/v2\/product\/481","targetHints":{"allow":["GET"]}}],"collection":[{"href":"https:\/\/meditapes.com\/de\/wp-json\/wp\/v2\/product"}],"about":[{"href":"https:\/\/meditapes.com\/de\/wp-json\/wp\/v2\/types\/product"}],"wp:featuredmedia":[{"embeddable":true,"href":"https:\/\/meditapes.com\/de\/wp-json\/wp\/v2\/media\/482"}],"wp:attachment":[{"href":"https:\/\/meditapes.com\/de\/wp-json\/wp\/v2\/media?parent=481"}],"wp:term":[{"taxonomy":"product_brand","embeddable":true,"href":"https:\/\/meditapes.com\/de\/wp-json\/wp\/v2\/product_brand?post=481"},{"taxonomy":"product_cat","embeddable":true,"href":"https:\/\/meditapes.com\/de\/wp-json\/wp\/v2\/product_cat?post=481"},{"taxonomy":"product_tag","embeddable":true,"href":"https:\/\/meditapes.com\/de\/wp-json\/wp\/v2\/product_tag?post=481"}],"curies":[{"name":"WP","href":"https:\/\/api.w.org\/{rel}","templated":true}]}}